{"id":111,"date":"2020-05-07T15:47:44","date_gmt":"2020-05-07T13:47:44","guid":{"rendered":"http:\/\/franczak-wp.webhost2.casc.at\/?page_id=111"},"modified":"2026-01-28T15:33:02","modified_gmt":"2026-01-28T14:33:02","slug":"chirurg-1090-wien","status":"publish","type":"page","link":"https:\/\/www.dr-franczak.com\/en\/chirurg-1090-wien\/","title":{"rendered":"Profile"},"content":{"rendered":"<div data-elementor-type=\"wp-page\" data-elementor-id=\"111\" class=\"elementor elementor-111\" data-elementor-post-type=\"page\">\n\t\t\t\t\t\t<section class=\"elementor-section elementor-top-section elementor-element elementor-element-193a8e10 elementor-section-boxed elementor-section-height-default elementor-section-height-default\" data-id=\"193a8e10\" data-element_type=\"section\" data-e-type=\"section\">\n\t\t\t\t\t\t<div class=\"elementor-container elementor-column-gap-default\">\n\t\t\t\t\t<div class=\"elementor-column elementor-col-33 elementor-top-column elementor-element elementor-element-2358387e\" data-id=\"2358387e\" data-element_type=\"column\" data-e-type=\"column\">\n\t\t\t<div class=\"elementor-widget-wrap elementor-element-populated\">\n\t\t\t\t\t\t<div class=\"elementor-element elementor-element-591dd6ad dce_masking-none elementor-widget elementor-widget-image\" data-id=\"591dd6ad\" data-element_type=\"widget\" data-e-type=\"widget\" data-widget_type=\"image.default\">\n\t\t\t\t<div class=\"elementor-widget-container\">\n\t\t\t\t\t\t\t\t\t\t\t\t\t\t\t<img fetchpriority=\"high\" decoding=\"async\" width=\"800\" height=\"586\" src=\"https:\/\/www.dr-franczak.com\/wp-content\/uploads\/2020\/08\/dr-franczak.jpg\" class=\"attachment-large size-large wp-image-1133\" alt=\"Dr Franczak Profilbild - Chirurg Wien\" srcset=\"https:\/\/www.dr-franczak.com\/wp-content\/uploads\/2020\/08\/dr-franczak.jpg 1024w, https:\/\/www.dr-franczak.com\/wp-content\/uploads\/2020\/08\/dr-franczak-300x220.jpg 300w, https:\/\/www.dr-franczak.com\/wp-content\/uploads\/2020\/08\/dr-franczak-768x563.jpg 768w\" sizes=\"(max-width: 800px) 100vw, 800px\" \/>\t\t\t\t\t\t\t\t\t\t\t\t\t\t\t<\/div>\n\t\t\t\t<\/div>\n\t\t\t\t\t<\/div>\n\t\t<\/div>\n\t\t\t\t<div class=\"elementor-column elementor-col-33 elementor-top-column elementor-element elementor-element-4a0e0247\" data-id=\"4a0e0247\" data-element_type=\"column\" data-e-type=\"column\">\n\t\t\t<div class=\"elementor-widget-wrap\">\n\t\t\t\t\t\t\t<\/div>\n\t\t<\/div>\n\t\t\t\t<div class=\"elementor-column elementor-col-33 elementor-top-column elementor-element elementor-element-5801a829\" data-id=\"5801a829\" data-element_type=\"column\" data-e-type=\"column\">\n\t\t\t<div class=\"elementor-widget-wrap elementor-element-populated\">\n\t\t\t\t\t\t<div data-dce-title-color=\"#777777\" class=\"elementor-element elementor-element-2af190f2 elementor-widget elementor-widget-heading\" data-id=\"2af190f2\" data-element_type=\"widget\" data-e-type=\"widget\" data-widget_type=\"heading.default\">\n\t\t\t\t<div class=\"elementor-widget-container\">\n\t\t\t\t\t<h1 class=\"elementor-heading-title elementor-size-default\">Welcome to my Website <br>Dr. med. Andreas Franczak<\/h1>\t\t\t\t<\/div>\n\t\t\t\t<\/div>\n\t\t\t\t<div class=\"elementor-element elementor-element-555859d2 elementor-widget elementor-widget-text-editor\" data-id=\"555859d2\" data-element_type=\"widget\" data-e-type=\"widget\" data-widget_type=\"text-editor.default\">\n\t\t\t\t<div class=\"elementor-widget-container\">\n\t\t\t\t\t\t\t\t\t<p>I am a surgeon with an experience of many years as the Head of Surgery in the hospitals of \"Diakonie South Westphalia\" and consultant at the Department of Surgery of the University Hospital Bochum\/ Germany. Beside the speciality in the general surgery I possess the specialities of vascular surgery and visceral surgery. Additionally to the activity in my office, I am consultant in the private hospitals in Vienna and work in the state hospital Floridsdorf as consultant in general surgery. I invite you to inform yourself about the diseases treated and to visit me at my office.<\/p><p>Yours sincerely<\/p>\t\t\t\t\t\t\t\t<\/div>\n\t\t\t\t<\/div>\n\t\t\t\t<div class=\"elementor-element elementor-element-2ae009f elementor-absolute dce_masking-none elementor-widget elementor-widget-image\" data-id=\"2ae009f\" data-element_type=\"widget\" data-e-type=\"widget\" data-settings=\"{&quot;_position&quot;:&quot;absolute&quot;}\" data-widget_type=\"image.default\">\n\t\t\t\t<div class=\"elementor-widget-container\">\n\t\t\t\t\t\t\t\t\t\t\t\t\t\t\t<img decoding=\"async\" src=\"https:\/\/www.dr-franczak.com\/wp-content\/uploads\/elementor\/thumbs\/dr-franczak-unterschrift-qzxsxe1my85itsalk7wywicyy828qfht9elqkn6h5g.png\" title=\"Dr Franczak Unterschrift &#8211; Profil\" alt=\"Dr Franczak Unterschrift - Profil\" loading=\"lazy\" \/>\t\t\t\t\t\t\t\t\t\t\t\t\t\t\t<\/div>\n\t\t\t\t<\/div>\n\t\t\t\t\t<\/div>\n\t\t<\/div>\n\t\t\t\t\t<\/div>\n\t\t<\/section>\n\t\t\t\t<section class=\"elementor-section elementor-top-section elementor-element elementor-element-360adc26 elementor-section-boxed elementor-section-height-default elementor-section-height-default\" data-id=\"360adc26\" data-element_type=\"section\" data-e-type=\"section\">\n\t\t\t\t\t\t<div class=\"elementor-container elementor-column-gap-default\">\n\t\t\t\t\t<div class=\"elementor-column elementor-col-100 elementor-top-column elementor-element elementor-element-790a2d08\" data-id=\"790a2d08\" data-element_type=\"column\" data-e-type=\"column\">\n\t\t\t<div class=\"elementor-widget-wrap elementor-element-populated\">\n\t\t\t\t\t\t<div class=\"elementor-element elementor-element-6c0387a9 elementor-widget elementor-widget-heading\" data-id=\"6c0387a9\" data-element_type=\"widget\" data-e-type=\"widget\" data-widget_type=\"heading.default\">\n\t\t\t\t<div class=\"elementor-widget-container\">\n\t\t\t\t\t<h2 class=\"elementor-heading-title elementor-size-default\">CV<\/h2>\t\t\t\t<\/div>\n\t\t\t\t<\/div>\n\t\t\t\t<div class=\"elementor-element elementor-element-14a86871 elementor-widget-divider--view-line elementor-widget elementor-widget-divider\" data-id=\"14a86871\" data-element_type=\"widget\" data-e-type=\"widget\" data-widget_type=\"divider.default\">\n\t\t\t\t<div class=\"elementor-widget-container\">\n\t\t\t\t\t\t\t<div class=\"elementor-divider\">\n\t\t\t<span class=\"elementor-divider-separator\">\n\t\t\t\t\t\t<\/span>\n\t\t<\/div>\n\t\t\t\t\t\t<\/div>\n\t\t\t\t<\/div>\n\t\t\t\t<section class=\"elementor-section elementor-inner-section elementor-element elementor-element-1ca8400 elementor-section-boxed elementor-section-height-default elementor-section-height-default\" data-id=\"1ca8400\" data-element_type=\"section\" data-e-type=\"section\">\n\t\t\t\t\t\t<div class=\"elementor-container elementor-column-gap-default\">\n\t\t\t\t\t<div class=\"elementor-column elementor-col-33 elementor-inner-column elementor-element elementor-element-22b1c22\" data-id=\"22b1c22\" data-element_type=\"column\" data-e-type=\"column\">\n\t\t\t<div class=\"elementor-widget-wrap elementor-element-populated\">\n\t\t\t\t\t\t<div data-dce-title-color=\"#777777\" class=\"elementor-element elementor-element-045f18d elementor-widget elementor-widget-heading\" data-id=\"045f18d\" data-element_type=\"widget\" data-e-type=\"widget\" data-widget_type=\"heading.default\">\n\t\t\t\t<div class=\"elementor-widget-container\">\n\t\t\t\t\t<h2 class=\"elementor-heading-title elementor-size-default\">Education<\/h2>\t\t\t\t<\/div>\n\t\t\t\t<\/div>\n\t\t\t\t<div class=\"elementor-element elementor-element-b734a7f elementor-widget elementor-widget-text-editor\" data-id=\"b734a7f\" data-element_type=\"widget\" data-e-type=\"widget\" data-widget_type=\"text-editor.default\">\n\t\t\t\t<div class=\"elementor-widget-container\">\n\t\t\t\t\t\t\t\t\t<p><strong>Till 1989: <\/strong>Study of Visceral Surgery: University \"Louis Pasteur\"- Strasbourg, France<\/p><p><strong>1990: <\/strong>Full registration- Germany<\/p><p><strong>1994: <\/strong>PhD- \"Doktor der Medizin\", Medical Faculty of the Saarland University, Homburg- Saar, Germany<\/p><p><strong>1995: <\/strong>Specialist in General Surgery granted by Medical Association Munster, Germany<\/p><p><strong>1996: <\/strong>Certificate of Accident Medicine, granted by Medical Association Munster, Germany<\/p><p><strong>1998: <\/strong>Specialist in Vascular Surgery (Munster- Germany)<\/p><p><strong>2000: <\/strong>Specialist in Visceral Surgery (Munster- Germany)<\/p><p><strong>2000\u20132001: <\/strong>Study of Business Administration of Health and Social Institutions, University of Kaiserslautern, Germany<\/p><p><strong>2005: <\/strong>Priority designation (additive doctor) trauma surgery<\/p><p><strong>2011: <\/strong>FEBS (European Board of Surgery Qualifications) Honorary Diploma<\/p><p><strong>2017: <\/strong>Appointed consultant for general surgery and vascular surgery at the health authority of the Kingdom of Saudi Arabia<\/p>\t\t\t\t\t\t\t\t<\/div>\n\t\t\t\t<\/div>\n\t\t\t\t\t<\/div>\n\t\t<\/div>\n\t\t\t\t<div class=\"elementor-column elementor-col-33 elementor-inner-column elementor-element elementor-element-8f0e1ab\" data-id=\"8f0e1ab\" data-element_type=\"column\" data-e-type=\"column\">\n\t\t\t<div class=\"elementor-widget-wrap elementor-element-populated\">\n\t\t\t\t\t\t<div data-dce-title-color=\"#777777\" class=\"elementor-element elementor-element-04fcb13 elementor-widget elementor-widget-heading\" data-id=\"04fcb13\" data-element_type=\"widget\" data-e-type=\"widget\" data-widget_type=\"heading.default\">\n\t\t\t\t<div class=\"elementor-widget-container\">\n\t\t\t\t\t<h2 class=\"elementor-heading-title elementor-size-default\">Employment<\/h2>\t\t\t\t<\/div>\n\t\t\t\t<\/div>\n\t\t\t\t<div class=\"elementor-element elementor-element-35714df elementor-widget elementor-widget-text-editor\" data-id=\"35714df\" data-element_type=\"widget\" data-e-type=\"widget\" data-widget_type=\"text-editor.default\">\n\t\t\t\t<div class=\"elementor-widget-container\">\n\t\t\t\t\t\t\t\t\t<p><strong>1988\u20131989:<\/strong> Resident in Colmar and Saarguemines (France)<\/p><p><strong>1990:<\/strong> Resident physician in the clinic for trauma, hand and plastic surgery in the Winterberg Hospital, Saarbr\u00fccken (D)<\/p><p><strong>1990\u20131995:<\/strong> Assistant doctor in the clinic for general, vascular, thoracic and trauma surgery of the Ev. Jung Stilling Hospital in Siegen (D)<\/p><p><strong>1995\u20132003<\/strong>: Senior Physician in the above Clinic. Since May 1998 permanent deputy of the chief physician in the field of visceral, thorax and vascular surgery.<\/p><p><strong>Since January 2000:<\/strong> Authorization to participate in the contract medical care<\/p><p><strong>2003\u20132006<\/strong>: Senior consultant for visceral and vascular surgery in the surgical university clinic BG \"Bergmannsheil\" in Bochum, regular teaching at the medical faculty of the Ruhr University Bochum (D)<\/p><p><strong>2006\u20132008:<\/strong> Chief physician of vascular and trauma surgery, D-doctor, St. Josefs Hospital Bochum-Linden (D) (Helios Klinik)<\/p><p><strong>2008\u20132010:<\/strong> Chief physician of general, visceral and vascular surgery, Diakonie Klinikum Siegerland: Bethesda Hospital in Freudenberg and Evangelical Hospital in Kredenbach-Kreuztal (D).<\/p><p><strong>2016\u20132020:<\/strong> Consultant for general and vascular surgery, Riyad, Saudi Arabia<\/p><p><strong>Since 2020:<\/strong> Consultant in the department of General surgery in the Hospital Floridsdorf, Vienna<\/p><p><strong>Since 2011:<\/strong> Private practice in Vienna, Activity as an attending physician in the Vienna private hospitals<\/p>\t\t\t\t\t\t\t\t<\/div>\n\t\t\t\t<\/div>\n\t\t\t\t\t<\/div>\n\t\t<\/div>\n\t\t\t\t<div class=\"elementor-column elementor-col-33 elementor-inner-column elementor-element elementor-element-7760ee9\" data-id=\"7760ee9\" data-element_type=\"column\" data-e-type=\"column\">\n\t\t\t<div class=\"elementor-widget-wrap elementor-element-populated\">\n\t\t\t\t\t\t<div data-dce-title-color=\"#777777\" class=\"elementor-element elementor-element-b2a99db elementor-widget elementor-widget-heading\" data-id=\"b2a99db\" data-element_type=\"widget\" data-e-type=\"widget\" data-widget_type=\"heading.default\">\n\t\t\t\t<div class=\"elementor-widget-container\">\n\t\t\t\t\t<h2 class=\"elementor-heading-title elementor-size-default\">Training<\/h2>\t\t\t\t<\/div>\n\t\t\t\t<\/div>\n\t\t\t\t<div class=\"elementor-element elementor-element-5824933 elementor-widget elementor-widget-text-editor\" data-id=\"5824933\" data-element_type=\"widget\" data-e-type=\"widget\" data-widget_type=\"text-editor.default\">\n\t\t\t\t<div class=\"elementor-widget-container\">\n\t\t\t\t\t\t\t\t\t<p><strong>Nov. 88-May 89:<\/strong> University Diploma in Sonography (Cetrificat d\u2019Universit\u00e9 d\u2019\u00e9chographie clinique) Facult\u00e9 de M\u00e9decine, Universit\u00e9 \u201cLouis Pasteur\u201d, Strasbourg (F)<\/p><p><strong>1994:<\/strong> Internship at the Department of Surgery (Prof. A. Warshaw), Massachusetts General Hospital - Harvard Medical School, Boston (USA)<\/p><p><strong>1997:<\/strong> Advanced course in laparascopic gastric surgery. Hamburg- Norderstedt (D)<\/p><p><strong>1997:<\/strong> European Congress of Angiology (lecture). Warsaw (PL)<\/p><p><strong>1997\u20131998:<\/strong> Basic, advanced and final course in Doppler and duplex sonography of the extracranial brain supplying vessels. William Harvey Clinic, Bad Nauheim (D).<\/p><p><strong>2000:<\/strong> Internship at the Clinic for General and Transplant Surgery (Prof. C. Brolesch), University Hospital Essen (D)<\/p><p><strong>2001:<\/strong> Annual meeting of the Surgical Infection Society-Europe. Gdansk, (PL)<\/p><p><strong>2002:<\/strong> Symposium and workshop: \"Laparoscopic and conventional scar hernia repair\" Baden-Baden (D)<\/p><p><strong>2003:<\/strong> Symposium \"Contemporary Aspects of Vascular Biology and Medicine\", Boston, (USA)<\/p><p><strong>2004:<\/strong> Symposium \"Minimally Invasive Surgery and Carcinoma\" Bremen (D)<\/p><p><strong>2006:<\/strong> VNUS endovenous closure using radio wave energy, Nuremberg (D)<\/p><p><strong>2010:<\/strong> Internship, coloproctology, Prosper Hospital, Recklinghausen (D)<\/p><p><strong>2010:<\/strong> Surgeons Congress, Buenos Aires (ARG)<\/p><p><strong>2017:<\/strong> Lecturer \"Diabetic Foot Syndrome\", Habib Medical Group, Riyad, Saudi Arabia.<\/p><p><strong>1992 until today:<\/strong> Annual participation in the congress of the German Society for Surgery<\/p><p><strong>1996 until today:<\/strong> Annual participation in the congress of the European Society of Vascular Surgery in various European countries<\/p>\t\t\t\t\t\t\t\t<\/div>\n\t\t\t\t<\/div>\n\t\t\t\t\t<\/div>\n\t\t<\/div>\n\t\t\t\t\t<\/div>\n\t\t<\/section>\n\t\t\t\t\t<\/div>\n\t\t<\/div>\n\t\t\t\t\t<\/div>\n\t\t<\/section>\n\t\t\t\t<section class=\"elementor-section elementor-top-section elementor-element elementor-element-6a64f3c elementor-section-boxed elementor-section-height-default elementor-section-height-default\" data-id=\"6a64f3c\" data-element_type=\"section\" data-e-type=\"section\">\n\t\t\t\t\t\t<div class=\"elementor-container elementor-column-gap-default\">\n\t\t\t\t\t<div class=\"elementor-column elementor-col-100 elementor-top-column elementor-element elementor-element-77edbdd\" data-id=\"77edbdd\" data-element_type=\"column\" data-e-type=\"column\">\n\t\t\t<div class=\"elementor-widget-wrap elementor-element-populated\">\n\t\t\t\t\t\t<div class=\"elementor-element elementor-element-a217357 elementor-widget elementor-widget-heading\" data-id=\"a217357\" data-element_type=\"widget\" data-e-type=\"widget\" data-widget_type=\"heading.default\">\n\t\t\t\t<div class=\"elementor-widget-container\">\n\t\t\t\t\t<h2 class=\"elementor-heading-title elementor-size-default\">Awards<\/h2>\t\t\t\t<\/div>\n\t\t\t\t<\/div>\n\t\t\t\t<div class=\"elementor-element elementor-element-535e2d0 elementor-widget-divider--view-line elementor-widget elementor-widget-divider\" data-id=\"535e2d0\" data-element_type=\"widget\" data-e-type=\"widget\" data-widget_type=\"divider.default\">\n\t\t\t\t<div class=\"elementor-widget-container\">\n\t\t\t\t\t\t\t<div class=\"elementor-divider\">\n\t\t\t<span class=\"elementor-divider-separator\">\n\t\t\t\t\t\t<\/span>\n\t\t<\/div>\n\t\t\t\t\t\t<\/div>\n\t\t\t\t<\/div>\n\t\t\t\t<div class=\"elementor-element elementor-element-f85b2d8 elementor-widget__width-auto dce_masking-none elementor-widget elementor-widget-image\" data-id=\"f85b2d8\" data-element_type=\"widget\" data-e-type=\"widget\" data-widget_type=\"image.default\">\n\t\t\t\t<div class=\"elementor-widget-container\">\n\t\t\t\t\t\t\t\t\t\t\t\t\t\t\t<img decoding=\"async\" width=\"212\" height=\"300\" src=\"https:\/\/www.dr-franczak.com\/wp-content\/uploads\/2020\/05\/DHG-Siegel-212x300.png\" class=\"attachment-medium size-medium wp-image-124\" alt=\"DHG Siegel - Profil\" srcset=\"https:\/\/www.dr-franczak.com\/wp-content\/uploads\/2020\/05\/DHG-Siegel-212x300.png 212w, https:\/\/www.dr-franczak.com\/wp-content\/uploads\/2020\/05\/DHG-Siegel-723x1024.png 723w, https:\/\/www.dr-franczak.com\/wp-content\/uploads\/2020\/05\/DHG-Siegel-768x1087.png 768w, https:\/\/www.dr-franczak.com\/wp-content\/uploads\/2020\/05\/DHG-Siegel-1085x1536.png 1085w, https:\/\/www.dr-franczak.com\/wp-content\/uploads\/2020\/05\/DHG-Siegel-1447x2048.png 1447w\" sizes=\"(max-width: 212px) 100vw, 212px\" \/>\t\t\t\t\t\t\t\t\t\t\t\t\t\t\t<\/div>\n\t\t\t\t<\/div>\n\t\t\t\t<div class=\"elementor-element elementor-element-fc7ea82 elementor-widget__width-auto dce_masking-none elementor-widget elementor-widget-image\" data-id=\"fc7ea82\" data-element_type=\"widget\" data-e-type=\"widget\" data-widget_type=\"image.default\">\n\t\t\t\t<div class=\"elementor-widget-container\">\n\t\t\t\t\t\t\t\t\t\t\t\t\t\t\t<img decoding=\"async\" width=\"212\" height=\"300\" src=\"https:\/\/www.dr-franczak.com\/wp-content\/uploads\/2026\/01\/Patients-Choice-Award-2025-1-212x300.jpg\" class=\"attachment-medium size-medium wp-image-2876\" alt=\"Patients Choice Award 2025\" srcset=\"https:\/\/www.dr-franczak.com\/wp-content\/uploads\/2026\/01\/Patients-Choice-Award-2025-1-212x300.jpg 212w, https:\/\/www.dr-franczak.com\/wp-content\/uploads\/2026\/01\/Patients-Choice-Award-2025-1-8x12.jpg 8w, https:\/\/www.dr-franczak.com\/wp-content\/uploads\/2026\/01\/Patients-Choice-Award-2025-1.jpg 670w\" sizes=\"(max-width: 212px) 100vw, 212px\" \/>\t\t\t\t\t\t\t\t\t\t\t\t\t\t\t<\/div>\n\t\t\t\t<\/div>\n\t\t\t\t<div class=\"elementor-element elementor-element-cc813fc elementor-widget__width-auto dce_masking-none elementor-widget elementor-widget-image\" data-id=\"cc813fc\" data-element_type=\"widget\" data-e-type=\"widget\" data-widget_type=\"image.default\">\n\t\t\t\t<div class=\"elementor-widget-container\">\n\t\t\t\t\t\t\t\t\t\t\t\t\t\t\t<img loading=\"lazy\" decoding=\"async\" width=\"212\" height=\"300\" src=\"https:\/\/www.dr-franczak.com\/wp-content\/uploads\/2025\/02\/Patients-Chice-Award-2024-212x300.jpg\" class=\"attachment-medium size-medium wp-image-2742\" alt=\"\" srcset=\"https:\/\/www.dr-franczak.com\/wp-content\/uploads\/2025\/02\/Patients-Chice-Award-2024-212x300.jpg 212w, https:\/\/www.dr-franczak.com\/wp-content\/uploads\/2025\/02\/Patients-Chice-Award-2024-8x12.jpg 8w, https:\/\/www.dr-franczak.com\/wp-content\/uploads\/2025\/02\/Patients-Chice-Award-2024.jpg 670w\" sizes=\"(max-width: 212px) 100vw, 212px\" \/>\t\t\t\t\t\t\t\t\t\t\t\t\t\t\t<\/div>\n\t\t\t\t<\/div>\n\t\t\t\t<div class=\"elementor-element elementor-element-5836f02 elementor-widget__width-auto dce_masking-none elementor-widget elementor-widget-image\" data-id=\"5836f02\" data-element_type=\"widget\" data-e-type=\"widget\" data-widget_type=\"image.default\">\n\t\t\t\t<div class=\"elementor-widget-container\">\n\t\t\t\t\t\t\t\t\t\t\t\t\t\t\t<img decoding=\"async\" src=\"https:\/\/www.dr-franczak.com\/wp-content\/uploads\/elementor\/thumbs\/Qualitaaet-Zertifikat-qzxsxe1kiinhwqokerkxbvuasrvzscyah8wkemutq8.png\" title=\"Qualitaaet Zertifikat\" alt=\"Qualitaaet Zertifikat - Profil\" loading=\"lazy\" \/>\t\t\t\t\t\t\t\t\t\t\t\t\t\t\t<\/div>\n\t\t\t\t<\/div>\n\t\t\t\t<div class=\"elementor-element elementor-element-3e1ab8f elementor-widget__width-auto dce_masking-none elementor-widget elementor-widget-image\" data-id=\"3e1ab8f\" data-element_type=\"widget\" data-e-type=\"widget\" data-widget_type=\"image.default\">\n\t\t\t\t<div class=\"elementor-widget-container\">\n\t\t\t\t\t\t\t\t\t\t\t\t\t\t\t<img loading=\"lazy\" decoding=\"async\" width=\"226\" height=\"300\" src=\"https:\/\/www.dr-franczak.com\/wp-content\/uploads\/2025\/07\/Medizinwelt-Award.svg\" class=\"attachment-medium size-medium wp-image-2808\" alt=\"Patient Award Medizinwelt 2025\" \/>\t\t\t\t\t\t\t\t\t\t\t\t\t\t\t<\/div>\n\t\t\t\t<\/div>\n\t\t\t\t\t<\/div>\n\t\t<\/div>\n\t\t\t\t\t<\/div>\n\t\t<\/section>\n\t\t\t\t<\/div>","protected":false},"excerpt":{"rendered":"<p>Willkommen in der Praxis von Dr. med. Andreas Franczak Mit meiner Person begegnen Sie einem Chirurgen mit langj\u00e4hriger Erfahrung als Primarius der Diakonie Krankenh\u00e4user S\u00fcdwestfalen und leitender Oberarzt an der Universit\u00e4tsklinik in Bochum. Als einer von wenigen \u00f6sterreichischen \u00c4rzten bin ich Allgemeinchirurg, Viszeralchirurg und Gef\u00e4\u00dfchirurg in einer Person. Diese Erfahrung und mein Gesamtwissen kommen meinen [&hellip;]<\/p>\n","protected":false},"author":1,"featured_media":0,"parent":0,"menu_order":0,"comment_status":"closed","ping_status":"closed","template":"","meta":{"inline_featured_image":false,"footnotes":""},"class_list":["post-111","page","type-page","status-publish","hentry"],"_links":{"self":[{"href":"https:\/\/www.dr-franczak.com\/en\/wp-json\/wp\/v2\/pages\/111","targetHints":{"allow":["GET"]}}],"collection":[{"href":"https:\/\/www.dr-franczak.com\/en\/wp-json\/wp\/v2\/pages"}],"about":[{"href":"https:\/\/www.dr-franczak.com\/en\/wp-json\/wp\/v2\/types\/page"}],"author":[{"embeddable":true,"href":"https:\/\/www.dr-franczak.com\/en\/wp-json\/wp\/v2\/users\/1"}],"replies":[{"embeddable":true,"href":"https:\/\/www.dr-franczak.com\/en\/wp-json\/wp\/v2\/comments?post=111"}],"version-history":[{"count":46,"href":"https:\/\/www.dr-franczak.com\/en\/wp-json\/wp\/v2\/pages\/111\/revisions"}],"predecessor-version":[{"id":2882,"href":"https:\/\/www.dr-franczak.com\/en\/wp-json\/wp\/v2\/pages\/111\/revisions\/2882"}],"wp:attachment":[{"href":"https:\/\/www.dr-franczak.com\/en\/wp-json\/wp\/v2\/media?parent=111"}],"curies":[{"name":"wp","href":"https:\/\/api.w.org\/{rel}","templated":true}]}}