{"id":139,"date":"2020-05-08T12:27:33","date_gmt":"2020-05-08T10:27:33","guid":{"rendered":"http:\/\/franczak-wp.webhost2.casc.at\/?page_id=139"},"modified":"2025-01-28T14:50:12","modified_gmt":"2025-01-28T13:50:12","slug":"behandlung","status":"publish","type":"page","link":"https:\/\/www.dr-franczak.com\/en\/behandlung\/","title":{"rendered":"Treatment"},"content":{"rendered":"<div data-elementor-type=\"wp-page\" data-elementor-id=\"139\" class=\"elementor elementor-139\" data-elementor-post-type=\"page\">\n\t\t\t\t\t\t<section data-dce-background-image-url=\"https:\/\/www.dr-franczak.com\/wp-content\/uploads\/2020\/05\/stethoscope-scrubs.jpg\" class=\"elementor-section elementor-top-section elementor-element elementor-element-4784ebd elementor-section-full_width elementor-section-height-default elementor-section-height-default\" data-id=\"4784ebd\" data-element_type=\"section\" data-e-type=\"section\" id=\"citerow\" data-settings=\"{&quot;background_background&quot;:&quot;classic&quot;}\">\n\t\t\t\t\t\t<div class=\"elementor-container elementor-column-gap-default\">\n\t\t\t\t\t<div class=\"elementor-column elementor-col-100 elementor-top-column elementor-element elementor-element-c79bf41\" data-id=\"c79bf41\" data-element_type=\"column\" data-e-type=\"column\">\n\t\t\t<div class=\"elementor-widget-wrap elementor-element-populated\">\n\t\t\t\t\t\t<div class=\"elementor-element elementor-element-ea1b462 elementor-widget elementor-widget-spacer\" data-id=\"ea1b462\" data-element_type=\"widget\" data-e-type=\"widget\" data-widget_type=\"spacer.default\">\n\t\t\t\t<div class=\"elementor-widget-container\">\n\t\t\t\t\t\t\t<div class=\"elementor-spacer\">\n\t\t\t<div class=\"elementor-spacer-inner\"><\/div>\n\t\t<\/div>\n\t\t\t\t\t\t<\/div>\n\t\t\t\t<\/div>\n\t\t\t\t\t<\/div>\n\t\t<\/div>\n\t\t\t\t\t<\/div>\n\t\t<\/section>\n\t\t\t\t<section class=\"elementor-section elementor-top-section elementor-element elementor-element-35d0791 elementor-section-boxed elementor-section-height-default elementor-section-height-default\" data-id=\"35d0791\" data-element_type=\"section\" data-e-type=\"section\">\n\t\t\t\t\t\t<div class=\"elementor-container elementor-column-gap-default\">\n\t\t\t\t\t<div class=\"elementor-column elementor-col-33 elementor-top-column elementor-element elementor-element-79782f1\" data-id=\"79782f1\" data-element_type=\"column\" data-e-type=\"column\">\n\t\t\t<div class=\"elementor-widget-wrap elementor-element-populated\">\n\t\t\t\t\t\t<div class=\"elementor-element elementor-element-b52318b elementor-hidden-desktop elementor-widget elementor-widget-heading\" data-id=\"b52318b\" data-element_type=\"widget\" data-e-type=\"widget\" data-widget_type=\"heading.default\">\n\t\t\t\t<div class=\"elementor-widget-container\">\n\t\t\t\t\t<h2 class=\"elementor-heading-title elementor-size-default\">Medical Treatment<\/h2>\t\t\t\t<\/div>\n\t\t\t\t<\/div>\n\t\t\t\t<div class=\"elementor-element elementor-element-bcaffec elementor-widget elementor-widget-global elementor-global-244 elementor-widget-wp-widget-nav_menu\" data-id=\"bcaffec\" data-element_type=\"widget\" data-e-type=\"widget\" id=\"behandlungenmenue\" data-widget_type=\"wp-widget-nav_menu.default\">\n\t\t\t\t<div class=\"elementor-widget-container\">\n\t\t\t\t\t<nav class=\"menu-behandlungen-menu-container\" aria-label=\"Menu\"><ul id=\"menu-behandlungen-menu\" class=\"menu\"><li id=\"menu-item-183\" class=\"menu-item menu-item-type-post_type menu-item-object-page menu-item-has-children menu-item-183\"><a href=\"https:\/\/www.dr-franczak.com\/en\/behandlung\/visceralchirurgie\/\">Visceral surgery<\/a>\n<ul class=\"sub-menu\">\n\t<li id=\"menu-item-416\" class=\"menu-item menu-item-type-post_type menu-item-object-page menu-item-416\"><a href=\"https:\/\/www.dr-franczak.com\/en\/behandlung\/visceralchirurgie\/leistenbruch-operation-behandlung-wien\/\">Inguinal hernia<\/a><\/li>\n\t<li id=\"menu-item-387\" class=\"menu-item menu-item-type-post_type menu-item-object-page menu-item-387\"><a href=\"https:\/\/www.dr-franczak.com\/en\/behandlung\/visceralchirurgie\/dickdarmkrebs\/\">Colon cancer<\/a><\/li>\n\t<li id=\"menu-item-376\" class=\"menu-item menu-item-type-post_type menu-item-object-page menu-item-376\"><a href=\"https:\/\/www.dr-franczak.com\/en\/behandlung\/visceralchirurgie\/gallensteine-entfernen-gallenblasen-op\/\">Gallstone removal \/ Gallbladder surgery<\/a><\/li>\n\t<li id=\"menu-item-219\" class=\"menu-item menu-item-type-post_type menu-item-object-page menu-item-219\"><a href=\"https:\/\/www.dr-franczak.com\/en\/behandlung\/visceralchirurgie\/schilddruese-nebenschilddruesen\/schilddruesenknoten\/\">Goiter<\/a><\/li>\n\t<li id=\"menu-item-236\" class=\"menu-item menu-item-type-post_type menu-item-object-page menu-item-236\"><a href=\"https:\/\/www.dr-franczak.com\/en\/behandlung\/visceralchirurgie\/speiseroehrenentzuendung-durch-reflux\/\">Gastroesophageal reflux disease<\/a><\/li>\n<\/ul>\n<\/li>\n<li id=\"menu-item-442\" class=\"menu-item menu-item-type-post_type menu-item-object-page menu-item-has-children menu-item-442\"><a href=\"https:\/\/www.dr-franczak.com\/en\/behandlung\/gefaesschirurgie\/\">Vascular surgery<\/a>\n<ul class=\"sub-menu\">\n\t<li id=\"menu-item-674\" class=\"menu-item menu-item-type-post_type menu-item-object-page menu-item-674\"><a href=\"https:\/\/www.dr-franczak.com\/en\/behandlung\/gefaesschirurgie\/niereninsuffizienz\/\">Kidney failure<\/a><\/li>\n\t<li id=\"menu-item-595\" class=\"menu-item menu-item-type-post_type menu-item-object-page menu-item-595\"><a href=\"https:\/\/www.dr-franczak.com\/en\/behandlung\/gefaesschirurgie\/behandlung-schaufensterkrankheit-pavk\/\"><span>Leg artery<\/span> <span>Obstructive arterial disease<\/span><\/a><\/li>\n\t<li id=\"menu-item-601\" class=\"menu-item menu-item-type-post_type menu-item-object-page menu-item-601\"><a href=\"https:\/\/www.dr-franczak.com\/en\/behandlung\/gefaesschirurgie\/krampfadern-entfernen-venenspezialist-wien\/\">Varicose veins (varices)<\/a><\/li>\n\t<li id=\"menu-item-566\" class=\"menu-item menu-item-type-post_type menu-item-object-page menu-item-566\"><a href=\"https:\/\/www.dr-franczak.com\/en\/behandlung\/gefaesschirurgie\/einengung-durch-arteriosklerose\/\">Thoracic outlet syndrome<\/a><\/li>\n<\/ul>\n<\/li>\n<li id=\"menu-item-752\" class=\"menu-item menu-item-type-post_type menu-item-object-page menu-item-752\"><a href=\"https:\/\/www.dr-franczak.com\/en\/behandlung\/diagnostik\/\">Diagnostic examinations<\/a><\/li>\n<\/ul><\/nav>\t\t\t\t<\/div>\n\t\t\t\t<\/div>\n\t\t\t\t\t<\/div>\n\t\t<\/div>\n\t\t\t\t<div class=\"elementor-column elementor-col-33 elementor-top-column elementor-element elementor-element-fb38836\" data-id=\"fb38836\" data-element_type=\"column\" data-e-type=\"column\">\n\t\t\t<div class=\"elementor-widget-wrap elementor-element-populated\">\n\t\t\t\t\t\t<div class=\"elementor-element elementor-element-6b676bec elementor-widget elementor-widget-heading\" data-id=\"6b676bec\" data-element_type=\"widget\" data-e-type=\"widget\" data-widget_type=\"heading.default\">\n\t\t\t\t<div class=\"elementor-widget-container\">\n\t\t\t\t\t<h2 class=\"elementor-heading-title elementor-size-default\">Visceral surgery<\/h2>\t\t\t\t<\/div>\n\t\t\t\t<\/div>\n\t\t\t\t<div class=\"elementor-element elementor-element-632ae819 elementor-widget-divider--view-line elementor-widget elementor-widget-divider\" data-id=\"632ae819\" data-element_type=\"widget\" data-e-type=\"widget\" data-widget_type=\"divider.default\">\n\t\t\t\t<div class=\"elementor-widget-container\">\n\t\t\t\t\t\t\t<div class=\"elementor-divider\">\n\t\t\t<span class=\"elementor-divider-separator\">\n\t\t\t\t\t\t<\/span>\n\t\t<\/div>\n\t\t\t\t\t\t<\/div>\n\t\t\t\t<\/div>\n\t\t\t\t<div class=\"elementor-element elementor-element-21e265a9 elementor-widget__width-initial elementor-widget elementor-widget-text-editor\" data-id=\"21e265a9\" data-element_type=\"widget\" data-e-type=\"widget\" data-widget_type=\"text-editor.default\">\n\t\t\t\t<div class=\"elementor-widget-container\">\n\t\t\t\t\t\t\t\t\tThe visceral surgery deals with the surgical therapy of diseases of the whole digestive tract. In addition belong to it: thyroid and parathyroid gland as well as abdominal wall hernias. In Austria and Germany the education in the visceral surgery is performed over several years in specialized centers after the completion of the training in the general surgery. Visceral surgeons dispose of special expert's skills in the surgical treatment of the mentioned organs particularly in their cancer diseases.\n\t\t\t\t\t\t\t\t<\/div>\n\t\t\t\t<\/div>\n\t\t\t\t<div class=\"elementor-element elementor-element-d600b36 elementor-widget elementor-widget-spacer\" data-id=\"d600b36\" data-element_type=\"widget\" data-e-type=\"widget\" data-widget_type=\"spacer.default\">\n\t\t\t\t<div class=\"elementor-widget-container\">\n\t\t\t\t\t\t\t<div class=\"elementor-spacer\">\n\t\t\t<div class=\"elementor-spacer-inner\"><\/div>\n\t\t<\/div>\n\t\t\t\t\t\t<\/div>\n\t\t\t\t<\/div>\n\t\t\t\t<div class=\"elementor-element elementor-element-1e48433 elementor-widget elementor-widget-heading\" data-id=\"1e48433\" data-element_type=\"widget\" data-e-type=\"widget\" data-widget_type=\"heading.default\">\n\t\t\t\t<div class=\"elementor-widget-container\">\n\t\t\t\t\t<h2 class=\"elementor-heading-title elementor-size-default\"><a href=\"https:\/\/www.dr-franczak.com\/en\/treatment\/\">Vascular surgery<\/a><\/h2>\t\t\t\t<\/div>\n\t\t\t\t<\/div>\n\t\t\t\t<div class=\"elementor-element elementor-element-25715ba elementor-widget-divider--view-line elementor-widget elementor-widget-divider\" data-id=\"25715ba\" data-element_type=\"widget\" data-e-type=\"widget\" data-widget_type=\"divider.default\">\n\t\t\t\t<div class=\"elementor-widget-container\">\n\t\t\t\t\t\t\t<div class=\"elementor-divider\">\n\t\t\t<span class=\"elementor-divider-separator\">\n\t\t\t\t\t\t<\/span>\n\t\t<\/div>\n\t\t\t\t\t\t<\/div>\n\t\t\t\t<\/div>\n\t\t\t\t<div class=\"elementor-element elementor-element-268aae2 elementor-widget__width-initial elementor-widget elementor-widget-text-editor\" data-id=\"268aae2\" data-element_type=\"widget\" data-e-type=\"widget\" data-widget_type=\"text-editor.default\">\n\t\t\t\t<div class=\"elementor-widget-container\">\n\t\t\t\t\t\t\t\t\t<p>Vascular surgery concerns  the prevention, diagnostic and surgical as well as not surgical treatment of diseases of the human vessels, i.e. arteries and veins. In Austria and Germany the vascular surgeons in addition to the education in general surgery, have concluded an specialized training of several years in authorized vascular surgery departments. They are particularly experts in the surgical treatment of vessels occlusions and narrowing, aneurysms, varicose veins, thromboses and their complications.<\/p>\t\t\t\t\t\t\t\t<\/div>\n\t\t\t\t<\/div>\n\t\t\t\t\t<\/div>\n\t\t<\/div>\n\t\t\t\t<div class=\"elementor-column elementor-col-33 elementor-top-column elementor-element elementor-element-7f0a816\" data-id=\"7f0a816\" data-element_type=\"column\" data-e-type=\"column\">\n\t\t\t<div class=\"elementor-widget-wrap\">\n\t\t\t\t\t\t\t<\/div>\n\t\t<\/div>\n\t\t\t\t\t<\/div>\n\t\t<\/section>\n\t\t\t\t<\/div>","protected":false},"excerpt":{"rendered":"<p>Krankheitsbilder Visceralchirurgie Die Visceralchirurgie befasst sich mit der operativen Therapie von Krankheiten des gesamten Verdauungstraktes. Dar\u00fcber hinaus werden die Schilddr\u00fcse und die Nebenschilddr\u00fcsen sowie Leisten-, Narben- oder Nabelbr\u00fcche behandelt. Visceralchirurgen haben neben der Ausbildung in der Chirurgie eine mehrj\u00e4hrige Zusatzausbildung absolviert und verf\u00fcgen \u00fcber eine spezielle Expertise f\u00fcr die operative Behandlung der oben genannten Organe. [&hellip;]<\/p>\n","protected":false},"author":1,"featured_media":0,"parent":0,"menu_order":0,"comment_status":"closed","ping_status":"closed","template":"","meta":{"inline_featured_image":false,"footnotes":""},"class_list":["post-139","page","type-page","status-publish","hentry"],"_links":{"self":[{"href":"https:\/\/www.dr-franczak.com\/en\/wp-json\/wp\/v2\/pages\/139","targetHints":{"allow":["GET"]}}],"collection":[{"href":"https:\/\/www.dr-franczak.com\/en\/wp-json\/wp\/v2\/pages"}],"about":[{"href":"https:\/\/www.dr-franczak.com\/en\/wp-json\/wp\/v2\/types\/page"}],"author":[{"embeddable":true,"href":"https:\/\/www.dr-franczak.com\/en\/wp-json\/wp\/v2\/users\/1"}],"replies":[{"embeddable":true,"href":"https:\/\/www.dr-franczak.com\/en\/wp-json\/wp\/v2\/comments?post=139"}],"version-history":[{"count":35,"href":"https:\/\/www.dr-franczak.com\/en\/wp-json\/wp\/v2\/pages\/139\/revisions"}],"predecessor-version":[{"id":2708,"href":"https:\/\/www.dr-franczak.com\/en\/wp-json\/wp\/v2\/pages\/139\/revisions\/2708"}],"wp:attachment":[{"href":"https:\/\/www.dr-franczak.com\/en\/wp-json\/wp\/v2\/media?parent=139"}],"curies":[{"name":"wp","href":"https:\/\/api.w.org\/{rel}","templated":true}]}}