{"id":185,"date":"2020-05-08T15:04:08","date_gmt":"2020-05-08T13:04:08","guid":{"rendered":"http:\/\/franczak-wp.webhost2.casc.at\/?page_id=185"},"modified":"2020-05-08T15:23:36","modified_gmt":"2020-05-08T13:23:36","slug":"schilddruese-nebenschilddruesen","status":"publish","type":"page","link":"https:\/\/www.dr-franczak.com\/en\/behandlung\/visceralchirurgie\/schilddruese-nebenschilddruesen\/","title":{"rendered":"Thyroid"},"content":{"rendered":"<p>Verdauungstraktes. Dar\u00fcber hinaus werden die Schilddr\u00fcse und die Nebenschilddr\u00fcsen sowie Leisten-, Narben- oder Nabelbr\u00fcche behandelt. Visceralchirurgen haben neben der Ausbildung in der Chirurgie eine mehrj\u00e4hrige Zusatzausbildung absolviert und verf\u00fcgen \u00fcber eine spezielle Expertise f\u00fcr die operative Behandlung der oben genannten Organe. Insbesondere werden auch Tumorerkrankungen dieser Organe in der Visceralchirurgie behandelt.<\/p>","protected":false},"excerpt":{"rendered":"<p>Verdauungstraktes. Dar\u00fcber hinaus werden die Schilddr\u00fcse und die Nebenschilddr\u00fcsen sowie Leisten-, Narben- oder Nabelbr\u00fcche behandelt. Visceralchirurgen haben neben der Ausbildung in der Chirurgie eine mehrj\u00e4hrige Zusatzausbildung absolviert und verf\u00fcgen \u00fcber eine spezielle Expertise f\u00fcr die operative Behandlung der oben genannten Organe. Insbesondere werden auch Tumorerkrankungen dieser Organe in der Visceralchirurgie behandelt.<\/p>","protected":false},"author":1,"featured_media":142,"parent":181,"menu_order":0,"comment_status":"closed","ping_status":"closed","template":"","meta":{"inline_featured_image":false,"footnotes":""},"class_list":["post-185","page","type-page","status-publish","has-post-thumbnail","hentry"],"_links":{"self":[{"href":"https:\/\/www.dr-franczak.com\/en\/wp-json\/wp\/v2\/pages\/185","targetHints":{"allow":["GET"]}}],"collection":[{"href":"https:\/\/www.dr-franczak.com\/en\/wp-json\/wp\/v2\/pages"}],"about":[{"href":"https:\/\/www.dr-franczak.com\/en\/wp-json\/wp\/v2\/types\/page"}],"author":[{"embeddable":true,"href":"https:\/\/www.dr-franczak.com\/en\/wp-json\/wp\/v2\/users\/1"}],"replies":[{"embeddable":true,"href":"https:\/\/www.dr-franczak.com\/en\/wp-json\/wp\/v2\/comments?post=185"}],"version-history":[{"count":1,"href":"https:\/\/www.dr-franczak.com\/en\/wp-json\/wp\/v2\/pages\/185\/revisions"}],"predecessor-version":[{"id":186,"href":"https:\/\/www.dr-franczak.com\/en\/wp-json\/wp\/v2\/pages\/185\/revisions\/186"}],"up":[{"embeddable":true,"href":"https:\/\/www.dr-franczak.com\/en\/wp-json\/wp\/v2\/pages\/181"}],"wp:featuredmedia":[{"embeddable":true,"href":"https:\/\/www.dr-franczak.com\/en\/wp-json\/wp\/v2\/media\/142"}],"wp:attachment":[{"href":"https:\/\/www.dr-franczak.com\/en\/wp-json\/wp\/v2\/media?parent=185"}],"curies":[{"name":"wp","href":"https:\/\/api.w.org\/{rel}","templated":true}]}}