{"id":3,"date":"2020-05-07T09:36:12","date_gmt":"2020-05-07T07:36:12","guid":{"rendered":"http:\/\/franczak-wp.webhost2.casc.at\/?page_id=3"},"modified":"2025-04-11T09:22:29","modified_gmt":"2025-04-11T07:22:29","slug":"datenschutzerklaerung","status":"publish","type":"page","link":"https:\/\/www.dr-franczak.com\/en\/datenschutzerklaerung\/","title":{"rendered":"Privacy statement"},"content":{"rendered":"<div data-elementor-type=\"wp-page\" data-elementor-id=\"3\" class=\"elementor elementor-3\" data-elementor-post-type=\"page\">\n\t\t\t\t\t\t<section class=\"elementor-section elementor-top-section elementor-element elementor-element-3e2a811e elementor-section-boxed elementor-section-height-default elementor-section-height-default\" data-id=\"3e2a811e\" data-element_type=\"section\" data-e-type=\"section\">\n\t\t\t\t\t\t<div class=\"elementor-container elementor-column-gap-default\">\n\t\t\t\t\t<div class=\"elementor-column elementor-col-100 elementor-top-column elementor-element elementor-element-44bf4e61\" data-id=\"44bf4e61\" data-element_type=\"column\" data-e-type=\"column\">\n\t\t\t<div class=\"elementor-widget-wrap elementor-element-populated\">\n\t\t\t\t\t\t<div data-dce-title-color=\"#777777\" class=\"elementor-element elementor-element-4a7d127 elementor-widget elementor-widget-heading\" data-id=\"4a7d127\" data-element_type=\"widget\" data-e-type=\"widget\" data-widget_type=\"heading.default\">\n\t\t\t\t<div class=\"elementor-widget-container\">\n\t\t\t\t\t<h1 class=\"elementor-heading-title elementor-size-default\">Datenschutz<\/h1>\t\t\t\t<\/div>\n\t\t\t\t<\/div>\n\t\t\t\t<div data-dce-text-color=\"#777777\" class=\"elementor-element elementor-element-1977eb24 elementor-widget elementor-widget-text-editor\" data-id=\"1977eb24\" data-element_type=\"widget\" data-e-type=\"widget\" data-widget_type=\"text-editor.default\">\n\t\t\t\t<div class=\"elementor-widget-container\">\n\t\t\t\t\t\t\t\t\t\n<p><strong>1. Allgemeines<\/strong><\/p>\n\n<p>Wir freuen uns \u00fcber Ihren Besuch auf unserer Webseite und Ihr Interesse an unserem Unternehmen. Der Schutz Ihrer personenbezogenen Daten ist uns ein wichtiges Anliegen. Wir halten uns strikt an die gesetzlichen Bestimmungen der EU-Datenschutz-Grundverordnung, des \u00f6sterreichischen Datenschutzgesetzes und der sonstigen anwendbaren Rechtsvorschriften zum Schutz, dem rechtm\u00e4\u00dfigen Umgang und zur Geheimhaltung von personenbezogenen Daten. Im Folgenden m\u00f6chten wir Sie \u00fcber die Verarbeitung Ihrer Daten im Zusammenhang mit dem Besuch und der Nutzung unserer Webseite informieren. Wir behalten uns k\u00fcnftige \u00c4nderungen oder Anpassungen der Erkl\u00e4rung ausdr\u00fccklich vor. Bei Fragen oder Anregungen kontaktieren Sie uns bitte unter den angegebenen Kontaktdaten.<\/p>\n\n<p>Stand der Datenschutzerkl\u00e4rung: 05\/2020<\/p>\n\n<p><strong>2. Verantwortlicher im Sinne der DSGVO\/Kontaktdaten<\/strong><\/p>\n\n<p>Dr. Andreas Franczak<br \/>Lazarettgasse 25<br \/>1090 Vienna<br \/>E-Mail: <a href=\"mailto:info@dr-franczak.com\">info@dr-franczak.com<\/a><br \/>Tel.: <a href=\"tel:+431401807010\">+43-1 40180 7010<\/a><\/p>\n\n<p><strong>3. Zwecke der Datenverarbeitung und Rechtsgrundlagen<\/strong><\/p>\n\n<p>Bei Ihrem Besuch auf unserer Webseite erheben und speichern wir Zugriffsdaten (insb. Ihre IP-Adresse) in sogenannten Logfiles bzw. Access-Logs, um die dauerhafte Funktionsf\u00e4higkeit der Webseite gew\u00e4hrleisten zu k\u00f6nnen. Rechtsgrundlage hierf\u00fcr ist unser berechtigtes Interesse nach Art. 6 Abs. 1 lit. f DSGVO. Dieses liegt in der Gew\u00e4hrleistung der Funktionsf\u00e4higkeit, der Sicherheit und Erreichbarkeit der Webseite f\u00fcr alle Seitenbesucher.<\/p>\n\n<p>Zur Optimierung der Webseite und der Webangebote verarbeiten wir lediglich Daten ohne Personenbezug (z.B. Namen des Internet Service Providers, Betriebssystem, Browsertyp und -Version, Datum und Uhrzeit des Zugriffs) bzw. vollst\u00e4ndig anonymisierte Daten, die uns keinerlei R\u00fcckschluss auf Ihre Identit\u00e4t erm\u00f6glichen. Entsprechend setzen wir auf unserer Webseite auch keine Cookies (kleine Textdateien, die auf Ihrem System f\u00fcr bestimmte Funktionen gespeichert werden) ein.<\/p>\n\n<p><strong>4. Datenweitergabe an Dritte<\/strong><\/p>\n\n<p>Wir geben Ihre auf Basis der Nutzung unserer Webseite erhobenen Daten nicht an Dritte weiter, es sei denn dies ist zur Erf\u00fcllung unserer Pflichten und\/oder gesetzlich bzw. beh\u00f6rdlich verpflichtend (z.B. Datenweitergabe an Strafverfolgungsbeh\u00f6rden).<\/p>\n\n<p><strong>5. Speicherdauer der Daten<\/strong><\/p>\n\n<p>Ihre Daten (Logfiles) werden im Regelfall f\u00fcr eine Dauer von bis zu einem Jahr gespeichert.<\/p>\n\n<p><strong>6. Betroffenenrechte \/ Ihre Rechte zum Schutz Ihrer pers\u00f6nlichen Daten<\/strong><\/p>\n\n<p>In Bezug auf Ihre von uns verarbeiteten, personenbezogenen Daten steht Ihnen eine Reihe von Rechten zu: Sie haben das Recht auf Auskunft \u00fcber die von uns \u00fcber Sie verarbeiteten Daten, das Recht auf Berichtigung und Datenl\u00f6schung, das Recht auf Einschr\u00e4nkung der Verarbeitung, und auf Daten\u00fcbertragbarkeit. Da wir Ihre Daten aufgrund unseres berechtigten Interesses verarbeiten, haben Sie nach der Datenschutz-Grundverordnung weiters das Recht auf Widerspruch. \u00dcben Sie dieses Recht aus, werden wir Ihre Daten nicht mehr zu dem Zweck, dem Sie widersprochen haben, verarbeiten, es sei denn es bestehen schutzw\u00fcrdige Gr\u00fcnde auf unserer Seite f\u00fcr die weitere Verarbeitung, die Ihre Interessen, Rechte und Freiheiten \u00fcberwiegen, oder die Verarbeitung dient der Geltendmachung, Aus\u00fcbung oder Verteidigung von Rechtsanspr\u00fcchen.<\/p>\n\n<p>All diese Rechte k\u00f6nnen Sie kosten- und formlos, gegebenenfalls nach Nachweis Ihrer Identit\u00e4t, unter den angef\u00fchrten Kontaktdaten geltend machen.<\/p>\n\n<p><strong>7. Beschwerderecht<\/strong><\/p>\n\n<p>Die EU-Datenschutz-Grundverordnung und das \u00f6sterreichische Datenschutzgesetz gew\u00e4hrleisten Ihnen die oben genannten Rechte im Bereich Datenschutz. Wenn Sie der Ansicht sind, in einem dieser Rechte durch unser Unternehmen verletzt worden zu sein, haben Sie die M\u00f6glichkeit, sich bei einer Datenschutz-Aufsichtsbeh\u00f6rde zu beschweren. In \u00d6sterreich ist daf\u00fcr die \u00d6sterreichische Datenschutzbeh\u00f6rde, Barichgasse 40-42, 1030 Wien, zust\u00e4ndig. Anspr\u00fcche gegen uns, die Ihnen aufgrund anderer gesetzlicher Grundlagen zustehen, bleiben davon unber\u00fchrt.<\/p>\n\n<p><strong>8. Datensicherheit<\/strong><\/p>\n\n<p>Wir treffen alle notwendigen und angemessenen technischen und organisatorischen Sicherheitsma\u00dfnahmen, um Ihre personenbezogenen Daten vor Verlust und Missbrauch zu sch\u00fctzen. Ihre Daten werden in einer sicheren, dem Stand der Technik entsprechenden Betriebsumgebung gespeichert.<\/p>\n\n<p>Der Zugang zu unserer Website wird \u00fcber HTTPS gesichert. Dies bedeutet, dass die Kommunikation zwischen Ihrem Endger\u00e4t und unseren Servern verschl\u00fcsselt erfolgt.<\/p>\n\t\t\t\t\t\t\t\t<\/div>\n\t\t\t\t<\/div>\n\t\t\t\t\t<\/div>\n\t\t<\/div>\n\t\t\t\t\t<\/div>\n\t\t<\/section>\n\t\t\t\t<\/div>","protected":false},"excerpt":{"rendered":"<p>Datenschutz 1. Allgemeines Wir freuen uns \u00fcber Ihren Besuch auf unserer Webseite und Ihr Interesse an unserem Unternehmen. Der Schutz Ihrer personenbezogenen Daten ist uns ein wichtiges Anliegen. Wir halten uns strikt an die gesetzlichen Bestimmungen der EU-Datenschutz-Grundverordnung, des \u00f6sterreichischen Datenschutzgesetzes und der sonstigen anwendbaren Rechtsvorschriften zum Schutz, dem rechtm\u00e4\u00dfigen Umgang und zur Geheimhaltung von [&hellip;]<\/p>\n","protected":false},"author":1,"featured_media":0,"parent":0,"menu_order":0,"comment_status":"closed","ping_status":"open","template":"","meta":{"inline_featured_image":false,"footnotes":""},"class_list":["post-3","page","type-page","status-publish","hentry"],"_links":{"self":[{"href":"https:\/\/www.dr-franczak.com\/en\/wp-json\/wp\/v2\/pages\/3","targetHints":{"allow":["GET"]}}],"collection":[{"href":"https:\/\/www.dr-franczak.com\/en\/wp-json\/wp\/v2\/pages"}],"about":[{"href":"https:\/\/www.dr-franczak.com\/en\/wp-json\/wp\/v2\/types\/page"}],"author":[{"embeddable":true,"href":"https:\/\/www.dr-franczak.com\/en\/wp-json\/wp\/v2\/users\/1"}],"replies":[{"embeddable":true,"href":"https:\/\/www.dr-franczak.com\/en\/wp-json\/wp\/v2\/comments?post=3"}],"version-history":[{"count":8,"href":"https:\/\/www.dr-franczak.com\/en\/wp-json\/wp\/v2\/pages\/3\/revisions"}],"predecessor-version":[{"id":2772,"href":"https:\/\/www.dr-franczak.com\/en\/wp-json\/wp\/v2\/pages\/3\/revisions\/2772"}],"wp:attachment":[{"href":"https:\/\/www.dr-franczak.com\/en\/wp-json\/wp\/v2\/media?parent=3"}],"curies":[{"name":"wp","href":"https:\/\/api.w.org\/{rel}","templated":true}]}}