{"id":412,"date":"2020-05-11T07:51:25","date_gmt":"2020-05-11T05:51:25","guid":{"rendered":"http:\/\/franczak-wp.webhost2.casc.at\/?page_id=412"},"modified":"2026-01-26T09:30:56","modified_gmt":"2026-01-26T08:30:56","slug":"leistenbruch-operation-behandlung-wien","status":"publish","type":"page","link":"https:\/\/www.dr-franczak.com\/en\/behandlung\/visceralchirurgie\/leistenbruch-operation-behandlung-wien\/","title":{"rendered":"Inguinal hernia"},"content":{"rendered":"<div data-elementor-type=\"wp-page\" data-elementor-id=\"412\" class=\"elementor elementor-412\" data-elementor-post-type=\"page\">\n\t\t\t\t\t\t<section class=\"elementor-section elementor-top-section elementor-element elementor-element-9674368 elementor-section-boxed elementor-section-height-default elementor-section-height-default\" data-id=\"9674368\" data-element_type=\"section\" data-e-type=\"section\">\n\t\t\t\t\t\t<div class=\"elementor-container elementor-column-gap-default\">\n\t\t\t\t\t<div class=\"elementor-column elementor-col-100 elementor-top-column elementor-element elementor-element-4476556\" data-id=\"4476556\" data-element_type=\"column\" data-e-type=\"column\">\n\t\t\t<div class=\"elementor-widget-wrap elementor-element-populated\">\n\t\t\t\t\t\t<section data-dce-background-color=\"#D3EEEB\" class=\"elementor-section elementor-inner-section elementor-element elementor-element-1a399cb elementor-section-boxed elementor-section-height-default elementor-section-height-default\" data-id=\"1a399cb\" data-element_type=\"section\" data-e-type=\"section\" data-settings=\"{&quot;background_background&quot;:&quot;classic&quot;}\">\n\t\t\t\t\t\t<div class=\"elementor-container elementor-column-gap-default\">\n\t\t\t\t\t<div class=\"elementor-column elementor-col-100 elementor-inner-column elementor-element elementor-element-29481c7\" data-id=\"29481c7\" data-element_type=\"column\" data-e-type=\"column\">\n\t\t\t<div class=\"elementor-widget-wrap elementor-element-populated\">\n\t\t\t\t\t\t<div class=\"elementor-element elementor-element-a1715b2 elementor-widget elementor-widget-text-editor\" data-id=\"a1715b2\" data-element_type=\"widget\" data-e-type=\"widget\" data-widget_type=\"text-editor.default\">\n\t\t\t\t<div class=\"elementor-widget-container\">\n\t\t\t\t\t\t\t\t\t<p><strong>Do you need an inguinal hernia surgery or herniorrhaphy?<\/strong><\/p>\n<p class=\"translation-block\">As a specialist, Dr. Andreas Franczak (specialist for surgery and additive doctor for vascular surgery and visceral surgery) has mastered several treatment methods for inguinal hernias and can offer you the one that is best suited to your particular situation.<\/p>\n<p class=\"translation-block\">Ask which is best for you. <strong>You will quickly get an appointment.<\/strong><\/p>\t\t\t\t\t\t\t\t<\/div>\n\t\t\t\t<\/div>\n\t\t\t\t<div class=\"elementor-element elementor-element-a0cbf4f elementor-widget elementor-widget-text-editor\" data-id=\"a0cbf4f\" data-element_type=\"widget\" data-e-type=\"widget\" data-widget_type=\"text-editor.default\">\n\t\t\t\t<div class=\"elementor-widget-container\">\n\t\t\t\t\t<style>.elementor-element-a0cbf4f{display:none !important}<\/style>\t\t\t\t<\/div>\n\t\t\t\t<\/div>\n\t\t\t\t<div class=\"elementor-element elementor-element-47c8b85 elementor-widget elementor-widget-text-editor\" data-id=\"47c8b85\" data-element_type=\"widget\" data-e-type=\"widget\" data-widget_type=\"text-editor.default\">\n\t\t\t\t<div class=\"elementor-widget-container\">\n\t\t\t\t\t<style>.elementor-element-47c8b85{display:none !important}<\/style>\t\t\t\t<\/div>\n\t\t\t\t<\/div>\n\t\t\t\t<div data-dce-background-color=\"#23A899\" class=\"elementor-element elementor-element-3fed56e elementor-align-left elementor-widget__width-auto elementor-mobile-align-justify elementor-widget-mobile__width-inherit elementor-widget elementor-widget-button\" data-id=\"3fed56e\" data-element_type=\"widget\" data-e-type=\"widget\" data-widget_type=\"button.default\">\n\t\t\t\t<div class=\"elementor-widget-container\">\n\t\t\t\t\t\t\t\t\t<div class=\"elementor-button-wrapper\">\n\t\t\t\t\t<a class=\"elementor-button elementor-button-link elementor-size-sm\" href=\"https:\/\/patient.latido.at\/arzt\/_OA_Dr._Andreas_Franczak\" target=\"_blank\">\n\t\t\t\t\t\t<span class=\"elementor-button-content-wrapper\">\n\t\t\t\t\t\t\t\t\t<span class=\"elementor-button-text\">Book an appointment<\/span>\n\t\t\t\t\t<\/span>\n\t\t\t\t\t<\/a>\n\t\t\t\t<\/div>\n\t\t\t\t\t\t\t\t<\/div>\n\t\t\t\t<\/div>\n\t\t\t\t<div data-dce-background-color=\"#23A899\" class=\"elementor-element elementor-element-edf67f9 elementor-align-left elementor-widget__width-auto elementor-mobile-align-justify elementor-widget-mobile__width-inherit elementor-widget elementor-widget-button\" data-id=\"edf67f9\" data-element_type=\"widget\" data-e-type=\"widget\" data-widget_type=\"button.default\">\n\t\t\t\t<div class=\"elementor-widget-container\">\n\t\t\t\t\t\t\t\t\t<div class=\"elementor-button-wrapper\">\n\t\t\t\t\t<a class=\"elementor-button elementor-button-link elementor-size-sm\" href=\"tel:00436769421982\" target=\"_blank\">\n\t\t\t\t\t\t<span class=\"elementor-button-content-wrapper\">\n\t\t\t\t\t\t\t\t\t<span class=\"elementor-button-text\">Call<\/span>\n\t\t\t\t\t<\/span>\n\t\t\t\t\t<\/a>\n\t\t\t\t<\/div>\n\t\t\t\t\t\t\t\t<\/div>\n\t\t\t\t<\/div>\n\t\t\t\t\t<\/div>\n\t\t<\/div>\n\t\t\t\t\t<\/div>\n\t\t<\/section>\n\t\t\t\t\t<\/div>\n\t\t<\/div>\n\t\t\t\t\t<\/div>\n\t\t<\/section>\n\t\t\t\t<section class=\"elementor-section elementor-top-section elementor-element elementor-element-33cbafd7 elementor-section-boxed elementor-section-height-default elementor-section-height-default\" data-id=\"33cbafd7\" data-element_type=\"section\" data-e-type=\"section\">\n\t\t\t\t\t\t<div class=\"elementor-container elementor-column-gap-default\">\n\t\t\t\t\t<div class=\"elementor-column elementor-col-100 elementor-top-column elementor-element elementor-element-2440d2a5\" data-id=\"2440d2a5\" data-element_type=\"column\" data-e-type=\"column\">\n\t\t\t<div class=\"elementor-widget-wrap elementor-element-populated\">\n\t\t\t\t\t\t<div class=\"elementor-element elementor-element-7cbabc41 elementor-widget__width-initial elementor-widget elementor-widget-text-editor\" data-id=\"7cbabc41\" data-element_type=\"widget\" data-e-type=\"widget\" data-widget_type=\"text-editor.default\">\n\t\t\t\t<div class=\"elementor-widget-container\">\n\t\t\t\t\t\t\t\t\t<h3>Inguinal hernia \u2013 causes<\/h3>\n<p class=\"translation-block\">Both femoral and inguinal hernias are usually due to congenital weak spots in the tissue, which gradually enlarge over time until finally a hole in the tissue gapes open. A gap between the muscles and connective tissue leads to the protrusion of abdominal contents (usually intestines or omentum) covered by peritoneum and skin. If the abdominal hernia occurs above the inguinal ligament, it is called an inguinal hernia (hernia inguinalis). If the hernia occurs below the inguinal ligament, it is called a femoral hernia (hernia femoralis).<\/p>\n<p>&nbsp;<\/p>\n<h2 class=\"translation-block\">Inguinal hernia \u2013 symptoms and complications<\/h2>\n<p class=\"translation-block\">Initially, an inguinal hernia causes symptoms such as:<\/p>\n<ul>\n<li>Groin discomfort and pain<\/li>\n<li>A sense of pressure<\/li>\n<li>Bulges at the hernia site<\/li>\n<li>Radiating pain<\/li>\n<\/ul>\n<p class=\"translation-block\">Over time,  inguinal hernias enlarge, and the  symptoms can lead to complications such as:<\/p>\n<ul>\n<li>Incarceration<\/li>\n<li>Bowel obstruction (ileus)<\/li>\n<li>Bowel perforation<\/li>\n<li>Peritonitis<\/li>\n<\/ul>\n<p class=\"translation-block\">If you show inguinal hernia symptoms, seek medical advice immediately. Early detection of inguinal hernias can prevent complications. In case of incarceration, it is an emergency situation requiring immediate inguinal hernia surgery.<\/p>\n<p>&nbsp;<\/p>\n<h2>Inguinal hernia surgery or herniorrhaphy<\/h2>\n<p class=\"translation-block\">Inguinal hernia surgery is the therapy of choice. Dr. med. Andreas Franczak offers different surgical methods \u2013 so, depending on the patient, risk situation, previous surgeries, and life planning, the appropriate inguinal hernia treatments can be chosen. For example, in children, a simple closure of the hernia opening with sutures is often sufficient. Inguinal hernia surgery can also be minimally invasive or performed under local anesthesia if patients are not suitable for general anesthesia.<\/p>\n<p>&nbsp;<\/p>\n<h3 class=\"translation-block\">Mesh hernioplasty<\/h3>\n<p class=\"translation-block\">An established inguinal hernia treatment is the use of artificial meshes. The meshes serve to:<\/p>\n<ul>\n<li>Reinforce the abdominal wall.<\/li>\n<li>Allow a tension-free closure of the hernia gap.<\/li>\n<li>Contribute to a better long-term result.<\/li>\n<\/ul>\n<p class=\"translation-block\">The meshes are made of either polyester or polypropylene. In open procedures, the Rutkov and Lichtenstein operations have been established. In inguinal hernia surgeries using keyhole techniques (minimally invasive), the TEP (TEPP) and TAPP methods are available. The advantage of minimally invasive techniques is the small wounds, resulting in less pain.<\/p>\n<p>&nbsp;<\/p>\n<h3 class=\"translation-block\">Inguinal Hernia Surgery with TAP<\/h3>\n<p class=\"translation-block\">TAPP stands for Transabdominal Preperitoneal Plasty. In this inguinal hernia treatment, the hernia is closed from the inside with a plastic mesh using three small openings in the abdominal wall. The advantage of this method over the TEPP procedure:<\/p>\n<ul>\n<li>With the TAPP method, the organs inside the abdomen can be examined.<\/li>\n<li>It can also be applied to patients who have previously had lower abdominal surgery (e.g., appendectomy)<\/li>\n<\/ul>\n<h3><strong>Inguinal Hernia Surgery with TEPP<\/strong><\/h3>\n<p class=\"translation-block\">TEPP, or TEP, means Total Extra Peritoneal Plasty. In this procedure, three small openings are also made in the abdominal wall. However, the peritoneum (abdominal lining) is not injured. A space is created between the peritoneum and the abdominal muscles, where the inguinal hernia surgery is performed. The hernia sac is released from adhesions and pushed back. In case of a large hernia gap, it is closed with sutures. Then, a plastic is placed over the hernia gap, achieving coverage and security. The advantages over the TAPP procedure:<\/p>\n<ul>\n<li>Bauchfell muss nicht ge\u00f6ffnet werden. Somit werden Verletzungen der Bauchorgane oder sp\u00e4tere Verwachsungs&shy;beschwerden minimiert.<\/li>\n<li>The mesh is not fixed with staples or clamps, minimizing the risk of nerve injury and subsequent pulling pain (neuralgia).<\/li>\n<li>No risk of a future abdominal wall hernia (trocar hernia).<\/li>\n<li>Patients are usually discharged home one day after the operation. After 3 days, they are able to work while sitting and exercise 1 week after the surgery.<\/li>\n<li>According to the Herniamed study from 2019, the TEPP method results in the lowest complication rate. In this case, the study results from 2012 were refuted.<\/li>\n<\/ul>\n<p class=\"translation-block\">The European Hernia Society (EHS) recommends TEPP as the method of choice when surgeons have sufficient experience. Dr. med. Andreas Franczak has been using the TEPP procedure foringuinal hernia treatments since 1997. Our practice in Vienna has received the quality seal of the EHS (European Hernia Society).<\/p>\n<p><a href=\"https:\/\/www.dr-franczak.com\/en\/profil\/\"><strong>Author: Dr. Andreas Franczak, specialist in surgery, vascular surgery and visceral surgery<\/strong><\/a><\/p>\n<p><!-- \/wp:image --><\/p>\n<p><!-- wp:paragraph --><\/p>\n<p><!-- \/wp:paragraph --><\/p>\t\t\t\t\t\t\t\t<\/div>\n\t\t\t\t<\/div>\n\t\t\t\t<div class=\"elementor-element elementor-element-04ad50c elementor-widget__width-initial elementor-widget elementor-widget-text-editor\" data-id=\"04ad50c\" data-element_type=\"widget\" data-e-type=\"widget\" data-no-translation=\"\" data-widget_type=\"text-editor.default\">\n\t\t\t\t<div class=\"elementor-widget-container\">\n\t\t\t\t\t<style>.elementor-element-04ad50c{display:none !important}<\/style>\t\t\t\t<\/div>\n\t\t\t\t<\/div>\n\t\t\t\t<div class=\"elementor-element elementor-element-a368339 elementor-widget elementor-widget-text-editor\" data-id=\"a368339\" data-element_type=\"widget\" data-e-type=\"widget\" data-widget_type=\"text-editor.default\">\n\t\t\t\t<div class=\"elementor-widget-container\">\n\t\t\t\t\t<style>.elementor-element-a368339{display:none !important}<\/style>\t\t\t\t<\/div>\n\t\t\t\t<\/div>\n\t\t\t\t\t<\/div>\n\t\t<\/div>\n\t\t\t\t\t<\/div>\n\t\t<\/section>\n\t\t\t\t<section class=\"elementor-section elementor-top-section elementor-element elementor-element-dcdfebe elementor-section-boxed elementor-section-height-default elementor-section-height-default\" data-id=\"dcdfebe\" data-element_type=\"section\" data-e-type=\"section\">\n\t\t\t\t\t\t<div class=\"elementor-container elementor-column-gap-default\">\n\t\t\t\t\t<div class=\"elementor-column elementor-col-100 elementor-top-column elementor-element elementor-element-057c6e9\" data-id=\"057c6e9\" data-element_type=\"column\" data-e-type=\"column\">\n\t\t\t<div class=\"elementor-widget-wrap elementor-element-populated\">\n\t\t\t\t\t\t<section data-dce-background-color=\"#D3EEEB\" class=\"elementor-section elementor-inner-section elementor-element elementor-element-1d1a078 elementor-section-boxed elementor-section-height-default elementor-section-height-default\" data-id=\"1d1a078\" data-element_type=\"section\" data-e-type=\"section\" data-settings=\"{&quot;background_background&quot;:&quot;classic&quot;}\">\n\t\t\t\t\t\t<div class=\"elementor-container elementor-column-gap-default\">\n\t\t\t\t\t<div class=\"elementor-column elementor-col-100 elementor-inner-column elementor-element elementor-element-de4f518\" data-id=\"de4f518\" data-element_type=\"column\" data-e-type=\"column\">\n\t\t\t<div class=\"elementor-widget-wrap elementor-element-populated\">\n\t\t\t\t\t\t<div class=\"elementor-element elementor-element-579fa12 elementor-widget elementor-widget-text-editor\" data-id=\"579fa12\" data-element_type=\"widget\" data-e-type=\"widget\" data-widget_type=\"text-editor.default\">\n\t\t\t\t<div class=\"elementor-widget-container\">\n\t\t\t\t\t\t\t\t\t<p class=\"translation-block\"><strong>Inguinal hernia treatments and surgery in Vienna<\/strong><\/p>\n<p class=\"translation-block\">For inguinal hernias with discomfort and symptoms, it is important to act quickly. Therefore, an inguinal hernia should be recognized as early as possible.<\/p>\n<p class=\"translation-block\">Dr. med. Andreas Franczak is a specialist in Vienna and supports you in the treatment of inguinal hernia symptoms up to professional inguinal hernia surgery und hernioplasty. The practice can be found at Lazarettgasse 16-18 in 1090 Vienna. For quick and flexible appointment scheduling:<\/p>\t\t\t\t\t\t\t\t<\/div>\n\t\t\t\t<\/div>\n\t\t\t\t<div data-dce-background-color=\"#23A899\" class=\"elementor-element elementor-element-640a7ea elementor-align-left elementor-widget__width-auto elementor-mobile-align-justify elementor-widget-mobile__width-inherit elementor-widget elementor-widget-button\" data-id=\"640a7ea\" data-element_type=\"widget\" data-e-type=\"widget\" data-widget_type=\"button.default\">\n\t\t\t\t<div class=\"elementor-widget-container\">\n\t\t\t\t\t\t\t\t\t<div class=\"elementor-button-wrapper\">\n\t\t\t\t\t<a class=\"elementor-button elementor-button-link elementor-size-sm\" href=\"https:\/\/patient.latido.at\/arzt\/_OA_Dr._Andreas_Franczak\" target=\"_blank\">\n\t\t\t\t\t\t<span class=\"elementor-button-content-wrapper\">\n\t\t\t\t\t\t\t\t\t<span class=\"elementor-button-text\">Book an appointment<\/span>\n\t\t\t\t\t<\/span>\n\t\t\t\t\t<\/a>\n\t\t\t\t<\/div>\n\t\t\t\t\t\t\t\t<\/div>\n\t\t\t\t<\/div>\n\t\t\t\t<div data-dce-background-color=\"#23A899\" class=\"elementor-element elementor-element-8b17ee3 elementor-align-left elementor-widget__width-auto elementor-mobile-align-justify elementor-widget-mobile__width-inherit elementor-widget elementor-widget-button\" data-id=\"8b17ee3\" data-element_type=\"widget\" data-e-type=\"widget\" data-widget_type=\"button.default\">\n\t\t\t\t<div class=\"elementor-widget-container\">\n\t\t\t\t\t\t\t\t\t<div class=\"elementor-button-wrapper\">\n\t\t\t\t\t<a class=\"elementor-button elementor-button-link elementor-size-sm\" href=\"tel:00436769421982\" target=\"_blank\">\n\t\t\t\t\t\t<span class=\"elementor-button-content-wrapper\">\n\t\t\t\t\t\t\t\t\t<span class=\"elementor-button-text\">Call<\/span>\n\t\t\t\t\t<\/span>\n\t\t\t\t\t<\/a>\n\t\t\t\t<\/div>\n\t\t\t\t\t\t\t\t<\/div>\n\t\t\t\t<\/div>\n\t\t\t\t\t<\/div>\n\t\t<\/div>\n\t\t\t\t\t<\/div>\n\t\t<\/section>\n\t\t\t\t\t<\/div>\n\t\t<\/div>\n\t\t\t\t\t<\/div>\n\t\t<\/section>\n\t\t\t\t<section class=\"elementor-section elementor-top-section elementor-element elementor-element-f25feda elementor-section-boxed elementor-section-height-default elementor-section-height-default\" data-id=\"f25feda\" data-element_type=\"section\" data-e-type=\"section\">\n\t\t\t\t\t\t<div class=\"elementor-container elementor-column-gap-default\">\n\t\t\t\t\t<div class=\"elementor-column elementor-col-100 elementor-top-column elementor-element elementor-element-e48d96c\" data-id=\"e48d96c\" data-element_type=\"column\" data-e-type=\"column\">\n\t\t\t<div class=\"elementor-widget-wrap elementor-element-populated\">\n\t\t\t\t\t\t<div class=\"elementor-element elementor-element-d69b66e elementor-widget elementor-widget-text-editor\" data-id=\"d69b66e\" data-element_type=\"widget\" data-e-type=\"widget\" data-widget_type=\"text-editor.default\">\n\t\t\t\t<div class=\"elementor-widget-container\">\n\t\t\t\t\t\t\t\t\t<p><strong>Press report:<\/strong><\/p>\n<p><a href=\"https:\/\/medizinwelt.com\/gesundheit\/dr-franczak-leistenbruch-chirurgie-wien\/\" target=\"_blank\" rel=\"noopener\">OA Dr. Andreas Franczak on inguinal hernia and modern therapy<\/a><br \/>&#8211; medizinwelt.com<\/p>\t\t\t\t\t\t\t\t<\/div>\n\t\t\t\t<\/div>\n\t\t\t\t\t<\/div>\n\t\t<\/div>\n\t\t\t\t\t<\/div>\n\t\t<\/section>\n\t\t\t\t<section class=\"elementor-section elementor-top-section elementor-element elementor-element-7b77710 elementor-section-boxed elementor-section-height-default elementor-section-height-default\" data-id=\"7b77710\" data-element_type=\"section\" data-e-type=\"section\">\n\t\t\t\t\t\t<div class=\"elementor-container elementor-column-gap-default\">\n\t\t\t\t\t<div class=\"elementor-column elementor-col-100 elementor-top-column elementor-element elementor-element-b432a2f\" data-id=\"b432a2f\" data-element_type=\"column\" data-e-type=\"column\">\n\t\t\t<div class=\"elementor-widget-wrap elementor-element-populated\">\n\t\t\t\t\t\t<div class=\"elementor-element elementor-element-bccfec6 elementor-hidden-mobile dce_masking-none elementor-widget elementor-widget-video\" data-id=\"bccfec6\" data-element_type=\"widget\" data-e-type=\"widget\" data-settings=\"{&quot;youtube_url&quot;:&quot;https:\\\/\\\/www.youtube.com\\\/watch?v=baqdBLJuJT0&amp;feature=emb_title&quot;,&quot;video_type&quot;:&quot;youtube&quot;,&quot;controls&quot;:&quot;yes&quot;}\" data-no-translation=\"\" data-widget_type=\"video.default\">\n\t\t\t\t<div class=\"elementor-widget-container\">\n\t\t\t\t\t<style>.elementor-element-bccfec6{display:none !important}<\/style>\t\t\t\t<\/div>\n\t\t\t\t<\/div>\n\t\t\t\t<div class=\"elementor-element elementor-element-4619c78 elementor-hidden-mobile dce_masking-none elementor-widget elementor-widget-video\" data-id=\"4619c78\" data-element_type=\"widget\" data-e-type=\"widget\" data-settings=\"{&quot;youtube_url&quot;:&quot;https:\\\/\\\/youtu.be\\\/FQ6RujJSJ9Y&quot;,&quot;video_type&quot;:&quot;youtube&quot;,&quot;controls&quot;:&quot;yes&quot;}\" data-no-translation=\"\" data-widget_type=\"video.default\">\n\t\t\t\t<div class=\"elementor-widget-container\">\n\t\t\t\t\t<style>.elementor-element-4619c78{display:none !important}<\/style>\t\t\t\t<\/div>\n\t\t\t\t<\/div>\n\t\t\t\t<div class=\"elementor-element elementor-element-82ce68f elementor-hidden-mobile dce_masking-none elementor-widget elementor-widget-video\" data-id=\"82ce68f\" data-element_type=\"widget\" data-e-type=\"widget\" data-settings=\"{&quot;youtube_url&quot;:&quot;https:\\\/\\\/youtu.be\\\/T-lHGs1VLbg&quot;,&quot;video_type&quot;:&quot;youtube&quot;,&quot;controls&quot;:&quot;yes&quot;}\" data-no-translation=\"\" data-widget_type=\"video.default\">\n\t\t\t\t<div class=\"elementor-widget-container\">\n\t\t\t\t\t\t\t<div class=\"elementor-wrapper elementor-open-inline\">\n\t\t\t<div class=\"elementor-video\"><\/div>\t\t<\/div>\n\t\t\t\t\t\t<\/div>\n\t\t\t\t<\/div>\n\t\t\t\t<div class=\"elementor-element elementor-element-1bfc8fb elementor-widget elementor-widget-text-editor\" data-id=\"1bfc8fb\" data-element_type=\"widget\" data-e-type=\"widget\" data-no-translation=\"\" data-widget_type=\"text-editor.default\">\n\t\t\t\t<div class=\"elementor-widget-container\">\n\t\t\t\t\t<style>.elementor-element-1bfc8fb{display:none !important}<\/style>\t\t\t\t<\/div>\n\t\t\t\t<\/div>\n\t\t\t\t\t<\/div>\n\t\t<\/div>\n\t\t\t\t\t<\/div>\n\t\t<\/section>\n\t\t\t\t<\/div>","protected":false},"excerpt":{"rendered":"<p>Sie brauchen eine Leistenbruch-Operation und haben Fragen? Als Spezialist beherrscht Dr. med. Andreas Franczak (Facharzt f\u00fcr Chirurgie und Additivarzt f\u00fcr Gef\u00e4\u00dfchirurgie\u00a0und Visceralchirurgie) mehrere Behandlungsmethoden f\u00fcr Leistenbr\u00fcche und kann Ihnen diejenige anbieten, die f\u00fcr Ihre spezielle Situation am besten geeignet ist. Fragen Sie nach, welche die Beste f\u00fcr Sie ist. Sie erhalten schnell einen Termin. Vous [&hellip;]<\/p>\n","protected":false},"author":2,"featured_media":764,"parent":181,"menu_order":0,"comment_status":"closed","ping_status":"closed","template":"","meta":{"inline_featured_image":false,"footnotes":""},"class_list":["post-412","page","type-page","status-publish","has-post-thumbnail","hentry"],"_links":{"self":[{"href":"https:\/\/www.dr-franczak.com\/en\/wp-json\/wp\/v2\/pages\/412","targetHints":{"allow":["GET"]}}],"collection":[{"href":"https:\/\/www.dr-franczak.com\/en\/wp-json\/wp\/v2\/pages"}],"about":[{"href":"https:\/\/www.dr-franczak.com\/en\/wp-json\/wp\/v2\/types\/page"}],"author":[{"embeddable":true,"href":"https:\/\/www.dr-franczak.com\/en\/wp-json\/wp\/v2\/users\/2"}],"replies":[{"embeddable":true,"href":"https:\/\/www.dr-franczak.com\/en\/wp-json\/wp\/v2\/comments?post=412"}],"version-history":[{"count":160,"href":"https:\/\/www.dr-franczak.com\/en\/wp-json\/wp\/v2\/pages\/412\/revisions"}],"predecessor-version":[{"id":2860,"href":"https:\/\/www.dr-franczak.com\/en\/wp-json\/wp\/v2\/pages\/412\/revisions\/2860"}],"up":[{"embeddable":true,"href":"https:\/\/www.dr-franczak.com\/en\/wp-json\/wp\/v2\/pages\/181"}],"wp:featuredmedia":[{"embeddable":true,"href":"https:\/\/www.dr-franczak.com\/en\/wp-json\/wp\/v2\/media\/764"}],"wp:attachment":[{"href":"https:\/\/www.dr-franczak.com\/en\/wp-json\/wp\/v2\/media?parent=412"}],"curies":[{"name":"wp","href":"https:\/\/api.w.org\/{rel}","templated":true}]}}