{"id":611,"date":"2020-05-22T10:36:25","date_gmt":"2020-05-22T08:36:25","guid":{"rendered":"https:\/\/franczak-wp.webhost2.casc.at\/?page_id=611"},"modified":"2024-04-12T10:32:08","modified_gmt":"2024-04-12T08:32:08","slug":"zwerchfell-bruch-reflux-spezialist-wien","status":"publish","type":"page","link":"https:\/\/www.dr-franczak.com\/en\/behandlung\/visceralchirurgie\/zwerchfell-bruch-reflux-spezialist-wien\/","title":{"rendered":"Diaphragmatic hernia"},"content":{"rendered":"<div data-elementor-type=\"wp-page\" data-elementor-id=\"611\" class=\"elementor elementor-611\" data-elementor-post-type=\"page\">\n\t\t\t\t\t\t<section class=\"elementor-section elementor-top-section elementor-element elementor-element-657b2a7 elementor-section-boxed elementor-section-height-default elementor-section-height-default\" data-id=\"657b2a7\" data-element_type=\"section\" data-e-type=\"section\">\n\t\t\t\t\t\t<div class=\"elementor-container elementor-column-gap-default\">\n\t\t\t\t\t<div class=\"elementor-column elementor-col-100 elementor-top-column elementor-element elementor-element-3895329f\" data-id=\"3895329f\" data-element_type=\"column\" data-e-type=\"column\">\n\t\t\t<div class=\"elementor-widget-wrap elementor-element-populated\">\n\t\t\t\t\t\t<div class=\"elementor-element elementor-element-5deecadb elementor-widget elementor-widget-text-editor\" data-id=\"5deecadb\" data-element_type=\"widget\" data-e-type=\"widget\" data-widget_type=\"text-editor.default\">\n\t\t\t\t<div class=\"elementor-widget-container\">\n\t\t\t\t\t\t\t\t\t\n<p><strong>How does a reflux esophagitis manifest itself?<\/strong><\/p>\n\n\n\n<p>A reflux esophagitis, also called reflux disease or GERD: gastroesophageal reflux, is the name for an inflammation of the esophagus, caused by the backflow of stomach contents into the esophagus. A typical sign of GERD is the heart-burn, a burning pain behind the sternum or within the upper abdomen, especially after lying down or after meals. Furthermore a feeling of pressure behind the sternum can occur without causing pain. Additional symptoms are such as the eructation of air, flatulences, difficulties while swallowing, eructation of food remnants (regurgitation), nausea, salty taste within the mouth, teeth damages (caries) and bad breath. Beyond that, reflux can lead to arrhythmia, chesty cough (inflammation of the bronchia, or increased asthma caused by reflux), hoarseness (laryngitis caused by reflux) and cause insomnia.<\/p>\n\n\n\n<p><strong>What causes an inflammation of the esophagus?<\/strong><\/p>\n\n\n\n<p>After the consumption of a meal, the food is lead from the mouth to the esophagus, then to the stomach. Within the stomach, gastric juices decompose the food. The transition between esophagus and the stomach is called cardia. That is where inside of the middle layer of the wall there is a sphincter muscle, called low esophageal sphincter (LES), which usually avoids a backflow of food and gastric juices into the esophagus. The sphincter muscle is located in height of the diaphragm, which divides ribcage cavity and abdominal cavity. A regurgitation may also appear in case of a malfunction of the movement of the oesphagus-muscles, an absent atony of the LES during the act of swallowing ( called achalasy)\nThe opening in the diaphragm is usually that small, that it only allows the gullet to pass through and thereby stomach is fastend in the abdominal cavity. If an expansion of the opening should take place, the stomach sildes into the ribcage, which is called adiaphragmatic hernia\/ hiatus hernia. Due to the fact that in this case, the function of the LES is no longer supported, the gastroesophageal reflux disease occurs in 10% of the cases.<br>Further contributive factors are: overweight, pregnancy, late consumption of food, alcohol and coffee.<\/p>\n\n\n\n<p><strong>How is the diagonsis made?<\/strong><\/p>\n\n\n\n<p>Eventhough the symptomes already indicate the disease, a gastroscopy is needed to exclude other sicknesses like cancer, before initiating the theraphy. This examination is performed ambulant, whithout causing pain, supported by suitable medicaments. As the circumstances require further examinations, like taking an x-ray with contrastmedium in the gullet, computed tomography, longterm pH-metrie and \u00d6sphagus- Manometrie, can become relevant.<\/p>\n\n\n\n<p><strong>What forms of diaphragmatic hernia are known?<\/strong><\/p>\n\n\n\n<p class=\"translation-block\">Usually the gastric bubble and the gullet build an sharp angle, called His- angle. In case of a deformation this angle is obtuse. The axial hiatus hernia, called sliding hernia, ist the most common form of the diaphragmatic hernia. In this situation the upper part of the stomach and the cardia slide through the widder hole of the diaphragm into the ribcage. More than 50% of the people in the age over 50 are affected by this situation.In case of a paraesophagal (rolling) hernia the LES remains in the correct position, however a part of the stomach slides besides the gullet through the hernial orifice into the ribcage. This situation might lead to a strangulation oft he stomach, with disturbances of the passage, ulcers and anaemia. An advanced stage of this form is called upside- down- stomach. In this situation the entire stomach is located within the ribcage. Forms that combine the axial and the paraesophageal hernia do also excist. An upside-down stomach is most of the time a combined form of the diaphragmatic hernia.<\/p>\n\n\n\n<p><strong>Which complications may occur in virtue of a reflux disease?<\/strong><\/p>\n\n\n\n<p>In consequence of the GERD ailment, ulcers might develop in the gullet, in very few cases hemmorhages or tresspassing of gastric contents into the lung (aspiration) appears, and leads to a restriction of the gullet. 5% of GERD patients develop a Barret- syndrom. In that case, the regular squamous epithelium of the inside layer of the gulletis replaced to a columnar configuration. This phenomenon is called metaplasy. A Barrett\u2019s esophagus is a prestage of cancer. The risk of adenocarcinoma (esophageal cancer) for long-segment-Barret ( over 3 cm) is estimated about 0,5% per year.<\/p>\n\n\n\n<p><strong>When is a surgery necessary?<\/strong><\/p>\n\n\n\n<p class=\"translation-block\">General measures, like weight reduction, avoiding late eating, loose clothing and sleeping with an elevated head, may ease minor reflux afflictions. If the afflictions should still occur or a gastroscopycally proofed gastroesophageal reflux is validated, a medical treatment with proton pump inhibitors (PPI) is needed. In most of the cases, the symptoms are eased by that therapy.\nIn advanced stages, with nonexsisting effect or intolerance of the medicaments, in case of aspiration or biliary reflux \u2013 a surgery is indicated. Likewise in the case of paraesophageal hernia, because of the risk of complications an operative treatment is necessary. The accurate positions of the stomach and the function of the lower LES can only be reconstructed by surgical treatment. The surgery is performed minimal invasive by using 4-5minor cuts (5-11 mm) in the skin. After the correction of the stomach position, the hiatal orificeis being constrained (hiatal plasty), furthermore a part of the stomache is wraped around the lower part of the gullet (fundoplication),thereby the function of the LES is being supported. In addition the stomach is being attached to the diaphragm (gastropexy). The surgergy takes about 1 hour. The patient is allowed to drink at the day of the intervention and the buildup of regular food starts the day after. The stay at the hospital takes 3 to 4 days.<\/p>\n\t\t\t\t\t\t\t\t<\/div>\n\t\t\t\t<\/div>\n\t\t\t\t<div class=\"elementor-element elementor-element-979ce55 dce_masking-none elementor-widget elementor-widget-image\" data-id=\"979ce55\" data-element_type=\"widget\" data-e-type=\"widget\" data-widget_type=\"image.default\">\n\t\t\t\t<div class=\"elementor-widget-container\">\n\t\t\t\t\t\t\t\t\t\t\t\t<figure class=\"wp-caption\">\n\t\t\t\t\t\t\t\t\t\t<img fetchpriority=\"high\" decoding=\"async\" width=\"800\" height=\"566\" src=\"https:\/\/www.dr-franczak.com\/wp-content\/uploads\/2020\/06\/seite119-1024x724.jpg\" class=\"attachment-large size-large wp-image-683\" alt=\"Seite119 - Sakral Dermoid\" srcset=\"https:\/\/www.dr-franczak.com\/wp-content\/uploads\/2020\/06\/seite119-1024x724.jpg 1024w, https:\/\/www.dr-franczak.com\/wp-content\/uploads\/2020\/06\/seite119-300x212.jpg 300w, https:\/\/www.dr-franczak.com\/wp-content\/uploads\/2020\/06\/seite119-768x543.jpg 768w, https:\/\/www.dr-franczak.com\/wp-content\/uploads\/2020\/06\/seite119-1536x1086.jpg 1536w, https:\/\/www.dr-franczak.com\/wp-content\/uploads\/2020\/06\/seite119.jpg 1600w\" sizes=\"(max-width: 800px) 100vw, 800px\" \/>\t\t\t\t\t\t\t\t\t\t\t<figcaption class=\"widget-image-caption wp-caption-text\">In November 2012 the German Hernia Society awarded us the quality seal<\/figcaption>\n\t\t\t\t\t\t\t\t\t\t<\/figure>\n\t\t\t\t\t\t\t\t\t<\/div>\n\t\t\t\t<\/div>\n\t\t\t\t<div class=\"elementor-element elementor-element-98db069 dce_masking-none elementor-widget elementor-widget-image\" data-id=\"98db069\" data-element_type=\"widget\" data-e-type=\"widget\" data-widget_type=\"image.default\">\n\t\t\t\t<div class=\"elementor-widget-container\">\n\t\t\t\t\t\t\t\t\t\t\t\t\t\t\t<img decoding=\"async\" width=\"212\" height=\"300\" src=\"https:\/\/www.dr-franczak.com\/wp-content\/uploads\/2020\/05\/DHG-Siegel-212x300.png\" class=\"attachment-medium size-medium wp-image-124\" alt=\"DHG Siegel - Profil\" srcset=\"https:\/\/www.dr-franczak.com\/wp-content\/uploads\/2020\/05\/DHG-Siegel-212x300.png 212w, https:\/\/www.dr-franczak.com\/wp-content\/uploads\/2020\/05\/DHG-Siegel-723x1024.png 723w, https:\/\/www.dr-franczak.com\/wp-content\/uploads\/2020\/05\/DHG-Siegel-768x1087.png 768w, https:\/\/www.dr-franczak.com\/wp-content\/uploads\/2020\/05\/DHG-Siegel-1085x1536.png 1085w, https:\/\/www.dr-franczak.com\/wp-content\/uploads\/2020\/05\/DHG-Siegel-1447x2048.png 1447w\" sizes=\"(max-width: 212px) 100vw, 212px\" \/>\t\t\t\t\t\t\t\t\t\t\t\t\t\t\t<\/div>\n\t\t\t\t<\/div>\n\t\t\t\t<div data-dce-title-color=\"#777777\" class=\"elementor-element elementor-element-181d407 elementor-widget elementor-widget-heading\" data-id=\"181d407\" data-element_type=\"widget\" data-e-type=\"widget\" data-widget_type=\"heading.default\">\n\t\t\t\t<div class=\"elementor-widget-container\">\n\t\t\t\t\t<h2 class=\"elementor-heading-title elementor-size-default\">Press report<\/h2>\t\t\t\t<\/div>\n\t\t\t\t<\/div>\n\t\t\t\t<div class=\"elementor-element elementor-element-0c677b0 dce_masking-none elementor-widget elementor-widget-image\" data-id=\"0c677b0\" data-element_type=\"widget\" data-e-type=\"widget\" data-widget_type=\"image.default\">\n\t\t\t\t<div class=\"elementor-widget-container\">\n\t\t\t\t\t\t\t\t\t\t\t\t<figure class=\"wp-caption\">\n\t\t\t\t\t\t\t\t\t\t\t<a href=\"#elementor-action%3Aaction%3Dlightbox%26settings%3DeyJ1cmwiOiJodHRwczpcL1wvd3d3LmRyLWZyYW5jemFrLmNvbVwvd3AtY29udGVudFwvdXBsb2Fkc1wvMjAyMVwvMDFcL0NhcHR1cmUxLnBuZyIsInR5cGUiOiJpbWFnZSIsInRpdGxlIjoiQ2FwdHVyZTEifQ%3D%3D\">\n\t\t\t\t\t\t\t<img decoding=\"async\" width=\"168\" height=\"161\" src=\"https:\/\/www.dr-franczak.com\/wp-content\/uploads\/2021\/01\/Capture-1.png\" class=\"attachment-medium_large size-medium_large wp-image-1411\" alt=\"Zwerchfellbruch, Chirurgie Wien\" srcset=\"https:\/\/www.dr-franczak.com\/wp-content\/uploads\/2021\/01\/Capture-1.png 168w, https:\/\/www.dr-franczak.com\/wp-content\/uploads\/2021\/01\/Capture-1-13x12.png 13w\" sizes=\"(max-width: 168px) 100vw, 168px\" \/>\t\t\t\t\t\t\t\t<\/a>\n\t\t\t\t\t\t\t\t\t\t\t<figcaption class=\"widget-image-caption wp-caption-text\">(Click on picture to load item)<\/figcaption>\n\t\t\t\t\t\t\t\t\t\t<\/figure>\n\t\t\t\t\t\t\t\t\t<\/div>\n\t\t\t\t<\/div>\n\t\t\t\t<div class=\"elementor-element elementor-element-335764e dce_masking-none elementor-widget elementor-widget-image\" data-id=\"335764e\" data-element_type=\"widget\" data-e-type=\"widget\" data-widget_type=\"image.default\">\n\t\t\t\t<div class=\"elementor-widget-container\">\n\t\t\t\t\t\t\t\t\t\t\t\t<figure class=\"wp-caption\">\n\t\t\t\t\t\t\t\t\t\t\t<a href=\"#elementor-action%3Aaction%3Dlightbox%26settings%3DeyJ1cmwiOiJodHRwczpcL1wvd3d3LmRyLWZyYW5jemFrLmNvbVwvd3AtY29udGVudFwvdXBsb2Fkc1wvMjAyMVwvMDVcL3p3ZXJjaGZlbGxicnVjaC5wbmciLCJ0eXBlIjoiaW1hZ2UiLCJ0aXRsZSI6Inp3ZXJjaGZlbGxicnVjaCJ9\">\n\t\t\t\t\t\t\t<img loading=\"lazy\" decoding=\"async\" width=\"768\" height=\"428\" src=\"https:\/\/www.dr-franczak.com\/wp-content\/uploads\/2021\/05\/zwerchfellbruch-768x428.png\" class=\"attachment-medium_large size-medium_large wp-image-1516\" alt=\"Zwerchfellbruch, Chirurgie Wien\" srcset=\"https:\/\/www.dr-franczak.com\/wp-content\/uploads\/2021\/05\/zwerchfellbruch-768x428.png 768w, https:\/\/www.dr-franczak.com\/wp-content\/uploads\/2021\/05\/zwerchfellbruch-300x167.png 300w, https:\/\/www.dr-franczak.com\/wp-content\/uploads\/2021\/05\/zwerchfellbruch-16x9.png 16w, https:\/\/www.dr-franczak.com\/wp-content\/uploads\/2021\/05\/zwerchfellbruch.png 945w\" sizes=\"(max-width: 768px) 100vw, 768px\" \/>\t\t\t\t\t\t\t\t<\/a>\n\t\t\t\t\t\t\t\t\t\t\t<figcaption class=\"widget-image-caption wp-caption-text\">(Click on picture to load item)<\/figcaption>\n\t\t\t\t\t\t\t\t\t\t<\/figure>\n\t\t\t\t\t\t\t\t\t<\/div>\n\t\t\t\t<\/div>\n\t\t\t\t<div class=\"elementor-element elementor-element-e455302 dce_masking-none elementor-widget elementor-widget-image\" data-id=\"e455302\" data-element_type=\"widget\" data-e-type=\"widget\" data-widget_type=\"image.default\">\n\t\t\t\t<div class=\"elementor-widget-container\">\n\t\t\t\t\t\t\t\t\t\t\t\t\t\t\t<img loading=\"lazy\" decoding=\"async\" width=\"258\" height=\"1024\" src=\"https:\/\/www.dr-franczak.com\/wp-content\/uploads\/2022\/05\/Reflux-GaWo-0522-258x1024.jpg\" class=\"attachment-large size-large wp-image-2009\" alt=\"Reflux GaWo 0522 - Reflux \u2013 Speiser\u00f6hrenentz\u00fcndung\" srcset=\"https:\/\/www.dr-franczak.com\/wp-content\/uploads\/2022\/05\/Reflux-GaWo-0522-258x1024.jpg 258w, https:\/\/www.dr-franczak.com\/wp-content\/uploads\/2022\/05\/Reflux-GaWo-0522-768x3051.jpg 768w, https:\/\/www.dr-franczak.com\/wp-content\/uploads\/2022\/05\/Reflux-GaWo-0522-387x1536.jpg 387w, https:\/\/www.dr-franczak.com\/wp-content\/uploads\/2022\/05\/Reflux-GaWo-0522-516x2048.jpg 516w, https:\/\/www.dr-franczak.com\/wp-content\/uploads\/2022\/05\/Reflux-GaWo-0522-3x12.jpg 3w\" sizes=\"(max-width: 258px) 100vw, 258px\" \/>\t\t\t\t\t\t\t\t\t\t\t\t\t\t\t<\/div>\n\t\t\t\t<\/div>\n\t\t\t\t\t<\/div>\n\t\t<\/div>\n\t\t\t\t\t<\/div>\n\t\t<\/section>\n\t\t\t\t<\/div>","protected":false},"excerpt":{"rendered":"<p>Wie \u00e4u\u00dfert sich eine Reflux-\u00d6sophagitis? Reflux\u00f6sophagitis, genannt auch Refluxkrankheit oder gastro\u00f6sophagealer Reflux (auf englisch GERD: gastroesophageal reflux disease) bezeichnet eine Entz\u00fcndung der Speisenr\u00f6hre verursacht durch den R\u00fcckfluss des Mageninhaltes in die Speisenr\u00f6hre. Ein typisches Zeichen ist das Sodbrennen- damit sind brennende Schmerzen hinter dem Brustbein (eng. heart-burn) oder im Oberbauch, insbesondere beim Liegen oder nach [&hellip;]<\/p>\n","protected":false},"author":2,"featured_media":681,"parent":181,"menu_order":0,"comment_status":"closed","ping_status":"closed","template":"","meta":{"inline_featured_image":false,"footnotes":""},"class_list":["post-611","page","type-page","status-publish","has-post-thumbnail","hentry"],"_links":{"self":[{"href":"https:\/\/www.dr-franczak.com\/en\/wp-json\/wp\/v2\/pages\/611","targetHints":{"allow":["GET"]}}],"collection":[{"href":"https:\/\/www.dr-franczak.com\/en\/wp-json\/wp\/v2\/pages"}],"about":[{"href":"https:\/\/www.dr-franczak.com\/en\/wp-json\/wp\/v2\/types\/page"}],"author":[{"embeddable":true,"href":"https:\/\/www.dr-franczak.com\/en\/wp-json\/wp\/v2\/users\/2"}],"replies":[{"embeddable":true,"href":"https:\/\/www.dr-franczak.com\/en\/wp-json\/wp\/v2\/comments?post=611"}],"version-history":[{"count":23,"href":"https:\/\/www.dr-franczak.com\/en\/wp-json\/wp\/v2\/pages\/611\/revisions"}],"predecessor-version":[{"id":2420,"href":"https:\/\/www.dr-franczak.com\/en\/wp-json\/wp\/v2\/pages\/611\/revisions\/2420"}],"up":[{"embeddable":true,"href":"https:\/\/www.dr-franczak.com\/en\/wp-json\/wp\/v2\/pages\/181"}],"wp:featuredmedia":[{"embeddable":true,"href":"https:\/\/www.dr-franczak.com\/en\/wp-json\/wp\/v2\/media\/681"}],"wp:attachment":[{"href":"https:\/\/www.dr-franczak.com\/en\/wp-json\/wp\/v2\/media?parent=611"}],"curies":[{"name":"wp","href":"https:\/\/api.w.org\/{rel}","templated":true}]}}