{"id":750,"date":"2020-06-03T21:54:26","date_gmt":"2020-06-03T19:54:26","guid":{"rendered":"https:\/\/www.dr-franczak.com\/?page_id=750"},"modified":"2024-03-28T18:07:42","modified_gmt":"2024-03-28T17:07:42","slug":"diagnostik","status":"publish","type":"page","link":"https:\/\/www.dr-franczak.com\/en\/behandlung\/diagnostik\/","title":{"rendered":"Diagnostic examinations"},"content":{"rendered":"<p><strong>In the visceral surgery we perform such examinations:<\/strong><\/p>\r\n\r\n\r\n\r\n<ul class=\"wp-block-list\">\r\n<li>Ultrasonography of the abdominal organs and the thyroid gland<\/li>\r\n<li>Gastroscopy (gastroscopy)<\/li>\r\n<li>Rectoscopy<\/li>\r\n<li>Colonoscopy\u00a0<\/li>\r\n<\/ul>\r\n\r\n\r\n\r\n<p>Endoscopic interventions such as Tissue extraction for fine tissue examination, removal of polyps or hemostasis can be carried out.<\/p>\r\n\r\n\r\n\r\n<div class=\"wp-block-spacer\" style=\"height: 40px;\" aria-hidden=\"true\">\u00a0<\/div>\r\n\r\n\r\n\r\n<p><strong>In the vascular lab we carry out following tests:<\/strong><\/p>\r\n\r\n\r\n\r\n<ul class=\"wp-block-list\">\r\n<li>Color flow ultrasound imaging of Carotid arteries<\/li>\r\n<li>Color flow ultrasound imaging of Abdominal vessels (Aorta, cava and iliac vessels)<\/li>\r\n<li>Color flow ultrasound imaging of Leg arteries<\/li>\r\n<li>Color flow ultrasound imaging of Arm vessels<\/li>\r\n<li>Color flow ultrasound imaging of Leg veins ( Diagnosis and follow up of varicose and thrombosis)<\/li>\r\n<li>cw-Doppler with perfusion pressure determination<\/li>\r\n<\/ul>\r\n\r\n\r\n\r\n<div class=\"wp-block-spacer\" style=\"height: 52px;\" aria-hidden=\"true\">\u00a0<\/div>","protected":false},"excerpt":{"rendered":"<p>Visceralchirurgische Untersuchungen: Ultraschalldiagnostik der Bauchorgane und der Schilddr\u00fcse Gastroskopie (Magenspiegelung) Rektoskopie (Enddarmspiegelung) Koloskopie (Dickdarmspiegelung)\u00a0 W\u00e4hrend der Spiegelung k\u00f6nnen endoskopische Eingriffe wie z.B. Gewebsentnahme zur feingeweblichen Untersuchung, Abtragung von Polypen oder Blutstillung vorgenommen werden. Gef\u00e4\u00dfchirurgische Untersuchungen: Farbduplex der Karotiden (Halsschlagadern) Farbduplex der Bauchgef\u00e4\u00dfe (Aorta und Beckenschlagadern) Farbduplex der Beinarterien Farbduplex der Armarterien Farbduplex der Venen (Krampfader [&hellip;]<\/p>\n","protected":false},"author":2,"featured_media":626,"parent":139,"menu_order":0,"comment_status":"closed","ping_status":"closed","template":"","meta":{"inline_featured_image":false,"footnotes":""},"class_list":["post-750","page","type-page","status-publish","has-post-thumbnail","hentry"],"_links":{"self":[{"href":"https:\/\/www.dr-franczak.com\/en\/wp-json\/wp\/v2\/pages\/750","targetHints":{"allow":["GET"]}}],"collection":[{"href":"https:\/\/www.dr-franczak.com\/en\/wp-json\/wp\/v2\/pages"}],"about":[{"href":"https:\/\/www.dr-franczak.com\/en\/wp-json\/wp\/v2\/types\/page"}],"author":[{"embeddable":true,"href":"https:\/\/www.dr-franczak.com\/en\/wp-json\/wp\/v2\/users\/2"}],"replies":[{"embeddable":true,"href":"https:\/\/www.dr-franczak.com\/en\/wp-json\/wp\/v2\/comments?post=750"}],"version-history":[{"count":8,"href":"https:\/\/www.dr-franczak.com\/en\/wp-json\/wp\/v2\/pages\/750\/revisions"}],"predecessor-version":[{"id":2382,"href":"https:\/\/www.dr-franczak.com\/en\/wp-json\/wp\/v2\/pages\/750\/revisions\/2382"}],"up":[{"embeddable":true,"href":"https:\/\/www.dr-franczak.com\/en\/wp-json\/wp\/v2\/pages\/139"}],"wp:featuredmedia":[{"embeddable":true,"href":"https:\/\/www.dr-franczak.com\/en\/wp-json\/wp\/v2\/media\/626"}],"wp:attachment":[{"href":"https:\/\/www.dr-franczak.com\/en\/wp-json\/wp\/v2\/media?parent=750"}],"curies":[{"name":"wp","href":"https:\/\/api.w.org\/{rel}","templated":true}]}}