{"id":756,"date":"2020-06-03T22:05:58","date_gmt":"2020-06-03T20:05:58","guid":{"rendered":"https:\/\/www.dr-franczak.com\/?page_id=756"},"modified":"2020-06-03T22:06:32","modified_gmt":"2020-06-03T20:06:32","slug":"alle-untersuchungen","status":"publish","type":"page","link":"https:\/\/www.dr-franczak.com\/en\/behandlung\/diagnostik\/alle-untersuchungen\/","title":{"rendered":"Alle Untersuchungen"},"content":{"rendered":"<p>Die Diagnostik im Rahmen der Visceralchirurgie werden folgende Untersuchungen vorgenommen:<\/p>\n\n\n\n<ul class=\"wp-block-list\"><li>Ultrasonography of the abdominal organs and the thyroid gland<\/li><li>Gastroscopy (gastroscopy)<\/li><li>Rectoscopy<\/li><li>Koloskopie (Dickdarmspiegelung)&nbsp;(Sehe: www.youtube.com\/watch?v=UCLMPvANLgg)<\/li><\/ul>\n\n\n\n<p>Endoscopic interventions such as Tissue extraction for fine tissue examination, removal of polyps or hemostasis can be carried out.<\/p>\n\n\n\n<p>In the vascular lab we carry out following tests:<\/p>\n\n\n\n<ul class=\"wp-block-list\"><li>Color flow ultrasound imaging of Carotid arteries<\/li><li>Color flow ultrasound imaging of Abdominal vessels (Aorta, cava and iliac vessels)<\/li><li>Color flow ultrasound imaging of Leg arteries<\/li><li>Color flow ultrasound imaging of Arm vessels<\/li><li>Color flow ultrasound imaging of Leg veins ( Diagnosis and follow up of varicose and thrombosis)<\/li><li>cw-Doppler with perfusion pressure determination<\/li><\/ul>","protected":false},"excerpt":{"rendered":"<p>Die Diagnostik im Rahmen der Visceralchirurgie werden folgende Untersuchungen vorgenommen: Ultraschalldiagnostik der Bauchorgane und der Schilddr\u00fcse Gastroskopie (Magenspiegelung) Rektoskopie (Enddarmspiegelung) Koloskopie (Dickdarmspiegelung)&nbsp;(Sehe: www.youtube.com\/watch?v=UCLMPvANLgg) W\u00e4hrend der Spiegelung k\u00f6nnen endoskopische Eingriffe wie z.B. Gewebsentnahme zur feingeweblichen Untersuchung, Abtragung von Polypen oder Blutstillung vorgenommen werden. Gef\u00e4\u00dfchirurgische Untersuchungen: Farbduplex der Karotiden (Halsschlagadern) Farbduplex der Bauchgef\u00e4\u00dfe (Aorta und Beckenschlagadern) Farbduplex [&hellip;]<\/p>\n","protected":false},"author":2,"featured_media":0,"parent":750,"menu_order":0,"comment_status":"closed","ping_status":"closed","template":"","meta":{"inline_featured_image":false,"footnotes":""},"class_list":["post-756","page","type-page","status-publish","hentry"],"_links":{"self":[{"href":"https:\/\/www.dr-franczak.com\/en\/wp-json\/wp\/v2\/pages\/756","targetHints":{"allow":["GET"]}}],"collection":[{"href":"https:\/\/www.dr-franczak.com\/en\/wp-json\/wp\/v2\/pages"}],"about":[{"href":"https:\/\/www.dr-franczak.com\/en\/wp-json\/wp\/v2\/types\/page"}],"author":[{"embeddable":true,"href":"https:\/\/www.dr-franczak.com\/en\/wp-json\/wp\/v2\/users\/2"}],"replies":[{"embeddable":true,"href":"https:\/\/www.dr-franczak.com\/en\/wp-json\/wp\/v2\/comments?post=756"}],"version-history":[{"count":1,"href":"https:\/\/www.dr-franczak.com\/en\/wp-json\/wp\/v2\/pages\/756\/revisions"}],"predecessor-version":[{"id":757,"href":"https:\/\/www.dr-franczak.com\/en\/wp-json\/wp\/v2\/pages\/756\/revisions\/757"}],"up":[{"embeddable":true,"href":"https:\/\/www.dr-franczak.com\/en\/wp-json\/wp\/v2\/pages\/750"}],"wp:attachment":[{"href":"https:\/\/www.dr-franczak.com\/en\/wp-json\/wp\/v2\/media?parent=756"}],"curies":[{"name":"wp","href":"https:\/\/api.w.org\/{rel}","templated":true}]}}