{"id":111,"date":"2020-05-07T15:47:44","date_gmt":"2020-05-07T13:47:44","guid":{"rendered":"http:\/\/franczak-wp.webhost2.casc.at\/?page_id=111"},"modified":"2026-01-28T15:33:02","modified_gmt":"2026-01-28T14:33:02","slug":"chirurg-1090-wien","status":"publish","type":"page","link":"https:\/\/www.dr-franczak.com\/pl\/chirurg-1090-wien\/","title":{"rendered":"CV"},"content":{"rendered":"<div data-elementor-type=\"wp-page\" data-elementor-id=\"111\" class=\"elementor elementor-111\" data-elementor-post-type=\"page\">\n\t\t\t\t\t\t<section class=\"elementor-section elementor-top-section elementor-element elementor-element-193a8e10 elementor-section-boxed elementor-section-height-default elementor-section-height-default\" data-id=\"193a8e10\" data-element_type=\"section\" data-e-type=\"section\">\n\t\t\t\t\t\t<div class=\"elementor-container elementor-column-gap-default\">\n\t\t\t\t\t<div class=\"elementor-column elementor-col-33 elementor-top-column elementor-element elementor-element-2358387e\" data-id=\"2358387e\" data-element_type=\"column\" data-e-type=\"column\">\n\t\t\t<div class=\"elementor-widget-wrap elementor-element-populated\">\n\t\t\t\t\t\t<div class=\"elementor-element elementor-element-591dd6ad dce_masking-none elementor-widget elementor-widget-image\" data-id=\"591dd6ad\" data-element_type=\"widget\" data-e-type=\"widget\" data-widget_type=\"image.default\">\n\t\t\t\t<div class=\"elementor-widget-container\">\n\t\t\t\t\t\t\t\t\t\t\t\t\t\t\t<img fetchpriority=\"high\" decoding=\"async\" width=\"800\" height=\"586\" src=\"https:\/\/www.dr-franczak.com\/wp-content\/uploads\/2020\/08\/dr-franczak.jpg\" class=\"attachment-large size-large wp-image-1133\" alt=\"Dr Franczak Profilbild - Chirurg Wien\" srcset=\"https:\/\/www.dr-franczak.com\/wp-content\/uploads\/2020\/08\/dr-franczak.jpg 1024w, https:\/\/www.dr-franczak.com\/wp-content\/uploads\/2020\/08\/dr-franczak-300x220.jpg 300w, https:\/\/www.dr-franczak.com\/wp-content\/uploads\/2020\/08\/dr-franczak-768x563.jpg 768w\" sizes=\"(max-width: 800px) 100vw, 800px\" \/>\t\t\t\t\t\t\t\t\t\t\t\t\t\t\t<\/div>\n\t\t\t\t<\/div>\n\t\t\t\t\t<\/div>\n\t\t<\/div>\n\t\t\t\t<div class=\"elementor-column elementor-col-33 elementor-top-column elementor-element elementor-element-4a0e0247\" data-id=\"4a0e0247\" data-element_type=\"column\" data-e-type=\"column\">\n\t\t\t<div class=\"elementor-widget-wrap\">\n\t\t\t\t\t\t\t<\/div>\n\t\t<\/div>\n\t\t\t\t<div class=\"elementor-column elementor-col-33 elementor-top-column elementor-element elementor-element-5801a829\" data-id=\"5801a829\" data-element_type=\"column\" data-e-type=\"column\">\n\t\t\t<div class=\"elementor-widget-wrap elementor-element-populated\">\n\t\t\t\t\t\t<div data-dce-title-color=\"#777777\" class=\"elementor-element elementor-element-2af190f2 elementor-widget elementor-widget-heading\" data-id=\"2af190f2\" data-element_type=\"widget\" data-e-type=\"widget\" data-widget_type=\"heading.default\">\n\t\t\t\t<div class=\"elementor-widget-container\">\n\t\t\t\t\t<h1 class=\"elementor-heading-title elementor-size-default\">Witam na stronie internetowej mojego gabinetu lekarskiego <br>Dr. med. Andreas Franczak<\/h1>\t\t\t\t<\/div>\n\t\t\t\t<\/div>\n\t\t\t\t<div class=\"elementor-element elementor-element-555859d2 elementor-widget elementor-widget-text-editor\" data-id=\"555859d2\" data-element_type=\"widget\" data-e-type=\"widget\" data-widget_type=\"text-editor.default\">\n\t\t\t\t<div class=\"elementor-widget-container\">\n\t\t\t\t\t\t\t\t\t<p>Chcia\u0142bym Pa\u0144stwa powita\u0107 na mojej stronie internetowej i przedstawi\u0107 zakres mojej dzia\u0142alno\u015bci, Jestem chirurgiem z wieloletnim do\u015bwiadczeniem jako ordynator Chirurgii w Klinice Uniwersyteckiej w Bochum oraz lekarz naczelny Chirurgii Szpitali \u201eDiakonia Po\u0142udniowa Westfalia\u201d w Niemczech. Obecnie pracuj\u0119 jako Oberarzt w szpitalu prywatnym \u201eEvangelisches Krankenhaus\u201d w Wiedniu. Opr\u00f3cz specjalizacji z chirurgii og\u00f3lnej posiadam specjalizacj\u0119 z chirurgii naczyniowej i wisceralnej, Zapraszam Pa\u0144stwa do zapoznania si\u0119 z poszczeg\u00f3lnymi jednostkami chorobowymi oraz do wizyty w moim gabinecie.<\/p><p>Z poszanowaniem<\/p>\t\t\t\t\t\t\t\t<\/div>\n\t\t\t\t<\/div>\n\t\t\t\t<div class=\"elementor-element elementor-element-2ae009f elementor-absolute dce_masking-none elementor-widget elementor-widget-image\" data-id=\"2ae009f\" data-element_type=\"widget\" data-e-type=\"widget\" data-settings=\"{&quot;_position&quot;:&quot;absolute&quot;}\" data-widget_type=\"image.default\">\n\t\t\t\t<div class=\"elementor-widget-container\">\n\t\t\t\t\t\t\t\t\t\t\t\t\t\t\t<img decoding=\"async\" src=\"https:\/\/www.dr-franczak.com\/wp-content\/uploads\/elementor\/thumbs\/dr-franczak-unterschrift-qzxsxe1my85itsalk7wywicyy828qfht9elqkn6h5g.png\" title=\"Dr Franczak Unterschrift &#8211; Profil\" alt=\"Dr Franczak Unterschrift - Profil\" loading=\"lazy\" \/>\t\t\t\t\t\t\t\t\t\t\t\t\t\t\t<\/div>\n\t\t\t\t<\/div>\n\t\t\t\t\t<\/div>\n\t\t<\/div>\n\t\t\t\t\t<\/div>\n\t\t<\/section>\n\t\t\t\t<section class=\"elementor-section elementor-top-section elementor-element elementor-element-360adc26 elementor-section-boxed elementor-section-height-default elementor-section-height-default\" data-id=\"360adc26\" data-element_type=\"section\" data-e-type=\"section\">\n\t\t\t\t\t\t<div class=\"elementor-container elementor-column-gap-default\">\n\t\t\t\t\t<div class=\"elementor-column elementor-col-100 elementor-top-column elementor-element elementor-element-790a2d08\" data-id=\"790a2d08\" data-element_type=\"column\" data-e-type=\"column\">\n\t\t\t<div class=\"elementor-widget-wrap elementor-element-populated\">\n\t\t\t\t\t\t<div class=\"elementor-element elementor-element-6c0387a9 elementor-widget elementor-widget-heading\" data-id=\"6c0387a9\" data-element_type=\"widget\" data-e-type=\"widget\" data-widget_type=\"heading.default\">\n\t\t\t\t<div class=\"elementor-widget-container\">\n\t\t\t\t\t<h2 class=\"elementor-heading-title elementor-size-default\">Dane personalne<\/h2>\t\t\t\t<\/div>\n\t\t\t\t<\/div>\n\t\t\t\t<div class=\"elementor-element elementor-element-14a86871 elementor-widget-divider--view-line elementor-widget elementor-widget-divider\" data-id=\"14a86871\" data-element_type=\"widget\" data-e-type=\"widget\" data-widget_type=\"divider.default\">\n\t\t\t\t<div class=\"elementor-widget-container\">\n\t\t\t\t\t\t\t<div class=\"elementor-divider\">\n\t\t\t<span class=\"elementor-divider-separator\">\n\t\t\t\t\t\t<\/span>\n\t\t<\/div>\n\t\t\t\t\t\t<\/div>\n\t\t\t\t<\/div>\n\t\t\t\t<section class=\"elementor-section elementor-inner-section elementor-element elementor-element-1ca8400 elementor-section-boxed elementor-section-height-default elementor-section-height-default\" data-id=\"1ca8400\" data-element_type=\"section\" data-e-type=\"section\">\n\t\t\t\t\t\t<div class=\"elementor-container elementor-column-gap-default\">\n\t\t\t\t\t<div class=\"elementor-column elementor-col-33 elementor-inner-column elementor-element elementor-element-22b1c22\" data-id=\"22b1c22\" data-element_type=\"column\" data-e-type=\"column\">\n\t\t\t<div class=\"elementor-widget-wrap elementor-element-populated\">\n\t\t\t\t\t\t<div data-dce-title-color=\"#777777\" class=\"elementor-element elementor-element-045f18d elementor-widget elementor-widget-heading\" data-id=\"045f18d\" data-element_type=\"widget\" data-e-type=\"widget\" data-widget_type=\"heading.default\">\n\t\t\t\t<div class=\"elementor-widget-container\">\n\t\t\t\t\t<h2 class=\"elementor-heading-title elementor-size-default\">Wykszta\u0142cenie<\/h2>\t\t\t\t<\/div>\n\t\t\t\t<\/div>\n\t\t\t\t<div class=\"elementor-element elementor-element-b734a7f elementor-widget elementor-widget-text-editor\" data-id=\"b734a7f\" data-element_type=\"widget\" data-e-type=\"widget\" data-widget_type=\"text-editor.default\">\n\t\t\t\t<div class=\"elementor-widget-container\">\n\t\t\t\t\t\t\t\t\t<p><strong>1989: <\/strong>Studia specjalistyczne w zakresie chirurgii wisceralnej na Wydziale Lekarskim Uniwersytetu \"Louis Pasteur\" w Strasburgu- Francja.<\/p><p><strong>1990: <\/strong>Nabycie niemieckiej licencji na wykonywanie zawodu lekarza<\/p><p><strong>1994: <\/strong>Doktorat z Uniwersytetu Medycznego Saary<\/p><p><strong>1995: <\/strong>Dyplom specjalizacji z chirurgii og\u00f3lnej- Muenster - Niemc<\/p><p><strong>1996: <\/strong>Ekspertyza dla s\u0142u\u017cb ratowniczych<\/p><p><strong>1998: <\/strong>Dyplom specjalizacji z chirurgii naczyniowej - Muenster- Niemcy.<\/p><p><strong>2000: <\/strong>Dyplom specjalizacji z chirurgii wisceralnej - Muenster, Niemcy.<\/p><p><strong>2000\u20132001: <\/strong>Dyplom uko\u0144czenia studi\u00f3w wy\u017cszych z Zarz\u0105dzania Instytucjami Socjalnymi i Zdrowia na Uniwersytecie Kaiserslautern, Niemcy.<\/p><p><strong>2005: <\/strong>Dyplom specjalizacji z chirurgii urazowej - Muenster, Niemcy.<\/p><p><strong>2011: <\/strong>FEBS (European Board of Surgery Qualifications) Honorary Diploma<\/p><p><strong>2017: <\/strong>Dyplom konsultanta z dziedziny chirurgii og\u00f3lnej oraz chirurgii naczyniowej wydany przez Ministerstwo Zdrowia Kr\u00f3lestwa Arabii Saudyjskiej<\/p>\t\t\t\t\t\t\t\t<\/div>\n\t\t\t\t<\/div>\n\t\t\t\t\t<\/div>\n\t\t<\/div>\n\t\t\t\t<div class=\"elementor-column elementor-col-33 elementor-inner-column elementor-element elementor-element-8f0e1ab\" data-id=\"8f0e1ab\" data-element_type=\"column\" data-e-type=\"column\">\n\t\t\t<div class=\"elementor-widget-wrap elementor-element-populated\">\n\t\t\t\t\t\t<div data-dce-title-color=\"#777777\" class=\"elementor-element elementor-element-04fcb13 elementor-widget elementor-widget-heading\" data-id=\"04fcb13\" data-element_type=\"widget\" data-e-type=\"widget\" data-widget_type=\"heading.default\">\n\t\t\t\t<div class=\"elementor-widget-container\">\n\t\t\t\t\t<h2 class=\"elementor-heading-title elementor-size-default\">Do\u015bwiadczenie zawodowe<\/h2>\t\t\t\t<\/div>\n\t\t\t\t<\/div>\n\t\t\t\t<div class=\"elementor-element elementor-element-35714df elementor-widget elementor-widget-text-editor\" data-id=\"35714df\" data-element_type=\"widget\" data-e-type=\"widget\" data-widget_type=\"text-editor.default\">\n\t\t\t\t<div class=\"elementor-widget-container\">\n\t\t\t\t\t\t\t\t\t<p><strong>1988\u20131989:<\/strong> Asystent na Oddziale Chirurgii Szpitala Le Parc, Saarguemines, Francja<\/p><p><strong>1990:<\/strong> Asystent na Klinice Chirurgii Urazowej, Plastycznej i R\u0119ki Szpitala Nauczaj\u0105cego Winterberg (Kierownik Kliniki: Prof. Dr Leo Zwank), Saarbruecken, Niemcy<\/p><p><strong>1990\u20131995:<\/strong> Asystent na wy\u017cej wymienionej Klinic<\/p><p><strong>1995\u20132003<\/strong>: Lekarz naczelny na Klinice Chirurgii Og\u00f3lnej, Naczyniowej, Klatki Piersiowej i Urazowej Szpitala Nauczaj\u0105cego (Akademisches Lehrkrankenhaus) Jung- Stilling, Uniwersytetu Bonn (Kierownik Kliniki: Prof. Dr Dieter Sachweh), Siegen, Niemcy<\/p><p><strong>2000:<\/strong> Uprawnienie do udzia\u0142u w ustawowej opiece zdrowotnej<\/p><p><strong>2003\u20132006<\/strong>Lekarz naczelny (Leitender Oberarzt) i Adjunkt na Klinice Uniwersyteckiej Chirurgii Bergmannsheil (Dyrektor Kliniki: Prof. Dr Gert Muhr), Uniwersytet Ruhry, Bochum, Niemcy<\/p><p><strong>2006\u20132008:<\/strong> Ordynator Oddzia\u0142u Chirurgii Naczyniowej Szpitala Korporacji Helios w Bochum, Niemcy<\/p><p><strong>2008\u20132010:<\/strong> Ordynator (Chefarzt) Oddzia\u0142\u00f3w Chirurgii og\u00f3lnej, wisceralnej i naczyniowej szpitali Bethesda, Freudenberg i Kredenbach\/ Kreuztal w Niemczech<\/p><p><strong>2016\u20132020:<\/strong> Konsultant ds. Chirurgii og\u00f3lnej i naczyniowej, Rijad, Arabia Saudyjska<\/p><p><strong>2020:<\/strong> Adiunkt (Oberarzt) na oddziale chirurgii og\u00f3lnej oraz wisceralnej szpitala Floridsdorf (Krankenhaus Nord), Wiede\u0144<\/p><p><strong>2011:<\/strong> Prywatny gabinet lekarski jako Wahlarzt w Wiedniu z prawem leczenia w prywatnych szpitalach wiede\u0144skich.<\/p>\t\t\t\t\t\t\t\t<\/div>\n\t\t\t\t<\/div>\n\t\t\t\t\t<\/div>\n\t\t<\/div>\n\t\t\t\t<div class=\"elementor-column elementor-col-33 elementor-inner-column elementor-element elementor-element-7760ee9\" data-id=\"7760ee9\" data-element_type=\"column\" data-e-type=\"column\">\n\t\t\t<div class=\"elementor-widget-wrap elementor-element-populated\">\n\t\t\t\t\t\t<div data-dce-title-color=\"#777777\" class=\"elementor-element elementor-element-b2a99db elementor-widget elementor-widget-heading\" data-id=\"b2a99db\" data-element_type=\"widget\" data-e-type=\"widget\" data-widget_type=\"heading.default\">\n\t\t\t\t<div class=\"elementor-widget-container\">\n\t\t\t\t\t<h2 class=\"elementor-heading-title elementor-size-default\">Szkolenia<\/h2>\t\t\t\t<\/div>\n\t\t\t\t<\/div>\n\t\t\t\t<div class=\"elementor-element elementor-element-5824933 elementor-widget elementor-widget-text-editor\" data-id=\"5824933\" data-element_type=\"widget\" data-e-type=\"widget\" data-widget_type=\"text-editor.default\">\n\t\t\t\t<div class=\"elementor-widget-container\">\n\t\t\t\t\t\t\t\t\t<p><strong>Nov. 88\u2013Mai 89:<\/strong> yplom uniwersytecki ultrasonografii na Uniwersytecie Louis Pasteur, Strasburg, Francja<\/p><p><strong>1994:<\/strong> Sta\u017c w Massachusetts General Hospital- Harvard Medical School, Chirurgia trzustki- Prof. Dr med. Andrew Warsaw, Boston, USA<\/p><p><strong>1997:<\/strong> Kursy Degum w Badaniach Doppler i Duplex, Wiliam Harvey Klinika Bad Nauheim, Niemcy<\/p><p><strong>1997:<\/strong> Europejski Kongres Angiologii (referat). Warszawa (PL) lekarz w Wiedniu. Pracowa\u0142 jako lekarz prowadz\u0105cy w wiede\u0144skich szpitalach.<\/p><p><strong>1997\u20131998:<\/strong> Kursy Degum w Badaniach Doppler i Duplex, Wiliam Harvey Klinika Bad Nauheim, Niemcy<\/p><p><strong>2000:<\/strong> Sta\u017c na Klinice Chirurgii Og\u00f3lnej i Transplantacji Uniwersytet Essen (Dyrektor: Prof. Dr med. C.E. Broelsch)<\/p><p><strong>2001:<\/strong> Zjazd \"Surgical Infection Society\", Gda\u0144sk<\/p><p><strong>2002:<\/strong> Sympozjum i warsztaty: \"Laparoskopowa i konwencjonalna naprawa przepuklin pooperacyjnych\" Baden-Baden (D)<\/p><p><strong>2003:<\/strong> Sympozjum \"Contemporary Aspects of Vascular Biology and Medicine\", Boston, USA<\/p><p><strong>2004:<\/strong> Hospitacja na Klinice Chirurgii Og\u00f3lnej i Transplantacji (Dyrektor: Prof. Dr med. Z. \u015aledzi\u0144ski), Gda\u0144sk<\/p><p><strong>2006:<\/strong> VNUS- Zamkni\u0119cie wewn\u0105trz\u017cylne za pomoc\u0105 energii fal radiowych, Norymberga (D)<\/p><p><strong>2010:<\/strong> Hospitacja na Klinice Koloproktologji, Prosper Hospital, Recklinghausen, Niemcy<\/p><p><strong>2010:<\/strong> Zjazd Chirurg\u00f3w, Buenos Aires, Argentyna<\/p><p><strong>2017:<\/strong> Wyk\u0142ad \u201eZesp\u00f3\u0142 stopy cukrzycowej\u201d, Habib Medical Group, Rijad, Arabia Saudyjska.<\/p><p><strong>1992 do dzisiaj:<\/strong> Coroczny udzia\u0142 w kongresie Niemieckiego Towarzystwa Chirurgicznego<\/p><p><strong>1996 do dzisiaj:<\/strong> Coroczny udzia\u0142 w kongresie Europejskiego Towarzystwa Chirurgii Naczyniowej w r\u00f3\u017cnych krajach Europy<\/p>\t\t\t\t\t\t\t\t<\/div>\n\t\t\t\t<\/div>\n\t\t\t\t\t<\/div>\n\t\t<\/div>\n\t\t\t\t\t<\/div>\n\t\t<\/section>\n\t\t\t\t\t<\/div>\n\t\t<\/div>\n\t\t\t\t\t<\/div>\n\t\t<\/section>\n\t\t\t\t<section class=\"elementor-section elementor-top-section elementor-element elementor-element-6a64f3c elementor-section-boxed elementor-section-height-default elementor-section-height-default\" data-id=\"6a64f3c\" data-element_type=\"section\" data-e-type=\"section\">\n\t\t\t\t\t\t<div class=\"elementor-container elementor-column-gap-default\">\n\t\t\t\t\t<div class=\"elementor-column elementor-col-100 elementor-top-column elementor-element elementor-element-77edbdd\" data-id=\"77edbdd\" data-element_type=\"column\" data-e-type=\"column\">\n\t\t\t<div class=\"elementor-widget-wrap elementor-element-populated\">\n\t\t\t\t\t\t<div class=\"elementor-element elementor-element-a217357 elementor-widget elementor-widget-heading\" data-id=\"a217357\" data-element_type=\"widget\" data-e-type=\"widget\" data-widget_type=\"heading.default\">\n\t\t\t\t<div class=\"elementor-widget-container\">\n\t\t\t\t\t<h2 class=\"elementor-heading-title elementor-size-default\">Nagrody<\/h2>\t\t\t\t<\/div>\n\t\t\t\t<\/div>\n\t\t\t\t<div class=\"elementor-element elementor-element-535e2d0 elementor-widget-divider--view-line elementor-widget elementor-widget-divider\" data-id=\"535e2d0\" data-element_type=\"widget\" data-e-type=\"widget\" data-widget_type=\"divider.default\">\n\t\t\t\t<div class=\"elementor-widget-container\">\n\t\t\t\t\t\t\t<div class=\"elementor-divider\">\n\t\t\t<span class=\"elementor-divider-separator\">\n\t\t\t\t\t\t<\/span>\n\t\t<\/div>\n\t\t\t\t\t\t<\/div>\n\t\t\t\t<\/div>\n\t\t\t\t<div class=\"elementor-element elementor-element-f85b2d8 elementor-widget__width-auto dce_masking-none elementor-widget elementor-widget-image\" data-id=\"f85b2d8\" data-element_type=\"widget\" data-e-type=\"widget\" data-widget_type=\"image.default\">\n\t\t\t\t<div class=\"elementor-widget-container\">\n\t\t\t\t\t\t\t\t\t\t\t\t\t\t\t<img decoding=\"async\" width=\"212\" height=\"300\" src=\"https:\/\/www.dr-franczak.com\/wp-content\/uploads\/2020\/05\/DHG-Siegel-212x300.png\" class=\"attachment-medium size-medium wp-image-124\" alt=\"DHG Siegel - Profil\" srcset=\"https:\/\/www.dr-franczak.com\/wp-content\/uploads\/2020\/05\/DHG-Siegel-212x300.png 212w, https:\/\/www.dr-franczak.com\/wp-content\/uploads\/2020\/05\/DHG-Siegel-723x1024.png 723w, https:\/\/www.dr-franczak.com\/wp-content\/uploads\/2020\/05\/DHG-Siegel-768x1087.png 768w, https:\/\/www.dr-franczak.com\/wp-content\/uploads\/2020\/05\/DHG-Siegel-1085x1536.png 1085w, https:\/\/www.dr-franczak.com\/wp-content\/uploads\/2020\/05\/DHG-Siegel-1447x2048.png 1447w\" sizes=\"(max-width: 212px) 100vw, 212px\" \/>\t\t\t\t\t\t\t\t\t\t\t\t\t\t\t<\/div>\n\t\t\t\t<\/div>\n\t\t\t\t<div class=\"elementor-element elementor-element-fc7ea82 elementor-widget__width-auto dce_masking-none elementor-widget elementor-widget-image\" data-id=\"fc7ea82\" data-element_type=\"widget\" data-e-type=\"widget\" data-widget_type=\"image.default\">\n\t\t\t\t<div class=\"elementor-widget-container\">\n\t\t\t\t\t\t\t\t\t\t\t\t\t\t\t<img decoding=\"async\" width=\"212\" height=\"300\" src=\"https:\/\/www.dr-franczak.com\/wp-content\/uploads\/2026\/01\/Patients-Choice-Award-2025-1-212x300.jpg\" class=\"attachment-medium size-medium wp-image-2876\" alt=\"Patients Choice Award 2025\" srcset=\"https:\/\/www.dr-franczak.com\/wp-content\/uploads\/2026\/01\/Patients-Choice-Award-2025-1-212x300.jpg 212w, https:\/\/www.dr-franczak.com\/wp-content\/uploads\/2026\/01\/Patients-Choice-Award-2025-1-8x12.jpg 8w, https:\/\/www.dr-franczak.com\/wp-content\/uploads\/2026\/01\/Patients-Choice-Award-2025-1.jpg 670w\" sizes=\"(max-width: 212px) 100vw, 212px\" \/>\t\t\t\t\t\t\t\t\t\t\t\t\t\t\t<\/div>\n\t\t\t\t<\/div>\n\t\t\t\t<div class=\"elementor-element elementor-element-cc813fc elementor-widget__width-auto dce_masking-none elementor-widget elementor-widget-image\" data-id=\"cc813fc\" data-element_type=\"widget\" data-e-type=\"widget\" data-widget_type=\"image.default\">\n\t\t\t\t<div class=\"elementor-widget-container\">\n\t\t\t\t\t\t\t\t\t\t\t\t\t\t\t<img loading=\"lazy\" decoding=\"async\" width=\"212\" height=\"300\" src=\"https:\/\/www.dr-franczak.com\/wp-content\/uploads\/2025\/02\/Patients-Chice-Award-2024-212x300.jpg\" class=\"attachment-medium size-medium wp-image-2742\" alt=\"\" srcset=\"https:\/\/www.dr-franczak.com\/wp-content\/uploads\/2025\/02\/Patients-Chice-Award-2024-212x300.jpg 212w, https:\/\/www.dr-franczak.com\/wp-content\/uploads\/2025\/02\/Patients-Chice-Award-2024-8x12.jpg 8w, https:\/\/www.dr-franczak.com\/wp-content\/uploads\/2025\/02\/Patients-Chice-Award-2024.jpg 670w\" sizes=\"(max-width: 212px) 100vw, 212px\" \/>\t\t\t\t\t\t\t\t\t\t\t\t\t\t\t<\/div>\n\t\t\t\t<\/div>\n\t\t\t\t<div class=\"elementor-element elementor-element-5836f02 elementor-widget__width-auto dce_masking-none elementor-widget elementor-widget-image\" data-id=\"5836f02\" data-element_type=\"widget\" data-e-type=\"widget\" data-widget_type=\"image.default\">\n\t\t\t\t<div class=\"elementor-widget-container\">\n\t\t\t\t\t\t\t\t\t\t\t\t\t\t\t<img decoding=\"async\" src=\"https:\/\/www.dr-franczak.com\/wp-content\/uploads\/elementor\/thumbs\/Qualitaaet-Zertifikat-qzxsxe1kiinhwqokerkxbvuasrvzscyah8wkemutq8.png\" title=\"Qualitaaet Zertifikat\" alt=\"Qualitaaet Zertifikat - Profil\" loading=\"lazy\" \/>\t\t\t\t\t\t\t\t\t\t\t\t\t\t\t<\/div>\n\t\t\t\t<\/div>\n\t\t\t\t<div class=\"elementor-element elementor-element-3e1ab8f elementor-widget__width-auto dce_masking-none elementor-widget elementor-widget-image\" data-id=\"3e1ab8f\" data-element_type=\"widget\" data-e-type=\"widget\" data-widget_type=\"image.default\">\n\t\t\t\t<div class=\"elementor-widget-container\">\n\t\t\t\t\t\t\t\t\t\t\t\t\t\t\t<img loading=\"lazy\" decoding=\"async\" width=\"226\" height=\"300\" src=\"https:\/\/www.dr-franczak.com\/wp-content\/uploads\/2025\/07\/Medizinwelt-Award.svg\" class=\"attachment-medium size-medium wp-image-2808\" alt=\"Patient Award Medizinwelt 2025\" \/>\t\t\t\t\t\t\t\t\t\t\t\t\t\t\t<\/div>\n\t\t\t\t<\/div>\n\t\t\t\t\t<\/div>\n\t\t<\/div>\n\t\t\t\t\t<\/div>\n\t\t<\/section>\n\t\t\t\t<\/div>","protected":false},"excerpt":{"rendered":"<p>Willkommen in der Praxis von Dr. med. Andreas Franczak Mit meiner Person begegnen Sie einem Chirurgen mit langj\u00e4hriger Erfahrung als Primarius der Diakonie Krankenh\u00e4user S\u00fcdwestfalen und leitender Oberarzt an der Universit\u00e4tsklinik in Bochum. Als einer von wenigen \u00f6sterreichischen \u00c4rzten bin ich Allgemeinchirurg, Viszeralchirurg und Gef\u00e4\u00dfchirurg in einer Person. Diese Erfahrung und mein Gesamtwissen kommen meinen [&hellip;]<\/p>\n","protected":false},"author":1,"featured_media":0,"parent":0,"menu_order":0,"comment_status":"closed","ping_status":"closed","template":"","meta":{"inline_featured_image":false,"footnotes":""},"class_list":["post-111","page","type-page","status-publish","hentry"],"_links":{"self":[{"href":"https:\/\/www.dr-franczak.com\/pl\/wp-json\/wp\/v2\/pages\/111","targetHints":{"allow":["GET"]}}],"collection":[{"href":"https:\/\/www.dr-franczak.com\/pl\/wp-json\/wp\/v2\/pages"}],"about":[{"href":"https:\/\/www.dr-franczak.com\/pl\/wp-json\/wp\/v2\/types\/page"}],"author":[{"embeddable":true,"href":"https:\/\/www.dr-franczak.com\/pl\/wp-json\/wp\/v2\/users\/1"}],"replies":[{"embeddable":true,"href":"https:\/\/www.dr-franczak.com\/pl\/wp-json\/wp\/v2\/comments?post=111"}],"version-history":[{"count":46,"href":"https:\/\/www.dr-franczak.com\/pl\/wp-json\/wp\/v2\/pages\/111\/revisions"}],"predecessor-version":[{"id":2882,"href":"https:\/\/www.dr-franczak.com\/pl\/wp-json\/wp\/v2\/pages\/111\/revisions\/2882"}],"wp:attachment":[{"href":"https:\/\/www.dr-franczak.com\/pl\/wp-json\/wp\/v2\/media?parent=111"}],"curies":[{"name":"wp","href":"https:\/\/api.w.org\/{rel}","templated":true}]}}