{"id":1339,"date":"2021-01-04T10:30:31","date_gmt":"2021-01-04T09:30:31","guid":{"rendered":"https:\/\/www.dr-franczak.com\/?page_id=1339"},"modified":"2022-01-24T12:19:31","modified_gmt":"2022-01-24T11:19:31","slug":"haut-und-unterhaut","status":"publish","type":"page","link":"https:\/\/www.dr-franczak.com\/pl\/behandlung\/visceralchirurgie\/haut-und-unterhaut\/","title":{"rendered":"Haut und Unterhaut"},"content":{"rendered":"<div data-elementor-type=\"wp-page\" data-elementor-id=\"1339\" class=\"elementor elementor-1339\" data-elementor-post-type=\"page\">\n\t\t\t\t\t\t<section class=\"elementor-section elementor-top-section elementor-element elementor-element-8265f27 elementor-section-boxed elementor-section-height-default elementor-section-height-default\" data-id=\"8265f27\" data-element_type=\"section\" data-e-type=\"section\">\n\t\t\t\t\t\t<div class=\"elementor-container elementor-column-gap-default\">\n\t\t\t\t\t<div class=\"elementor-column elementor-col-100 elementor-top-column elementor-element elementor-element-a608bf5\" data-id=\"a608bf5\" data-element_type=\"column\" data-e-type=\"column\">\n\t\t\t<div class=\"elementor-widget-wrap elementor-element-populated\">\n\t\t\t\t\t\t<div class=\"elementor-element elementor-element-cafc676 elementor-widget elementor-widget-toggle\" data-id=\"cafc676\" data-element_type=\"widget\" data-e-type=\"widget\" data-widget_type=\"toggle.default\">\n\t\t\t\t<div class=\"elementor-widget-container\">\n\t\t\t\t\t\t\t<div class=\"elementor-toggle\">\n\t\t\t\t\t\t\t<div class=\"elementor-toggle-item\">\n\t\t\t\t\t<div id=\"elementor-tab-title-2121\" class=\"elementor-tab-title\" data-tab=\"1\" role=\"button\" aria-controls=\"elementor-tab-content-2121\" aria-expanded=\"false\">\n\t\t\t\t\t\t\t\t\t\t\t\t<span class=\"elementor-toggle-icon elementor-toggle-icon-left\" aria-hidden=\"true\">\n\t\t\t\t\t\t\t\t\t\t\t\t\t\t\t<span class=\"elementor-toggle-icon-closed\"><svg class=\"e-font-icon-svg e-fas-caret-down\" viewbox=\"0 0 320 512\" xmlns=\"http:\/\/www.w3.org\/2000\/svg\"><path d=\"M31.3 192h257.3c17.8 0 26.7 21.5 14.1 34.1L174.1 354.8c-7.8 7.8-20.5 7.8-28.3 0L17.2 226.1C4.6 213.5 13.5 192 31.3 192z\"><\/path><\/svg><\/span>\n\t\t\t\t\t\t\t\t<span class=\"elementor-toggle-icon-opened\"><svg class=\"elementor-toggle-icon-opened e-font-icon-svg e-fas-caret-up\" viewbox=\"0 0 320 512\" xmlns=\"http:\/\/www.w3.org\/2000\/svg\"><path d=\"M288.662 352H31.338c-17.818 0-26.741-21.543-14.142-34.142l128.662-128.662c7.81-7.81 20.474-7.81 28.284 0l128.662 128.662c12.6 12.599 3.676 34.142-14.142 34.142z\"><\/path><\/svg><\/span>\n\t\t\t\t\t\t\t\t\t\t\t\t\t<\/span>\n\t\t\t\t\t\t\t\t\t\t\t\t<a class=\"elementor-toggle-title\" tabindex=\"0\">S\u0142owa kluczowe<\/a>\n\t\t\t\t\t<\/div>\n\n\t\t\t\t\t<div id=\"elementor-tab-content-2121\" class=\"elementor-tab-content elementor-clearfix\" data-tab=\"1\" role=\"region\" aria-labelledby=\"elementor-tab-title-2121\"><p>Lipom Behandlung, Lipom Entfernung, Fettgeschwulst Entfernung, Muttermal Entfernung<\/p><\/div>\n\t\t\t\t<\/div>\n\t\t\t\t\t\t\t\t<\/div>\n\t\t\t\t\t\t<\/div>\n\t\t\t\t<\/div>\n\t\t\t\t<div class=\"elementor-element elementor-element-cdfc1dd elementor-widget elementor-widget-text-editor\" data-id=\"cdfc1dd\" data-element_type=\"widget\" data-e-type=\"widget\" data-widget_type=\"text-editor.default\">\n\t\t\t\t<div class=\"elementor-widget-container\">\n\t\t\t\t\t\t\t\t\t<p><strong>Lipom (Fettgeschwulst)<\/strong><\/p><p>Ein Lipom ist ein gutartiger Tumor lokalisiert meistens im Unterhautgewebe. Es kommt in 2% der Bev\u00f6lkerung vor. Das Fettgeschwulst w\u00e4chst langsam aber mit der Zeit k\u00f6nnen lokale Beschwerden wie Druckgef\u00fchl verursacht werden. In lediglich 1% handelt sich um eine b\u00f6sartige Form (Liposarkom).<\/p><p>Falls Lipome gr\u00f6\u00dfer werden oder Beschwerden verursachen, sollte eine vollst\u00e4ndige Entfernung und mikroskopische (histologische) Untersuchung stattfinden. Falls ein Lipom vollst\u00e4ndig mit der Pseudokapsel entfernt wird, ist ein erneutes Wachstum an der gleichen Stelle unwahrscheinlich. Kleine Lipome k\u00f6nnen in \u00f6rtlicher Bet\u00e4ubung operiert werden. In der Regel verbleibt eine kleine, kaum sichtbare, feine Narbe.<\/p><p><strong>Muttermal (Naevus)<\/strong><\/p><p>Hierbei handelt es sich um gutartige, umschriebene Verf\u00e4rbungen der Haut. Umgangssprachlich werden Naevi auch Leberfleck genannt. Entsteht ein Naevus aus Gef\u00e4\u00dfen, dann wird es H\u00e4mangiom genannt. Ein aus Melanozyten gebildetes Naevus kann entarten und ein malignes Melanom- eine Art von Hautkrebs bilden. Sollten die Muttermale auff\u00e4llige Eigenschaften wie unregelm\u00e4\u00dfige Verf\u00e4rbungen, Juckreiz, unregelm\u00e4\u00dfige Grenzen oder schnelles Wachstum aufweisen, ist eine Entfernung zu empfehlen.<\/p><p>\u00a0<strong>Talgzyste (Atherom)<\/strong><\/p><p>Anders auch Gr\u00fctzbeutel genannt. \u00a0Es entsteht durch die Verstopfung eines Talgdr\u00fcsenganges und verursacht eine Schwellung unter der Haut, die zur Entz\u00fcndung und Eiteransammlung (Abszess-Bildung) neigt. Im entz\u00fcndeten Zustand ist eine Ausr\u00e4umung des Eiters erforderlich. Danach ist eine l\u00e4ngere offene Wundbehandlung \u00fcblich. Nicht entz\u00fcndete Atherome k\u00f6nnen in \u00f6rtlicher Beta\u00fcbung vollst\u00e4ndig mit der Kapsel entfernt werden. Die Haut kann dabei verschlossen werden. Es verbleibt nur eine minimale Narbe.<\/p><p><em>\u00a0<\/em><strong>Hidradenitis suppurativa<\/strong><\/p><p>Damit ist eine Entz\u00fcndung der Haarfollikel (die Poren in der Haut aus denen die Haare herauswachsen) und deren Schwei\u00dfdr\u00fcsen, lokalisiert meistens in den Achseln, gemeint. Leichtere Formen k\u00f6nnen mit Antibiotika behandelt werden. \u00a0Bei schwereren Formen kommt es durch Verstopfung dieser Follikel zur Vermehrung von Bakterien und Entstehung von schmerzhaften Abszessen (Eiteransammlungen). Mit der Zeit k\u00f6nnen sich Hautverh\u00e4rtungen und eitrige Kan\u00e4le (Fisteln) bilden.\u00a0 Sollte es zur Eiteransammlung kommen ist ein Aufschneiden n\u00f6tig, um das Eiter zu entleeren. Sollte es zum wiederholten Male Auftreten, ist eine Entfernung der ver\u00e4nderten Haut und eine Hautlappenplastik (meistens als Schwenklappen) ratsam. Damit ist meistens eine endg\u00fcltige Heilung erreichbar.<\/p><p><em>\u00a0<\/em><strong>Pyodermia fistulans sinifica<\/strong><\/p><p>Wird auch als Akne inversa genannt. Es handelt sich um eine chronische Entz\u00fcndung der Haut und Unterhaut, meistens in den Beugefalten (zum Beispiel in den Leisten). Durch entz\u00fcndliche Einschmelzung entstehen fuchsbauartigen Eiter ausscheidende Fistel, welche die Lebensqualit\u00e4t erheblich beeintr\u00e4chtigen k\u00f6nnen. Die Behandlung der Wahl ist die radikale Entfernung der betroffenen Areale bis auf die Muskelbindegewebe. Bei kleineren Defekten kann die gesunde Haut wieder vern\u00e4ht werden, bei gr\u00f6\u00dferen Defekten ist eine sekund\u00e4re Wundheilung bisweilen mit einem negativen Wunddruck Verband (z.B. VAC Versiegelung) erforderlich.<\/p><p><em>\u00a0<\/em><strong>Furunkel (Karbunkel)<\/strong><\/p><p>Furunkel ist eine schmerzhafte, lokalisierte, bakterielle Entz\u00fcndung des Haarbalgs die an jeder Stelle der Haut auftreten kann. Schmelzen mehrere Furunkel zusammen, wird dies Karbunkel genannt. In der fr\u00fchen Form kann ein Furunkel mit Antibiotikum und einer Zugsalbe behandelt werden. Im Falle von Eiteransammlung ist eine operative Abszess Er\u00f6ffnung erforderlich. Bei kleinerem Furunkel kann die Behandlung in \u00f6rtlicher Bet\u00e4ubung stattfinden.<\/p><p><a href=\"https:\/\/www.dr-franczak.com\/pl\/profil\/\"><strong>Autor: Dr. Andreas Franczak, specjalista chirurgii, chirurgii naczyniowej i chirurgii wisceralnej<\/strong><\/a><\/p>\t\t\t\t\t\t\t\t<\/div>\n\t\t\t\t<\/div>\n\t\t\t\t\t<\/div>\n\t\t<\/div>\n\t\t\t\t\t<\/div>\n\t\t<\/section>\n\t\t\t\t<\/div>","protected":false},"excerpt":{"rendered":"<p>Stichw\u00f6rter Lipom Behandlung, Lipom Entfernung, Fettgeschwulst Entfernung, Muttermal Entfernung Lipom (Fettgeschwulst) Ein Lipom ist ein gutartiger Tumor lokalisiert meistens im Unterhautgewebe. Es kommt in 2% der Bev\u00f6lkerung vor. Das Fettgeschwulst w\u00e4chst langsam aber mit der Zeit k\u00f6nnen lokale Beschwerden wie Druckgef\u00fchl verursacht werden. In lediglich 1% handelt sich um eine b\u00f6sartige Form (Liposarkom). Falls Lipome [&hellip;]<\/p>\n","protected":false},"author":1,"featured_media":710,"parent":181,"menu_order":0,"comment_status":"closed","ping_status":"closed","template":"","meta":{"inline_featured_image":false,"footnotes":""},"class_list":["post-1339","page","type-page","status-publish","has-post-thumbnail","hentry"],"_links":{"self":[{"href":"https:\/\/www.dr-franczak.com\/pl\/wp-json\/wp\/v2\/pages\/1339","targetHints":{"allow":["GET"]}}],"collection":[{"href":"https:\/\/www.dr-franczak.com\/pl\/wp-json\/wp\/v2\/pages"}],"about":[{"href":"https:\/\/www.dr-franczak.com\/pl\/wp-json\/wp\/v2\/types\/page"}],"author":[{"embeddable":true,"href":"https:\/\/www.dr-franczak.com\/pl\/wp-json\/wp\/v2\/users\/1"}],"replies":[{"embeddable":true,"href":"https:\/\/www.dr-franczak.com\/pl\/wp-json\/wp\/v2\/comments?post=1339"}],"version-history":[{"count":12,"href":"https:\/\/www.dr-franczak.com\/pl\/wp-json\/wp\/v2\/pages\/1339\/revisions"}],"predecessor-version":[{"id":2001,"href":"https:\/\/www.dr-franczak.com\/pl\/wp-json\/wp\/v2\/pages\/1339\/revisions\/2001"}],"up":[{"embeddable":true,"href":"https:\/\/www.dr-franczak.com\/pl\/wp-json\/wp\/v2\/pages\/181"}],"wp:featuredmedia":[{"embeddable":true,"href":"https:\/\/www.dr-franczak.com\/pl\/wp-json\/wp\/v2\/media\/710"}],"wp:attachment":[{"href":"https:\/\/www.dr-franczak.com\/pl\/wp-json\/wp\/v2\/media?parent=1339"}],"curies":[{"name":"wp","href":"https:\/\/api.w.org\/{rel}","templated":true}]}}