{"id":139,"date":"2020-05-08T12:27:33","date_gmt":"2020-05-08T10:27:33","guid":{"rendered":"http:\/\/franczak-wp.webhost2.casc.at\/?page_id=139"},"modified":"2025-01-28T14:50:12","modified_gmt":"2025-01-28T13:50:12","slug":"behandlung","status":"publish","type":"page","link":"https:\/\/www.dr-franczak.com\/pl\/behandlung\/","title":{"rendered":"Behandlung"},"content":{"rendered":"<div data-elementor-type=\"wp-page\" data-elementor-id=\"139\" class=\"elementor elementor-139\" data-elementor-post-type=\"page\">\n\t\t\t\t\t\t<section data-dce-background-image-url=\"https:\/\/www.dr-franczak.com\/wp-content\/uploads\/2020\/05\/stethoscope-scrubs.jpg\" class=\"elementor-section elementor-top-section elementor-element elementor-element-4784ebd elementor-section-full_width elementor-section-height-default elementor-section-height-default\" data-id=\"4784ebd\" data-element_type=\"section\" data-e-type=\"section\" id=\"citerow\" data-settings=\"{&quot;background_background&quot;:&quot;classic&quot;}\">\n\t\t\t\t\t\t<div class=\"elementor-container elementor-column-gap-default\">\n\t\t\t\t\t<div class=\"elementor-column elementor-col-100 elementor-top-column elementor-element elementor-element-c79bf41\" data-id=\"c79bf41\" data-element_type=\"column\" data-e-type=\"column\">\n\t\t\t<div class=\"elementor-widget-wrap elementor-element-populated\">\n\t\t\t\t\t\t<div class=\"elementor-element elementor-element-ea1b462 elementor-widget elementor-widget-spacer\" data-id=\"ea1b462\" data-element_type=\"widget\" data-e-type=\"widget\" data-widget_type=\"spacer.default\">\n\t\t\t\t<div class=\"elementor-widget-container\">\n\t\t\t\t\t\t\t<div class=\"elementor-spacer\">\n\t\t\t<div class=\"elementor-spacer-inner\"><\/div>\n\t\t<\/div>\n\t\t\t\t\t\t<\/div>\n\t\t\t\t<\/div>\n\t\t\t\t\t<\/div>\n\t\t<\/div>\n\t\t\t\t\t<\/div>\n\t\t<\/section>\n\t\t\t\t<section class=\"elementor-section elementor-top-section elementor-element elementor-element-35d0791 elementor-section-boxed elementor-section-height-default elementor-section-height-default\" data-id=\"35d0791\" data-element_type=\"section\" data-e-type=\"section\">\n\t\t\t\t\t\t<div class=\"elementor-container elementor-column-gap-default\">\n\t\t\t\t\t<div class=\"elementor-column elementor-col-33 elementor-top-column elementor-element elementor-element-79782f1\" data-id=\"79782f1\" data-element_type=\"column\" data-e-type=\"column\">\n\t\t\t<div class=\"elementor-widget-wrap elementor-element-populated\">\n\t\t\t\t\t\t<div class=\"elementor-element elementor-element-b52318b elementor-hidden-desktop elementor-widget elementor-widget-heading\" data-id=\"b52318b\" data-element_type=\"widget\" data-e-type=\"widget\" data-widget_type=\"heading.default\">\n\t\t\t\t<div class=\"elementor-widget-container\">\n\t\t\t\t\t<h2 class=\"elementor-heading-title elementor-size-default\">jednostki chorobowe<\/h2>\t\t\t\t<\/div>\n\t\t\t\t<\/div>\n\t\t\t\t<div class=\"elementor-element elementor-element-bcaffec elementor-widget elementor-widget-global elementor-global-244 elementor-widget-wp-widget-nav_menu\" data-id=\"bcaffec\" data-element_type=\"widget\" data-e-type=\"widget\" id=\"behandlungenmenue\" data-widget_type=\"wp-widget-nav_menu.default\">\n\t\t\t\t<div class=\"elementor-widget-container\">\n\t\t\t\t\t<nav class=\"menu-behandlungen-menu-container\" aria-label=\"Menu\"><ul id=\"menu-behandlungen-menu\" class=\"menu\"><li id=\"menu-item-183\" class=\"menu-item menu-item-type-post_type menu-item-object-page menu-item-has-children menu-item-183\"><a href=\"https:\/\/www.dr-franczak.com\/pl\/behandlung\/visceralchirurgie\/\">Chirurgia wisceralna<\/a>\n<ul class=\"sub-menu\">\n\t<li id=\"menu-item-416\" class=\"menu-item menu-item-type-post_type menu-item-object-page menu-item-416\"><a href=\"https:\/\/www.dr-franczak.com\/pl\/behandlung\/visceralchirurgie\/leistenbruch-operation-behandlung-wien\/\">Przepuklina pachwinowa<\/a><\/li>\n\t<li id=\"menu-item-387\" class=\"menu-item menu-item-type-post_type menu-item-object-page menu-item-387\"><a href=\"https:\/\/www.dr-franczak.com\/pl\/behandlung\/visceralchirurgie\/dickdarmkrebs\/\">Rak jelita grubego<\/a><\/li>\n\t<li id=\"menu-item-391\" class=\"menu-item menu-item-type-post_type menu-item-object-page menu-item-391\"><a href=\"https:\/\/www.dr-franczak.com\/pl\/behandlung\/visceralchirurgie\/enddarm-krebs\/\">Rak odbytnicy<\/a><\/li>\n\t<li id=\"menu-item-376\" class=\"menu-item menu-item-type-post_type menu-item-object-page menu-item-376\"><a href=\"https:\/\/www.dr-franczak.com\/pl\/behandlung\/visceralchirurgie\/gallensteine-entfernen-gallenblasen-op\/\">Usuwanie kamieni \u017c\u00f3\u0142ciowych<\/a><\/li>\n\t<li id=\"menu-item-236\" class=\"menu-item menu-item-type-post_type menu-item-object-page menu-item-236\"><a href=\"https:\/\/www.dr-franczak.com\/pl\/behandlung\/visceralchirurgie\/speiseroehrenentzuendung-durch-reflux\/\">Choroba refluksowa \u017co\u0142\u0105dkowo- prze\u0142ykowa<\/a><\/li>\n<\/ul>\n<\/li>\n<li id=\"menu-item-442\" class=\"menu-item menu-item-type-post_type menu-item-object-page menu-item-has-children menu-item-442\"><a href=\"https:\/\/www.dr-franczak.com\/pl\/behandlung\/gefaesschirurgie\/\">Chirurgia naczyniowa<\/a>\n<ul class=\"sub-menu\">\n\t<li id=\"menu-item-601\" class=\"menu-item menu-item-type-post_type menu-item-object-page menu-item-601\"><a href=\"https:\/\/www.dr-franczak.com\/pl\/behandlung\/gefaesschirurgie\/krampfadern-entfernen-venenspezialist-wien\/\">\u017bylaki ko\u0144czyn dolnych<\/a><\/li>\n\t<li id=\"menu-item-566\" class=\"menu-item menu-item-type-post_type menu-item-object-page menu-item-566\"><a href=\"https:\/\/www.dr-franczak.com\/pl\/behandlung\/gefaesschirurgie\/einengung-durch-arteriosklerose\/\">Zw\u0119\u017cenie spowodowane mia\u017cd\u017cyc\u0105 t\u0119tnic<\/a><\/li>\n<\/ul>\n<\/li>\n<li id=\"menu-item-752\" class=\"menu-item menu-item-type-post_type menu-item-object-page menu-item-752\"><a href=\"https:\/\/www.dr-franczak.com\/pl\/behandlung\/diagnostik\/\">Badania diagnostyczne<\/a><\/li>\n<\/ul><\/nav>\t\t\t\t<\/div>\n\t\t\t\t<\/div>\n\t\t\t\t\t<\/div>\n\t\t<\/div>\n\t\t\t\t<div class=\"elementor-column elementor-col-33 elementor-top-column elementor-element elementor-element-fb38836\" data-id=\"fb38836\" data-element_type=\"column\" data-e-type=\"column\">\n\t\t\t<div class=\"elementor-widget-wrap elementor-element-populated\">\n\t\t\t\t\t\t<div class=\"elementor-element elementor-element-6b676bec elementor-widget elementor-widget-heading\" data-id=\"6b676bec\" data-element_type=\"widget\" data-e-type=\"widget\" data-widget_type=\"heading.default\">\n\t\t\t\t<div class=\"elementor-widget-container\">\n\t\t\t\t\t<h2 class=\"elementor-heading-title elementor-size-default\">Chirurgia wisceralna<\/h2>\t\t\t\t<\/div>\n\t\t\t\t<\/div>\n\t\t\t\t<div class=\"elementor-element elementor-element-632ae819 elementor-widget-divider--view-line elementor-widget elementor-widget-divider\" data-id=\"632ae819\" data-element_type=\"widget\" data-e-type=\"widget\" data-widget_type=\"divider.default\">\n\t\t\t\t<div class=\"elementor-widget-container\">\n\t\t\t\t\t\t\t<div class=\"elementor-divider\">\n\t\t\t<span class=\"elementor-divider-separator\">\n\t\t\t\t\t\t<\/span>\n\t\t<\/div>\n\t\t\t\t\t\t<\/div>\n\t\t\t\t<\/div>\n\t\t\t\t<div class=\"elementor-element elementor-element-21e265a9 elementor-widget__width-initial elementor-widget elementor-widget-text-editor\" data-id=\"21e265a9\" data-element_type=\"widget\" data-e-type=\"widget\" data-widget_type=\"text-editor.default\">\n\t\t\t\t<div class=\"elementor-widget-container\">\n\t\t\t\t\t\t\t\t\tChirurgia wisceralna jest to specjalizacja istniej\u0105ca  w wielu krajach Europy zachodniej i jest odpowiednikiem polskiej specjalizacji z chirurgi onkologicznej i endokrynologicznej. W Niemczech i Austrii specjalizacj\u0119 z chirurgii wisceralnej uzyskuje si\u0119 po zdobyciu specjalizacji z chirurgi og\u00f3lnej oraz po dodatkowym klikuletnim szkoleniu w klinikach specjalistycznych. Chirurgia wisceralna zajmuje si\u0119 leczeniem operacyjnym g\u0142\u00f3wnie chor\u00f3b narz\u0105d\u00f3w brzusznych, tarczycy i przytarczyc ze szceg\u00f3lnym uwzgl\u0119dnieniem chor\u00f3b nowotworowych.\n\t\t\t\t\t\t\t\t<\/div>\n\t\t\t\t<\/div>\n\t\t\t\t<div class=\"elementor-element elementor-element-d600b36 elementor-widget elementor-widget-spacer\" data-id=\"d600b36\" data-element_type=\"widget\" data-e-type=\"widget\" data-widget_type=\"spacer.default\">\n\t\t\t\t<div class=\"elementor-widget-container\">\n\t\t\t\t\t\t\t<div class=\"elementor-spacer\">\n\t\t\t<div class=\"elementor-spacer-inner\"><\/div>\n\t\t<\/div>\n\t\t\t\t\t\t<\/div>\n\t\t\t\t<\/div>\n\t\t\t\t<div class=\"elementor-element elementor-element-1e48433 elementor-widget elementor-widget-heading\" data-id=\"1e48433\" data-element_type=\"widget\" data-e-type=\"widget\" data-widget_type=\"heading.default\">\n\t\t\t\t<div class=\"elementor-widget-container\">\n\t\t\t\t\t<h2 class=\"elementor-heading-title elementor-size-default\">Chirurgia naczyniowa<\/h2>\t\t\t\t<\/div>\n\t\t\t\t<\/div>\n\t\t\t\t<div class=\"elementor-element elementor-element-25715ba elementor-widget-divider--view-line elementor-widget elementor-widget-divider\" data-id=\"25715ba\" data-element_type=\"widget\" data-e-type=\"widget\" data-widget_type=\"divider.default\">\n\t\t\t\t<div class=\"elementor-widget-container\">\n\t\t\t\t\t\t\t<div class=\"elementor-divider\">\n\t\t\t<span class=\"elementor-divider-separator\">\n\t\t\t\t\t\t<\/span>\n\t\t<\/div>\n\t\t\t\t\t\t<\/div>\n\t\t\t\t<\/div>\n\t\t\t\t<div class=\"elementor-element elementor-element-268aae2 elementor-widget__width-initial elementor-widget elementor-widget-text-editor\" data-id=\"268aae2\" data-element_type=\"widget\" data-e-type=\"widget\" data-widget_type=\"text-editor.default\">\n\t\t\t\t<div class=\"elementor-widget-container\">\n\t\t\t\t\t\t\t\t\t<p>Leczenie operacyjne chor\u00f3b, kt\u00f3re obj\u0119te s\u0105 chirurgi\u0105 naczyniow\u0105. Chirurgia naczyniowa zajmuje si\u0119 zapobieganiem, rozpoznawaniem oraz zachowawczym i operacyjnym leczeniem chor\u00f3b t\u0119tnic i \u017cy\u0142. Aby uzyska\u0107 specjalizacj\u0119 z chirurgii naczyniowej, chirurdzy ze specjalizacj\u0105 z chirurgii og\u00f3lnej musz\u0105 w ci\u0105gu wielu lat zdobywa\u0107 dodatkow\u0105 wiedz\u0119 teoretyczn\u0105 i praktyczn\u0105 w klinikach chirurgii naczyniowej. Chirurdzy naczyniowi posiadaj\u0105 uprawnienia i s\u0105 specjalistami szczeg\u00f3lnie w leczeniu operacyjnym niedro\u017cnych t\u0119tnic, jak r\u00f3wnie\u017c t\u0119tniak\u00f3w, zakrzepicy \u017cy\u0142 oraz chor\u00f3b pochodnych.<\/p>\t\t\t\t\t\t\t\t<\/div>\n\t\t\t\t<\/div>\n\t\t\t\t\t<\/div>\n\t\t<\/div>\n\t\t\t\t<div class=\"elementor-column elementor-col-33 elementor-top-column elementor-element elementor-element-7f0a816\" data-id=\"7f0a816\" data-element_type=\"column\" data-e-type=\"column\">\n\t\t\t<div class=\"elementor-widget-wrap\">\n\t\t\t\t\t\t\t<\/div>\n\t\t<\/div>\n\t\t\t\t\t<\/div>\n\t\t<\/section>\n\t\t\t\t<\/div>","protected":false},"excerpt":{"rendered":"<p>Krankheitsbilder Visceralchirurgie Die Visceralchirurgie befasst sich mit der operativen Therapie von Krankheiten des gesamten Verdauungstraktes. Dar\u00fcber hinaus werden die Schilddr\u00fcse und die Nebenschilddr\u00fcsen sowie Leisten-, Narben- oder Nabelbr\u00fcche behandelt. Visceralchirurgen haben neben der Ausbildung in der Chirurgie eine mehrj\u00e4hrige Zusatzausbildung absolviert und verf\u00fcgen \u00fcber eine spezielle Expertise f\u00fcr die operative Behandlung der oben genannten Organe. [&hellip;]<\/p>\n","protected":false},"author":1,"featured_media":0,"parent":0,"menu_order":0,"comment_status":"closed","ping_status":"closed","template":"","meta":{"inline_featured_image":false,"footnotes":""},"class_list":["post-139","page","type-page","status-publish","hentry"],"_links":{"self":[{"href":"https:\/\/www.dr-franczak.com\/pl\/wp-json\/wp\/v2\/pages\/139","targetHints":{"allow":["GET"]}}],"collection":[{"href":"https:\/\/www.dr-franczak.com\/pl\/wp-json\/wp\/v2\/pages"}],"about":[{"href":"https:\/\/www.dr-franczak.com\/pl\/wp-json\/wp\/v2\/types\/page"}],"author":[{"embeddable":true,"href":"https:\/\/www.dr-franczak.com\/pl\/wp-json\/wp\/v2\/users\/1"}],"replies":[{"embeddable":true,"href":"https:\/\/www.dr-franczak.com\/pl\/wp-json\/wp\/v2\/comments?post=139"}],"version-history":[{"count":35,"href":"https:\/\/www.dr-franczak.com\/pl\/wp-json\/wp\/v2\/pages\/139\/revisions"}],"predecessor-version":[{"id":2708,"href":"https:\/\/www.dr-franczak.com\/pl\/wp-json\/wp\/v2\/pages\/139\/revisions\/2708"}],"wp:attachment":[{"href":"https:\/\/www.dr-franczak.com\/pl\/wp-json\/wp\/v2\/media?parent=139"}],"curies":[{"name":"wp","href":"https:\/\/api.w.org\/{rel}","templated":true}]}}