{"id":392,"date":"2020-05-11T07:25:33","date_gmt":"2020-05-11T05:25:33","guid":{"rendered":"http:\/\/franczak-wp.webhost2.casc.at\/?page_id=392"},"modified":"2024-04-02T13:02:09","modified_gmt":"2024-04-02T11:02:09","slug":"haemorrhoiden-arzt-wien","status":"publish","type":"page","link":"https:\/\/www.dr-franczak.com\/pl\/behandlung\/visceralchirurgie\/haemorrhoiden-arzt-wien\/","title":{"rendered":"Hemoroidy"},"content":{"rendered":"<div data-elementor-type=\"wp-page\" data-elementor-id=\"392\" class=\"elementor elementor-392\" data-elementor-post-type=\"page\">\n\t\t\t\t\t\t<section class=\"elementor-section elementor-top-section elementor-element elementor-element-71904c5d elementor-section-boxed elementor-section-height-default elementor-section-height-default\" data-id=\"71904c5d\" data-element_type=\"section\" data-e-type=\"section\">\n\t\t\t\t\t\t<div class=\"elementor-container elementor-column-gap-default\">\n\t\t\t\t\t<div class=\"elementor-column elementor-col-100 elementor-top-column elementor-element elementor-element-41c0601a\" data-id=\"41c0601a\" data-element_type=\"column\" data-e-type=\"column\">\n\t\t\t<div class=\"elementor-widget-wrap elementor-element-populated\">\n\t\t\t\t\t\t<div class=\"elementor-element elementor-element-f7e1fb4 elementor-widget elementor-widget-toggle\" data-id=\"f7e1fb4\" data-element_type=\"widget\" data-e-type=\"widget\" data-widget_type=\"toggle.default\">\n\t\t\t\t<div class=\"elementor-widget-container\">\n\t\t\t\t\t\t\t<div class=\"elementor-toggle\">\n\t\t\t\t\t\t\t<div class=\"elementor-toggle-item\">\n\t\t\t\t\t<div id=\"elementor-tab-title-2591\" class=\"elementor-tab-title\" data-tab=\"1\" role=\"button\" aria-controls=\"elementor-tab-content-2591\" aria-expanded=\"false\">\n\t\t\t\t\t\t\t\t\t\t\t\t<span class=\"elementor-toggle-icon elementor-toggle-icon-left\" aria-hidden=\"true\">\n\t\t\t\t\t\t\t\t\t\t\t\t\t\t\t<span class=\"elementor-toggle-icon-closed\"><svg class=\"e-font-icon-svg e-fas-caret-down\" viewbox=\"0 0 320 512\" xmlns=\"http:\/\/www.w3.org\/2000\/svg\"><path d=\"M31.3 192h257.3c17.8 0 26.7 21.5 14.1 34.1L174.1 354.8c-7.8 7.8-20.5 7.8-28.3 0L17.2 226.1C4.6 213.5 13.5 192 31.3 192z\"><\/path><\/svg><\/span>\n\t\t\t\t\t\t\t\t<span class=\"elementor-toggle-icon-opened\"><svg class=\"elementor-toggle-icon-opened e-font-icon-svg e-fas-caret-up\" viewbox=\"0 0 320 512\" xmlns=\"http:\/\/www.w3.org\/2000\/svg\"><path d=\"M288.662 352H31.338c-17.818 0-26.741-21.543-14.142-34.142l128.662-128.662c7.81-7.81 20.474-7.81 28.284 0l128.662 128.662c12.6 12.599 3.676 34.142-14.142 34.142z\"><\/path><\/svg><\/span>\n\t\t\t\t\t\t\t\t\t\t\t\t\t<\/span>\n\t\t\t\t\t\t\t\t\t\t\t\t<a class=\"elementor-toggle-title\" tabindex=\"0\">S\u0142owa kluczowe<\/a>\n\t\t\t\t\t<\/div>\n\n\t\t\t\t\t<div id=\"elementor-tab-content-2591\" class=\"elementor-tab-content elementor-clearfix\" data-tab=\"1\" role=\"region\" aria-labelledby=\"elementor-tab-title-2591\"><p>H\u00e4morrhoiden Spezialist, H\u00e4morrhoiden Laser, H\u00e4morrhoiden Arzt, H\u00e4morrhoiden Stapler, H\u00e4morrhoiden Behandlung, H\u00e4morrhoiden Wien<\/p><\/div>\n\t\t\t\t<\/div>\n\t\t\t\t\t\t\t\t<\/div>\n\t\t\t\t\t\t<\/div>\n\t\t\t\t<\/div>\n\t\t\t\t<div class=\"elementor-element elementor-element-75aa8016 elementor-widget elementor-widget-text-editor\" data-id=\"75aa8016\" data-element_type=\"widget\" data-e-type=\"widget\" data-widget_type=\"text-editor.default\">\n\t\t\t\t<div class=\"elementor-widget-container\">\n\t\t\t\t\t\t\t\t\t\n<p><strong>Was sind die H\u00e4morrhoiden?<\/strong><\/p>\n\n<p>H\u00e4morrhoiden, genannt auch noduli haemorrhoidalis , sind Gef\u00e4\u00dfpolster die ringf\u00f6rmig\u00a0\u00a0sich unter der Schleimhaut am \u00dcbergang zwischen dem Enddarm und dem After befinden. Diese Gef\u00e4\u00dfpolster helfen bei der Regulierung des Afterverschlusses (Feinkontinenz). Das corpus cavernosum recti (auch plexus h\u00e4morrhoidlais internus genannt) wird von der arteria rectalis superior versorgt. Der ven\u00f6se Abfluss geschieht \u00fcber die Venen, die durch den Schlie\u00dfmuskel verlaufen. Beim Bet\u00e4tigen der Bauchpresse kommt es zur verst\u00e4rkten Blutf\u00fcllung der H\u00e4morrhoiden. Wenn sich die H\u00e4morrhoidalknoten vergr\u00f6\u00dfern spricht man vom H\u00e4morrhoidalleiden.<\/p>\n\n<p>Etwa die H\u00e4lfte\u00a0\u00a0der \u00fcber F\u00fcnfzigj\u00e4hrigen leiden unter dieser Erkrankung. Eine \u00e4hnliche Erkrankung ist die Perianalthrombose (genannt auch \u00e4u\u00dfere H\u00e4morrhoiden). Hierbei entstehen Blutgerinnsel in den Venen der Analhaut. Die Behandlung ist meist konservativ.<\/p>\n\n<p><strong>Wodurch entstehen und wie \u00e4u\u00dfern sich die H\u00e4morrhoiden?<\/strong><\/p>\n\n<p>Eine eindeutige Ursache ist nicht bekannt. Es werden Faktoren angeschuldigt die einen erh\u00f6hten Druck im Bauch und Blutabflussbehinderung vom Schlie\u00dfmuskel bewirken. Eine Rolle spielen: vermehrtes Pressen beim Stuhlgang (Verstopfung), Schwangerschaft, faserarme Kost und genetische Veranlagung (Bindegewebsschw\u00e4che).<\/p>\n\n<p>Typische Beschwerden sind Schmerzen, Juckreiz, Hautausschlag (Ekzem) und Blut auf dem Stuhl (H\u00e4matochezie). Im fortgeschrittenen Stadium treten St\u00f6rungen der F\u00e4higkeit Darmgase und Stuhl sicher zu halten (Kontinenzst\u00f6rungen) auf.<\/p>\n\n<p><strong>Jakie etapy istniej\u0105?<\/strong><\/p>\n\n<p>Nach Miles werden 4 Stadien der Auspr\u00e4gung unterschieden:<\/p>\n\n<p>Stadium 1: Der Plexus ist vergr\u00f6\u00dfert, die H\u00e4morrhoiden sind nur durch Proktoskopie (Enddarmspiegelung) oder Anoskopie sichtbar. Dieses Stadium ist reversibel.<\/p>\n\n<p>Stadium 2: Beim Pressen fallen die Knoten in den Analkanal vor, ziehen sich aber sp\u00e4ter von selbst zur\u00fcck.<\/p>\n\n<p>Stadium 3: Die Knoten ziehen sich nach dem Ende des Pressaktion nicht spontan zur\u00fcck, aber k\u00f6nnen mechanisch reponiert (in den Analkanal eingeschoben) werden.<\/p>\n\n<p>Stadium 4: Eine Reposition der Knoten ist nicht mehr m\u00f6glich. Dieses Stadium entspricht dem Analprolaps (Vorfall des Afters).<\/p>\n\n<p><strong>Jakie s\u0105 metody leczenia?<\/strong><\/p>\n\n<p>Falls keine Beschwerden bestehen, m\u00fcssen die H\u00e4morrhoiden nicht unbedingt behandelt werden. Beim zunehmenden Stadium besteht aber eine zunehmende Komplikationsgefahr.<\/p>\n\n<p>Die Basistherapie besteht aus Stuhlregulierung, ausreichender Ballaststoffe und Fl\u00fcssigkeitszufuhr sowie falls n\u00f6tig aus medikament\u00f6ser Therapie. Hier geh\u00f6ren Abf\u00fchrmittel, lokale Salben oder Z\u00e4pfchen sowie Venotonika wie mikronisierende Flavanoide. Zu den interventionellen bzw. operativen Verfahren geh\u00f6ren:<\/p>\n\n<p>&#8211; Sklerosierung (Ver\u00f6dung): Hierbei wird Ver\u00f6dungsmittel (Aethoxyskleror 3% oder Phenolmandel\u00f6l) in den Knoten eingespritzt. Es besteht ein hohes Rezidivrisiko (Wahrscheinlichkeit f\u00fcr erneutes Auftreten).<\/p>\n\n<p>&#8211; Gummibandligatur (Gummiligatur nach Barron). Der Knoten wird durch ein dar\u00fcbergest\u00fclptes Gummiband abgeklemmt und f\u00e4llt in den folgenden Tagen ab. Auch hier ist die Rezidivquote hoch.<\/p>\n\n<p>&#8211; Operation nach Milligan- Morgan: Hierbei werden die Knoten spindelf\u00f6rmig herausgeschnitten und der Defekt wird offen gelassen<\/p>\n\n<p>&#8211; Operation nach Fergusson: \u00e4hnlich wie Milligan- Morgan , aber hier wird der Defekt vern\u00e4ht.<\/p>\n\n<p>&#8211; Operation nach Parks: die Schleimhaut wird angehoben und die Gef\u00e4\u00dfkonvolute werden entfernt.<\/p>\n\n<p>&#8211; Stapler H\u00e4morrhoidektomie nach Longo: Hierbei wird ein Ring aus Schleimhaut mit den zu den H\u00e4morrhoiden f\u00fchrenden Arterien entfernt.<\/p>\n\n<p>&#8211; HAL- RAR ( H\u00e4morrhoidal Arterien Ligatur mit Rekto Analer Raffung), auch Anallifting genannt : Hierbei wird kein Gewebe entfernt, sondern es werden die zuf\u00fchrende Arterien mit Ultraschall lokalisiert und abgebunden. Zus\u00e4tzlich werden die vorgefallenen Knoten mit Nahtschlingen in den Analkanal wieder fixiert.<\/p>\n\n<p>&#8211; Laser Behandlung: Das ist eine minimal invasive Therapie bei der mit Hilfe einer Lasersonde, die Knoten (noduli) nicht entfernt werden sondern auf die normale Gr\u00f6\u00dfe verkleinert werden.<\/p>\n\n<p>Die Entscheidung \u00fcber die Behandlungsmethode sollte individuell je nach Stadium und W\u00fcnschen des Patienten getroffen werden.<\/p>\n\n<p><a href=\"https:\/\/www.dr-franczak.com\/pl\/profil\/\"><strong>Autor: Dr. Andreas Franczak, specjalista chirurgii, chirurgii naczyniowej i chirurgii wisceralnej<\/strong><\/a><\/p>\n\t\t\t\t\t\t\t\t<\/div>\n\t\t\t\t<\/div>\n\t\t\t\t\t<\/div>\n\t\t<\/div>\n\t\t\t\t\t<\/div>\n\t\t<\/section>\n\t\t\t\t<section class=\"elementor-section elementor-top-section elementor-element elementor-element-13380e8 elementor-section-boxed elementor-section-height-default elementor-section-height-default\" data-id=\"13380e8\" data-element_type=\"section\" data-e-type=\"section\">\n\t\t\t\t\t\t<div class=\"elementor-container elementor-column-gap-default\">\n\t\t\t\t\t<div class=\"elementor-column elementor-col-100 elementor-top-column elementor-element elementor-element-2ab66ed\" data-id=\"2ab66ed\" data-element_type=\"column\" data-e-type=\"column\">\n\t\t\t<div class=\"elementor-widget-wrap elementor-element-populated\">\n\t\t\t\t\t\t<div class=\"elementor-element elementor-element-e5334bb dce_masking-none elementor-widget elementor-widget-image\" data-id=\"e5334bb\" data-element_type=\"widget\" data-e-type=\"widget\" data-widget_type=\"image.default\">\n\t\t\t\t<div class=\"elementor-widget-container\">\n\t\t\t\t\t\t\t\t\t\t\t\t\t\t\t\t<a href=\"https:\/\/www.dr-franczak.com\/wp-content\/uploads\/2021\/05\/Ha\u0308morrhoiden-Ga-Wo.jpeg\" data-elementor-open-lightbox=\"yes\" data-elementor-lightbox-title=\"Ha\u0308morrhoiden Ga-Wo\" data-e-action-hash=\"#elementor-action%3Aaction%3Dlightbox%26settings%3DeyJpZCI6MTUyNywidXJsIjoiaHR0cHM6XC9cL3d3dy5kci1mcmFuY3phay5jb21cL3dwLWNvbnRlbnRcL3VwbG9hZHNcLzIwMjFcLzA1XC9IYVx1MDMwOG1vcnJob2lkZW4tR2EtV28uanBlZyJ9\">\n\t\t\t\t\t\t\t<img fetchpriority=\"high\" decoding=\"async\" width=\"222\" height=\"300\" src=\"https:\/\/www.dr-franczak.com\/wp-content\/uploads\/2021\/05\/Ha\u0308morrhoiden-Ga-Wo-222x300.jpeg\" class=\"attachment-medium size-medium wp-image-1527\" alt=\"H\u00e4morrhoiden Behandlung Wien\" srcset=\"https:\/\/www.dr-franczak.com\/wp-content\/uploads\/2021\/05\/Ha\u0308morrhoiden-Ga-Wo-222x300.jpeg 222w, https:\/\/www.dr-franczak.com\/wp-content\/uploads\/2021\/05\/Ha\u0308morrhoiden-Ga-Wo-757x1024.jpeg 757w, https:\/\/www.dr-franczak.com\/wp-content\/uploads\/2021\/05\/Ha\u0308morrhoiden-Ga-Wo-768x1039.jpeg 768w, https:\/\/www.dr-franczak.com\/wp-content\/uploads\/2021\/05\/Ha\u0308morrhoiden-Ga-Wo-1135x1536.jpeg 1135w, https:\/\/www.dr-franczak.com\/wp-content\/uploads\/2021\/05\/Ha\u0308morrhoiden-Ga-Wo-9x12.jpeg 9w, https:\/\/www.dr-franczak.com\/wp-content\/uploads\/2021\/05\/Ha\u0308morrhoiden-Ga-Wo.jpeg 1213w\" sizes=\"(max-width: 222px) 100vw, 222px\" \/>\t\t\t\t\t\t\t\t<\/a>\n\t\t\t\t\t\t\t\t\t\t\t\t\t\t\t<\/div>\n\t\t\t\t<\/div>\n\t\t\t\t\t<\/div>\n\t\t<\/div>\n\t\t\t\t\t<\/div>\n\t\t<\/section>\n\t\t\t\t<\/div>","protected":false},"excerpt":{"rendered":"<p>Stichw\u00f6rter H\u00e4morrhoiden Spezialist, H\u00e4morrhoiden Laser, H\u00e4morrhoiden Arzt, H\u00e4morrhoiden Stapler, H\u00e4morrhoiden Behandlung, H\u00e4morrhoiden Wien Was sind die H\u00e4morrhoiden? H\u00e4morrhoiden, genannt auch noduli haemorrhoidalis , sind Gef\u00e4\u00dfpolster die ringf\u00f6rmig\u00a0\u00a0sich unter der Schleimhaut am \u00dcbergang zwischen dem Enddarm und dem After befinden. Diese Gef\u00e4\u00dfpolster helfen bei der Regulierung des Afterverschlusses (Feinkontinenz). Das corpus cavernosum recti (auch plexus h\u00e4morrhoidlais [&hellip;]<\/p>\n","protected":false},"author":2,"featured_media":765,"parent":181,"menu_order":0,"comment_status":"closed","ping_status":"closed","template":"","meta":{"inline_featured_image":false,"footnotes":""},"class_list":["post-392","page","type-page","status-publish","has-post-thumbnail","hentry"],"_links":{"self":[{"href":"https:\/\/www.dr-franczak.com\/pl\/wp-json\/wp\/v2\/pages\/392","targetHints":{"allow":["GET"]}}],"collection":[{"href":"https:\/\/www.dr-franczak.com\/pl\/wp-json\/wp\/v2\/pages"}],"about":[{"href":"https:\/\/www.dr-franczak.com\/pl\/wp-json\/wp\/v2\/types\/page"}],"author":[{"embeddable":true,"href":"https:\/\/www.dr-franczak.com\/pl\/wp-json\/wp\/v2\/users\/2"}],"replies":[{"embeddable":true,"href":"https:\/\/www.dr-franczak.com\/pl\/wp-json\/wp\/v2\/comments?post=392"}],"version-history":[{"count":46,"href":"https:\/\/www.dr-franczak.com\/pl\/wp-json\/wp\/v2\/pages\/392\/revisions"}],"predecessor-version":[{"id":2412,"href":"https:\/\/www.dr-franczak.com\/pl\/wp-json\/wp\/v2\/pages\/392\/revisions\/2412"}],"up":[{"embeddable":true,"href":"https:\/\/www.dr-franczak.com\/pl\/wp-json\/wp\/v2\/pages\/181"}],"wp:featuredmedia":[{"embeddable":true,"href":"https:\/\/www.dr-franczak.com\/pl\/wp-json\/wp\/v2\/media\/765"}],"wp:attachment":[{"href":"https:\/\/www.dr-franczak.com\/pl\/wp-json\/wp\/v2\/media?parent=392"}],"curies":[{"name":"wp","href":"https:\/\/api.w.org\/{rel}","templated":true}]}}