{"id":438,"date":"2020-05-13T21:46:20","date_gmt":"2020-05-13T19:46:20","guid":{"rendered":"https:\/\/franczak-wp.webhost2.casc.at\/?page_id=438"},"modified":"2025-01-28T11:40:01","modified_gmt":"2025-01-28T10:40:01","slug":"gefaesschirurgie","status":"publish","type":"page","link":"https:\/\/www.dr-franczak.com\/pl\/behandlung\/gefaesschirurgie\/","title":{"rendered":"Chirurgia naczyniowa"},"content":{"rendered":"<div data-elementor-type=\"wp-page\" data-elementor-id=\"438\" class=\"elementor elementor-438\" data-elementor-post-type=\"page\">\n\t\t\t\t\t\t<section class=\"elementor-section elementor-top-section elementor-element elementor-element-ab29a0f elementor-section-boxed elementor-section-height-default elementor-section-height-default\" data-id=\"ab29a0f\" data-element_type=\"section\" data-e-type=\"section\">\n\t\t\t\t\t\t<div class=\"elementor-container elementor-column-gap-default\">\n\t\t\t\t\t<div class=\"elementor-column elementor-col-100 elementor-top-column elementor-element elementor-element-cf1f4d7\" data-id=\"cf1f4d7\" data-element_type=\"column\" data-e-type=\"column\">\n\t\t\t<div class=\"elementor-widget-wrap elementor-element-populated\">\n\t\t\t\t\t\t<div data-dce-text-color=\"#777777\" class=\"elementor-element elementor-element-ebb9799 elementor-widget elementor-widget-text-editor\" data-id=\"ebb9799\" data-element_type=\"widget\" data-e-type=\"widget\" data-widget_type=\"text-editor.default\">\n\t\t\t\t<div class=\"elementor-widget-container\">\n\t\t\t\t\t\t\t\t\t<p>Chirurgia naczyniowa zajmuje si\u0119 zapobieganiem, wykrywaniem oraz niechirurgicznym i chirurgicznym leczeniem chor\u00f3b t\u0119tnic i \u017cy\u0142. Opr\u00f3cz szkolenia chirurgicznego, chirurdzy naczyniowi uko\u0144czyli kilkuletnie dodatkowe szkolenie i s\u0105 specjalistami w chirurgicznym leczeniu niedro\u017cno\u015bci i zw\u0119\u017ce\u0144 naczy\u0144, t\u0119tniak\u00f3w, \u017cylak\u00f3w, zakrzep\u00f3w i ich konsekwencji.<\/p>\t\t\t\t\t\t\t\t<\/div>\n\t\t\t\t<\/div>\n\t\t\t\t\t<\/div>\n\t\t<\/div>\n\t\t\t\t\t<\/div>\n\t\t<\/section>\n\t\t\t\t<\/div>","protected":false},"excerpt":{"rendered":"<p>Chirurgia naczyniowa zajmuje si\u0119 zapobieganiem, wykrywaniem oraz niechirurgicznym i chirurgicznym leczeniem chor\u00f3b t\u0119tnic i \u017cy\u0142. Opr\u00f3cz szkolenia chirurgicznego, chirurdzy naczyniowi uko\u0144czyli kilkuletnie dodatkowe szkolenie i s\u0105 specjalistami w chirurgicznym leczeniu niedro\u017cno\u015bci i zw\u0119\u017ce\u0144 naczy\u0144, t\u0119tniak\u00f3w, \u017cylak\u00f3w, zakrzep\u00f3w i ich konsekwencji.<\/p>","protected":false},"author":1,"featured_media":626,"parent":139,"menu_order":0,"comment_status":"closed","ping_status":"closed","template":"","meta":{"inline_featured_image":false,"footnotes":""},"class_list":["post-438","page","type-page","status-publish","has-post-thumbnail","hentry"],"_links":{"self":[{"href":"https:\/\/www.dr-franczak.com\/pl\/wp-json\/wp\/v2\/pages\/438","targetHints":{"allow":["GET"]}}],"collection":[{"href":"https:\/\/www.dr-franczak.com\/pl\/wp-json\/wp\/v2\/pages"}],"about":[{"href":"https:\/\/www.dr-franczak.com\/pl\/wp-json\/wp\/v2\/types\/page"}],"author":[{"embeddable":true,"href":"https:\/\/www.dr-franczak.com\/pl\/wp-json\/wp\/v2\/users\/1"}],"replies":[{"embeddable":true,"href":"https:\/\/www.dr-franczak.com\/pl\/wp-json\/wp\/v2\/comments?post=438"}],"version-history":[{"count":13,"href":"https:\/\/www.dr-franczak.com\/pl\/wp-json\/wp\/v2\/pages\/438\/revisions"}],"predecessor-version":[{"id":2645,"href":"https:\/\/www.dr-franczak.com\/pl\/wp-json\/wp\/v2\/pages\/438\/revisions\/2645"}],"up":[{"embeddable":true,"href":"https:\/\/www.dr-franczak.com\/pl\/wp-json\/wp\/v2\/pages\/139"}],"wp:featuredmedia":[{"embeddable":true,"href":"https:\/\/www.dr-franczak.com\/pl\/wp-json\/wp\/v2\/media\/626"}],"wp:attachment":[{"href":"https:\/\/www.dr-franczak.com\/pl\/wp-json\/wp\/v2\/media?parent=438"}],"curies":[{"name":"wp","href":"https:\/\/api.w.org\/{rel}","templated":true}]}}