{"id":611,"date":"2020-05-22T10:36:25","date_gmt":"2020-05-22T08:36:25","guid":{"rendered":"https:\/\/franczak-wp.webhost2.casc.at\/?page_id=611"},"modified":"2024-04-12T10:32:08","modified_gmt":"2024-04-12T08:32:08","slug":"zwerchfell-bruch-reflux-spezialist-wien","status":"publish","type":"page","link":"https:\/\/www.dr-franczak.com\/pl\/behandlung\/visceralchirurgie\/zwerchfell-bruch-reflux-spezialist-wien\/","title":{"rendered":"Przepuklina przeponowa"},"content":{"rendered":"<div data-elementor-type=\"wp-page\" data-elementor-id=\"611\" class=\"elementor elementor-611\" data-elementor-post-type=\"page\">\n\t\t\t\t\t\t<section class=\"elementor-section elementor-top-section elementor-element elementor-element-657b2a7 elementor-section-boxed elementor-section-height-default elementor-section-height-default\" data-id=\"657b2a7\" data-element_type=\"section\" data-e-type=\"section\">\n\t\t\t\t\t\t<div class=\"elementor-container elementor-column-gap-default\">\n\t\t\t\t\t<div class=\"elementor-column elementor-col-100 elementor-top-column elementor-element elementor-element-3895329f\" data-id=\"3895329f\" data-element_type=\"column\" data-e-type=\"column\">\n\t\t\t<div class=\"elementor-widget-wrap elementor-element-populated\">\n\t\t\t\t\t\t<div class=\"elementor-element elementor-element-5deecadb elementor-widget elementor-widget-text-editor\" data-id=\"5deecadb\" data-element_type=\"widget\" data-e-type=\"widget\" data-widget_type=\"text-editor.default\">\n\t\t\t\t<div class=\"elementor-widget-container\">\n\t\t\t\t\t\t\t\t\t\n<p><strong>Jak si\u0119 objawia choroba refluksowa prze\u0142yku?<\/strong><\/p>\n\n\n\n<p>Choroba refluksowa, znana r\u00f3wnie\u017c pod nazw\u0105 GERD (ang. gastroesophageal reflux disease) jest spowodowana zarzuceniem (refluksem) \u017co\u0142\u0105dkowo-prze\u0142ykowym. W tym schorzeniu dochodzi do nieprawid\u0142owego cofania si\u0119 tre\u015bci \u017co\u0142\u0105dkowej do prze\u0142yku i powodowania w nim odczynu zapalnego. Typowym objawem choroby jest zgaga ,czyli uczucie pieczenia w nadbrzuszu lub za mostkiem (ang. heart burn), pojawiaj\u0105ca si\u0119 szczeg\u00f3lnie po jedzeniu lub w pozycji le\u017c\u0105cej. Refluks mo\u017ce si\u0119 te\u017c objawia\u0107 uczuciem ucisku w nadbrzuszu. Inne objawy to: odbijanie si\u0119 powietrza, cofanie si\u0119 tre\u015bci pokarmowej do gard\u0142a, wzd\u0119cia, dolegliwo\u015bci podczas \u0142ykania pokarm\u00f3w, nudno\u015bci, kwa\u015bny lub s\u0142ony posmak w ustach, uszkodzenie z\u0119b\u00f3w (pr\u00f3chnica), nieprzyjemny zapach z ust. Poza tym refluks mo\u017ce spowodowa\u0107 zaburzenia rytmu serca, kaszel wywo\u0142any dostaniem si\u0119 soku \u017co\u0142\u0105dkowego do oskrzeli, chryp\u0119 spowodowan\u0105 obecno\u015bci\u0105 soku \u017co\u0142\u0105dkowego w krtani. Refluks mo\u017ce by\u0107 tak\u017ce przyczyn\u0105 zaburzenia snu.<\/p>\n\n\n\n<p><strong>Co jest przyczyn\u0105 refluksu prze\u0142ykowego?<\/strong><\/p>\n\n\n\n<p>Po spo\u017cyciu, pokarm dostaje si\u0119 z jamy ustnej do prze\u0142yku (\u0142ac. esophagus) a nast\u0119pnie do \u017co\u0142\u0105dka. W \u017co\u0142\u0105dku dochodzi do rozk\u0142adu pokarmu za pomoc\u0105 soku \u017co\u0142\u0105dkowego, kt\u00f3rego g\u0142\u00f3wnym sk\u0142adnikiem jest kwas solny. Przej\u015bcie mi\u0119dzy prze\u0142ykiem a \u017co\u0142\u0105dkiem nazywa si\u0119 wpustem \u017co\u0142\u0105dka (\u0142ac. cardia). W \u015brodkowej warstwie \u015bciany wpustu znajduje si\u0119 mi\u0119sie\u0144-zwieracz dolny prze\u0142yku zwany LES (ang. low esophageal sphincter), kt\u00f3ry w prawid\u0142owych warunkach zapobiega przedostawaniu si\u0119 soku \u017co\u0142\u0105dkowego i tre\u015bci pokarmowych do prze\u0142yku. Ten zwieracz znajduje si\u0119 na wysoko\u015bci przepony, kt\u00f3ra oddziela narz\u0105dy klatki piersiowej od narz\u0105d\u00f3w jamy brzusznej. Otw\u00f3r w przeponie (\u0142ac. hiatus diaphragmae) jest w stanie prawid\u0142owym tak ma\u0142y, \u017ce \u017co\u0142\u0105dek jest przez przepon\u0119 utrzymywany w jamie brzusznej. W przypadku poszerzenia si\u0119 tego otworu dochodzi do przesuni\u0119cia si\u0119 \u017co\u0142\u0105dka do klatki piersiowej. Sytuacja ta jest schorzeniem, kt\u00f3re nosi nazw\u0119 przepukliny przeponowej (\u0142ac. hernia diaphragmae). Poniewa\u017c w tych warunkach przepona nie wspomaga funkcji zwieracza wpustu, dochodzi w 10% przypadk\u00f3w do choroby refluksowej. Inne czynniki sprzajaj\u0105ce powstawaniu refluksu to: nadwaga, ci\u0105\u017ca, spo\u017cywanie obfitych posi\u0142k\u00f3w o p\u00f3\u017anej porze, picie alkoholu, kawy, napoj\u00f3w gazowanych i kwa\u015bnych.<br>Powr\u00f3t pokarmu do ust mo\u017ce si\u0119 r\u00f3wnie\u017c wydarzy\u0107 w przypadku zaburze\u0144 ruchowych mi\u0119\u015bni prze\u0142yku i braku spadku napi\u0119cia mi\u0119\u015bnia wpustu przy po\u0142ykaniu. Choroba ta zwie si\u0119 achalazj\u0105 prze\u0142yku.<\/p>\n\n\n\n<p><strong>Jak dochodzi do postawienia rozpoznania choroby refluksowej?<\/strong><\/p>\n\n\n\n<p>Pomimo tego, \u017ce typowe objawy pozwalaj\u0105 na wst\u0119pne rozpoznanie choroby, to jednak aby wykluczy\u0107 istnienie innych gro\u017anych chor\u00f3b (jak np. nowotw\u00f3r), nale\u017cy przed rozpocz\u0119ciem leczenia dokona\u0107 wziernikowania \u017co\u0142\u0105dka (gastroskopia). To badanie wykonywane jest ambulatoryjnie i dzi\u0119ki zaaplikowaniu odpowiednich lek\u00f3w jest bezbolesne. Badaniami uzupe\u0142niaj\u0105cymi s\u0105: 24- godzinny pomiar pH w prze\u0142yku, Rtg prze\u0142yku z kontrastem (\u015brodek cieniuj\u0105cy), manometria prze\u0142yku, tomografia komputerowa (TK).<\/p>\n\n\n\n<p><strong>Jakie s\u0105 postacie przepuklin prze\u0142ykowych?<\/strong><\/p>\n\n\n\n<p class=\"translation-block\">Je\u015bli wpust \u0142\u0105cznie z \u017co\u0142\u0105dkiem przemieszcza si\u0119 przez otw\u00f3r przeponowy, mamy do czynienia z przepuklin\u0105 w\u015blizgow\u0105. Jest to najcz\u0119stsza posta\u0107 wyst\u0119puj\u0105ca u 10% do 20% ludno\u015bci. Je\u015bli za\u015b wpust pozostaje w jamie brzusznej ale obok prze\u0142yku przemieszcza si\u0119 \u017co\u0142\u0105dek do klatki piersiowej, to przypadek taki nazywa si\u0119 przepuklin\u0105 oko\u0142oprze\u0142ykow\u0105. W tym stanie mo\u017ce doj\u015b\u0107 do uwi\u0119\u017ani\u0119cia \u017co\u0142\u0105dka z zaburzeniami dro\u017cno\u015bci, powstaniem uwrzodze\u0144 i niedokrwisto\u015bci (anemia). Je\u015bli ca\u0142y \u017co\u0142\u0105dek przemie\u015bci si\u0119 do klatki piersiowej, to stan taki nazywa si\u0119 z angielskiego upside down stomach. S\u0105 r\u00f3wnie\u017c postacie przepuklin mieszane: w\u015blizgowo- oko\u0142oprze\u0142ykowe.<\/p>\n\n\n\n<p><strong>Jakimi powik\u0142aniami grozi choroba refluksowa?<\/strong><\/p>\n\n\n\n<p>W nast\u0119pstwie przewlek\u0142ego zapalenia prze\u0142yku mog\u0105 powsta\u0107 owrzodzenia i zw\u0119\u017cenia prze\u0142yku, rzadziej wyst\u0119puj\u0105 krwawienia z prze\u0142yku lub zapalenie p\u0142uc wywo\u0142ane przedostaniem si\u0119 zawarto\u015bci pokarmowej do tkanki p\u0142ucnej. U oko\u0142o 10 procent pacjent\u00f3w dochodzi do powstania tak zwanego prze\u0142yku Barretta. Jest to stan chorobowy polegaj\u0105cy na zast\u0105pieniu prawid\u0142owego nab\u0142onka wielowarstwowowego p\u0142askiego nab\u0142onkiem walcowatym, kt\u00f3ry wyst\u0119puje w \u017co\u0142\u0105dku i w jelitach. Ten proces zast\u0105pienia jednego rodzaju nab\u0142onka innym nazywa si\u0119 metaplazj\u0105. Prze\u0142yk Barreta jest zmian\u0105 przedrakow\u0105, poniewa\u017c zwi\u0119ksza szans\u0119 wyst\u0105pienia raka prze\u0142yku. To ma miejsce u 10 prozent chorych na prze\u0142yk Barretta.<\/p>\n\n\n\n<p><strong>Kiedy nale\u017cy operowa\u0107?<\/strong><\/p>\n\n\n\n<p class=\"translation-block\">Lekkie objawy mog\u0105 by\u0107 leczone niefarmakologicznie. Polega to na: zmniejszeniu masy cia\u0142a, unikaniu pokarm\u00f3w wywo\u0142uj\u0105cych refluks, uniesieniu wezg\u0142owia \u0142\u00f3\u017cka. W przypadku braku oznak zmniejszenia objaw\u00f3w lub je\u015bli gastroskopia kontrolna nadal wykazuje zmiany na nab\u0142onku, nale\u017cy w\u0142\u0105czy\u0107 leczenie farmakologiczne. Z wyboru stosuje si\u0119 leki z grupy inhibitor\u00f3w pompy protonowej (IPP), kt\u00f3re zmniejszaj\u0105 kwa\u015bno\u015b\u0107 soku \u017co\u0142\u0105dkowego.\nLeczenie operacyjne jest jedynym sposobem leczenia przepukliny oko\u0142oprze\u0142ykowej. W innych zaawansowanych przypadkach choroby takich, jak brak poprawy pomimo leczenia farmakologicznego, jak przedostawanie si\u0119 soku \u017co\u0142\u0105dkowego do p\u0142uc lub w przypadku refluksu, zawieraj\u0105cego \u017c\u00f3\u0142\u0107, r\u00f3wnie\u017c nale\u017cy zastosowa\u0107 leczenie operacyjne. Tylko zabieg operacyjny mo\u017ce przywr\u00f3ci\u0107 prawid\u0142owe warunki anatomiczne, kt\u00f3rych zaburzenie jest przyczyn\u0105 refluksu.\nOperacj\u0119 wykonuje si\u0119 laparoskopowo (ma\u0142o inwazyjnie) poprzez par\u0119 drobnych (5-11mm) naci\u0119\u0107 pow\u0142ok brzusznych. Po przywr\u00f3ceniu prawid\u0142owej pozycji \u017co\u0142\u0105dka nale\u017cy zamkn\u0105\u0107 wrota przepukliny przeponowej (ang. hiatal plasty) oraz proprawi\u0107 funkcj\u0119 zwieracza dolnego prze\u0142yku (funduplikacja). Podczas funduplikacji sposobem Nissena owija si\u0119 dolny odcinek prze\u0142yku i wpustu uruchomionym dnem \u017co\u0142\u0105dka. Dodatkowo mo\u017cna zabezpieczy\u0107 \u017co\u0142\u0105dek przed przesuni\u0119ciem poprzez przyszycie go do przepony (gastropeksja). Zabieg trwa oko\u0142o godziny. W dniu zabiegu pacjent mo\u017ce ju\u017c pi\u0107, a w nast\u0119pnym dniu mo\u017ce rozpocz\u0105\u0107 stopniowe przyjmowanie pokarm\u00f3w sta\u0142ych. Pobyt w szpitalu trwa od 3 do 4 dni.<\/p>\n\t\t\t\t\t\t\t\t<\/div>\n\t\t\t\t<\/div>\n\t\t\t\t<div class=\"elementor-element elementor-element-979ce55 dce_masking-none elementor-widget elementor-widget-image\" data-id=\"979ce55\" data-element_type=\"widget\" data-e-type=\"widget\" data-widget_type=\"image.default\">\n\t\t\t\t<div class=\"elementor-widget-container\">\n\t\t\t\t\t\t\t\t\t\t\t\t<figure class=\"wp-caption\">\n\t\t\t\t\t\t\t\t\t\t<img fetchpriority=\"high\" decoding=\"async\" width=\"800\" height=\"566\" src=\"https:\/\/www.dr-franczak.com\/wp-content\/uploads\/2020\/06\/seite119-1024x724.jpg\" class=\"attachment-large size-large wp-image-683\" alt=\"Seite119 - Sakral Dermoid\" srcset=\"https:\/\/www.dr-franczak.com\/wp-content\/uploads\/2020\/06\/seite119-1024x724.jpg 1024w, https:\/\/www.dr-franczak.com\/wp-content\/uploads\/2020\/06\/seite119-300x212.jpg 300w, https:\/\/www.dr-franczak.com\/wp-content\/uploads\/2020\/06\/seite119-768x543.jpg 768w, https:\/\/www.dr-franczak.com\/wp-content\/uploads\/2020\/06\/seite119-1536x1086.jpg 1536w, https:\/\/www.dr-franczak.com\/wp-content\/uploads\/2020\/06\/seite119.jpg 1600w\" sizes=\"(max-width: 800px) 100vw, 800px\" \/>\t\t\t\t\t\t\t\t\t\t\t<figcaption class=\"widget-image-caption wp-caption-text\">W listopadzie 2012 roku Niemieckie Towarzystwo Leczenia Przepuklin przyzna\u0142o nam znak jako\u015bci<\/figcaption>\n\t\t\t\t\t\t\t\t\t\t<\/figure>\n\t\t\t\t\t\t\t\t\t<\/div>\n\t\t\t\t<\/div>\n\t\t\t\t<div class=\"elementor-element elementor-element-98db069 dce_masking-none elementor-widget elementor-widget-image\" data-id=\"98db069\" data-element_type=\"widget\" data-e-type=\"widget\" data-widget_type=\"image.default\">\n\t\t\t\t<div class=\"elementor-widget-container\">\n\t\t\t\t\t\t\t\t\t\t\t\t\t\t\t<img decoding=\"async\" width=\"212\" height=\"300\" src=\"https:\/\/www.dr-franczak.com\/wp-content\/uploads\/2020\/05\/DHG-Siegel-212x300.png\" class=\"attachment-medium size-medium wp-image-124\" alt=\"DHG Siegel - Profil\" srcset=\"https:\/\/www.dr-franczak.com\/wp-content\/uploads\/2020\/05\/DHG-Siegel-212x300.png 212w, https:\/\/www.dr-franczak.com\/wp-content\/uploads\/2020\/05\/DHG-Siegel-723x1024.png 723w, https:\/\/www.dr-franczak.com\/wp-content\/uploads\/2020\/05\/DHG-Siegel-768x1087.png 768w, https:\/\/www.dr-franczak.com\/wp-content\/uploads\/2020\/05\/DHG-Siegel-1085x1536.png 1085w, https:\/\/www.dr-franczak.com\/wp-content\/uploads\/2020\/05\/DHG-Siegel-1447x2048.png 1447w\" sizes=\"(max-width: 212px) 100vw, 212px\" \/>\t\t\t\t\t\t\t\t\t\t\t\t\t\t\t<\/div>\n\t\t\t\t<\/div>\n\t\t\t\t<div data-dce-title-color=\"#777777\" class=\"elementor-element elementor-element-181d407 elementor-widget elementor-widget-heading\" data-id=\"181d407\" data-element_type=\"widget\" data-e-type=\"widget\" data-widget_type=\"heading.default\">\n\t\t\t\t<div class=\"elementor-widget-container\">\n\t\t\t\t\t<h2 class=\"elementor-heading-title elementor-size-default\">Artyku\u0142y prasowe<\/h2>\t\t\t\t<\/div>\n\t\t\t\t<\/div>\n\t\t\t\t<div class=\"elementor-element elementor-element-0c677b0 dce_masking-none elementor-widget elementor-widget-image\" data-id=\"0c677b0\" data-element_type=\"widget\" data-e-type=\"widget\" data-widget_type=\"image.default\">\n\t\t\t\t<div class=\"elementor-widget-container\">\n\t\t\t\t\t\t\t\t\t\t\t\t<figure class=\"wp-caption\">\n\t\t\t\t\t\t\t\t\t\t\t<a href=\"#elementor-action%3Aaction%3Dlightbox%26settings%3DeyJ1cmwiOiJodHRwczpcL1wvd3d3LmRyLWZyYW5jemFrLmNvbVwvd3AtY29udGVudFwvdXBsb2Fkc1wvMjAyMVwvMDFcL0NhcHR1cmUxLnBuZyIsInR5cGUiOiJpbWFnZSIsInRpdGxlIjoiQ2FwdHVyZTEifQ%3D%3D\">\n\t\t\t\t\t\t\t<img decoding=\"async\" width=\"168\" height=\"161\" src=\"https:\/\/www.dr-franczak.com\/wp-content\/uploads\/2021\/01\/Capture-1.png\" class=\"attachment-medium_large size-medium_large wp-image-1411\" alt=\"Zwerchfellbruch, Chirurgie Wien\" srcset=\"https:\/\/www.dr-franczak.com\/wp-content\/uploads\/2021\/01\/Capture-1.png 168w, https:\/\/www.dr-franczak.com\/wp-content\/uploads\/2021\/01\/Capture-1-13x12.png 13w\" sizes=\"(max-width: 168px) 100vw, 168px\" \/>\t\t\t\t\t\t\t\t<\/a>\n\t\t\t\t\t\t\t\t\t\t\t<figcaption class=\"widget-image-caption wp-caption-text\">(Kliknij zdj\u0119cie, aby pobra\u0107 artyku\u0142)<\/figcaption>\n\t\t\t\t\t\t\t\t\t\t<\/figure>\n\t\t\t\t\t\t\t\t\t<\/div>\n\t\t\t\t<\/div>\n\t\t\t\t<div class=\"elementor-element elementor-element-335764e dce_masking-none elementor-widget elementor-widget-image\" data-id=\"335764e\" data-element_type=\"widget\" data-e-type=\"widget\" data-widget_type=\"image.default\">\n\t\t\t\t<div class=\"elementor-widget-container\">\n\t\t\t\t\t\t\t\t\t\t\t\t<figure class=\"wp-caption\">\n\t\t\t\t\t\t\t\t\t\t\t<a href=\"#elementor-action%3Aaction%3Dlightbox%26settings%3DeyJ1cmwiOiJodHRwczpcL1wvd3d3LmRyLWZyYW5jemFrLmNvbVwvd3AtY29udGVudFwvdXBsb2Fkc1wvMjAyMVwvMDVcL3p3ZXJjaGZlbGxicnVjaC5wbmciLCJ0eXBlIjoiaW1hZ2UiLCJ0aXRsZSI6Inp3ZXJjaGZlbGxicnVjaCJ9\">\n\t\t\t\t\t\t\t<img loading=\"lazy\" decoding=\"async\" width=\"768\" height=\"428\" src=\"https:\/\/www.dr-franczak.com\/wp-content\/uploads\/2021\/05\/zwerchfellbruch-768x428.png\" class=\"attachment-medium_large size-medium_large wp-image-1516\" alt=\"Zwerchfellbruch, Chirurgie Wien\" srcset=\"https:\/\/www.dr-franczak.com\/wp-content\/uploads\/2021\/05\/zwerchfellbruch-768x428.png 768w, https:\/\/www.dr-franczak.com\/wp-content\/uploads\/2021\/05\/zwerchfellbruch-300x167.png 300w, https:\/\/www.dr-franczak.com\/wp-content\/uploads\/2021\/05\/zwerchfellbruch-16x9.png 16w, https:\/\/www.dr-franczak.com\/wp-content\/uploads\/2021\/05\/zwerchfellbruch.png 945w\" sizes=\"(max-width: 768px) 100vw, 768px\" \/>\t\t\t\t\t\t\t\t<\/a>\n\t\t\t\t\t\t\t\t\t\t\t<figcaption class=\"widget-image-caption wp-caption-text\">(Kliknij zdj\u0119cie, aby pobra\u0107 artyku\u0142)<\/figcaption>\n\t\t\t\t\t\t\t\t\t\t<\/figure>\n\t\t\t\t\t\t\t\t\t<\/div>\n\t\t\t\t<\/div>\n\t\t\t\t<div class=\"elementor-element elementor-element-e455302 dce_masking-none elementor-widget elementor-widget-image\" data-id=\"e455302\" data-element_type=\"widget\" data-e-type=\"widget\" data-widget_type=\"image.default\">\n\t\t\t\t<div class=\"elementor-widget-container\">\n\t\t\t\t\t\t\t\t\t\t\t\t\t\t\t<img loading=\"lazy\" decoding=\"async\" width=\"258\" height=\"1024\" src=\"https:\/\/www.dr-franczak.com\/wp-content\/uploads\/2022\/05\/Reflux-GaWo-0522-258x1024.jpg\" class=\"attachment-large size-large wp-image-2009\" alt=\"Reflux GaWo 0522 - Reflux \u2013 Speiser\u00f6hrenentz\u00fcndung\" srcset=\"https:\/\/www.dr-franczak.com\/wp-content\/uploads\/2022\/05\/Reflux-GaWo-0522-258x1024.jpg 258w, https:\/\/www.dr-franczak.com\/wp-content\/uploads\/2022\/05\/Reflux-GaWo-0522-768x3051.jpg 768w, https:\/\/www.dr-franczak.com\/wp-content\/uploads\/2022\/05\/Reflux-GaWo-0522-387x1536.jpg 387w, https:\/\/www.dr-franczak.com\/wp-content\/uploads\/2022\/05\/Reflux-GaWo-0522-516x2048.jpg 516w, https:\/\/www.dr-franczak.com\/wp-content\/uploads\/2022\/05\/Reflux-GaWo-0522-3x12.jpg 3w\" sizes=\"(max-width: 258px) 100vw, 258px\" \/>\t\t\t\t\t\t\t\t\t\t\t\t\t\t\t<\/div>\n\t\t\t\t<\/div>\n\t\t\t\t\t<\/div>\n\t\t<\/div>\n\t\t\t\t\t<\/div>\n\t\t<\/section>\n\t\t\t\t<\/div>","protected":false},"excerpt":{"rendered":"<p>Wie \u00e4u\u00dfert sich eine Reflux-\u00d6sophagitis? Reflux\u00f6sophagitis, genannt auch Refluxkrankheit oder gastro\u00f6sophagealer Reflux (auf englisch GERD: gastroesophageal reflux disease) bezeichnet eine Entz\u00fcndung der Speisenr\u00f6hre verursacht durch den R\u00fcckfluss des Mageninhaltes in die Speisenr\u00f6hre. Ein typisches Zeichen ist das Sodbrennen- damit sind brennende Schmerzen hinter dem Brustbein (eng. heart-burn) oder im Oberbauch, insbesondere beim Liegen oder nach [&hellip;]<\/p>\n","protected":false},"author":2,"featured_media":681,"parent":181,"menu_order":0,"comment_status":"closed","ping_status":"closed","template":"","meta":{"inline_featured_image":false,"footnotes":""},"class_list":["post-611","page","type-page","status-publish","has-post-thumbnail","hentry"],"_links":{"self":[{"href":"https:\/\/www.dr-franczak.com\/pl\/wp-json\/wp\/v2\/pages\/611","targetHints":{"allow":["GET"]}}],"collection":[{"href":"https:\/\/www.dr-franczak.com\/pl\/wp-json\/wp\/v2\/pages"}],"about":[{"href":"https:\/\/www.dr-franczak.com\/pl\/wp-json\/wp\/v2\/types\/page"}],"author":[{"embeddable":true,"href":"https:\/\/www.dr-franczak.com\/pl\/wp-json\/wp\/v2\/users\/2"}],"replies":[{"embeddable":true,"href":"https:\/\/www.dr-franczak.com\/pl\/wp-json\/wp\/v2\/comments?post=611"}],"version-history":[{"count":23,"href":"https:\/\/www.dr-franczak.com\/pl\/wp-json\/wp\/v2\/pages\/611\/revisions"}],"predecessor-version":[{"id":2420,"href":"https:\/\/www.dr-franczak.com\/pl\/wp-json\/wp\/v2\/pages\/611\/revisions\/2420"}],"up":[{"embeddable":true,"href":"https:\/\/www.dr-franczak.com\/pl\/wp-json\/wp\/v2\/pages\/181"}],"wp:featuredmedia":[{"embeddable":true,"href":"https:\/\/www.dr-franczak.com\/pl\/wp-json\/wp\/v2\/media\/681"}],"wp:attachment":[{"href":"https:\/\/www.dr-franczak.com\/pl\/wp-json\/wp\/v2\/media?parent=611"}],"curies":[{"name":"wp","href":"https:\/\/api.w.org\/{rel}","templated":true}]}}